{"id":6556,"date":"2025-11-12T10:36:09","date_gmt":"2025-11-12T10:36:09","guid":{"rendered":"https:\/\/maikrahv.ee\/?page_id=6556"},"modified":"2025-11-06T14:04:55","modified_gmt":"2025-11-06T14:04:55","slug":"joulumenuu-tallinnas-restoranis-maikrahv","status":"publish","type":"page","link":"https:\/\/maikrahv.ee\/fi\/menu\/joulumenuu-tallinnas-restoranis-maikrahv\/","title":{"rendered":"J\u00f5ulumen\u00fc\u00fc Tallinnas, restoranis Maikrahv"},"content":{"rendered":"\t\t<div data-elementor-type=\"wp-page\" data-elementor-id=\"6556\" class=\"elementor elementor-6556 elementor-5713\">\n\t\t\t\t\t\t<section class=\"elementor-section elementor-top-section elementor-element elementor-element-6e87ebe9 elementor-section-boxed elementor-section-height-default elementor-section-height-default\" data-id=\"6e87ebe9\" data-element_type=\"section\" data-e-type=\"section\" data-settings=\"{&quot;background_background&quot;:&quot;classic&quot;}\">\n\t\t\t\t\t\t<div class=\"elementor-container elementor-column-gap-default\">\n\t\t\t\t\t<div class=\"elementor-column elementor-col-100 elementor-top-column elementor-element elementor-element-2c27ebeb\" data-id=\"2c27ebeb\" data-element_type=\"column\" data-e-type=\"column\">\n\t\t\t<div class=\"elementor-widget-wrap elementor-element-populated\">\n\t\t\t\t\t\t<div class=\"elementor-element elementor-element-4782ff74 elementor-widget elementor-widget-text-editor\" data-id=\"4782ff74\" data-element_type=\"widget\" data-e-type=\"widget\" data-widget_type=\"text-editor.default\">\n\t\t\t\t<div class=\"elementor-widget-container\">\n\t\t\t\t\t\t\t\t\t<h1 style=\"text-align: center;\">Maikrahvi-ravintolan joulumenu<\/h1><p style=\"text-align: center;\">Toivotamme l\u00e4mpim\u00e4sti kaikki valtuutetut ja kansainv\u00e4liset vieraat nauttimaan juhlavista aterioista t\u00e4n\u00e4 jouluna!<\/p><p style=\"text-align: center;\">Juhlallinen illallinen perinteisill\u00e4 herkuilla ja erinomaisella vieraanvaraisuudella odottaa sinua \u2013 kaikki on j\u00e4rjestetty niin, ett\u00e4 Maikrahvin arvoisat vieraat voivat nauttia todella unohtumattomasta illasta.<\/p><p style=\"text-align: center;\">Sijaitsemme aivan historiallisen Raatihuoneentorin vieress\u00e4! Joka lauantai klo 20.15 j\u00e4nnitt\u00e4v\u00e4t miekkailuesitykset her\u00e4tt\u00e4v\u00e4t keskiaikaisen Tallinnan eloon saleissamme!<\/p><p style=\"text-align: center;\"><strong>Tutustu joulumenuumme ja varaa juhlava illallinen jo t\u00e4n\u00e4\u00e4n.<\/strong><\/p><p style=\"text-align: center;\"><span style=\"text-decoration: underline;\"><strong><a href=\"https:\/\/maikrahv.ee\/fi\/yhteystiedot\/\">Ota yhteytt\u00e4!<\/a><\/strong><\/span><\/p>\t\t\t\t\t\t\t\t<\/div>\n\t\t\t\t<\/div>\n\t\t\t\t\t<\/div>\n\t\t<\/div>\n\t\t\t\t\t<\/div>\n\t\t<\/section>\n\t\t\t\t<section class=\"elementor-section elementor-top-section elementor-element elementor-element-2564536 elementor-section-boxed elementor-section-height-default elementor-section-height-default\" data-id=\"2564536\" data-element_type=\"section\" data-e-type=\"section\" data-settings=\"{&quot;background_background&quot;:&quot;classic&quot;}\">\n\t\t\t\t\t\t<div class=\"elementor-container elementor-column-gap-default\">\n\t\t\t\t\t<div class=\"elementor-column elementor-col-100 elementor-top-column elementor-element elementor-element-8383587\" data-id=\"8383587\" data-element_type=\"column\" data-e-type=\"column\">\n\t\t\t<div class=\"elementor-widget-wrap elementor-element-populated\">\n\t\t\t\t\t\t<div class=\"elementor-element elementor-element-43cd64a elementor-widget elementor-widget-text-editor\" data-id=\"43cd64a\" data-element_type=\"widget\" data-e-type=\"widget\" data-widget_type=\"text-editor.default\">\n\t\t\t\t<div class=\"elementor-widget-container\">\n\t\t\t\t\t\t\t\t\t<h2 class=\"p1\" style=\"text-align: center;\"><b>Joulupitop\u00f6yt\u00e4 1<\/b><\/h2><p class=\"p1\" style=\"text-align: center;\">Hinta 72.00\u20ac<\/p>\t\t\t\t\t\t\t\t<\/div>\n\t\t\t\t<\/div>\n\t\t\t\t\t<\/div>\n\t\t<\/div>\n\t\t\t\t\t<\/div>\n\t\t<\/section>\n\t\t\t\t<section class=\"elementor-section elementor-top-section elementor-element elementor-element-ad6ff28 elementor-section-boxed elementor-section-height-default elementor-section-height-default\" data-id=\"ad6ff28\" data-element_type=\"section\" data-e-type=\"section\">\n\t\t\t\t\t\t<div class=\"elementor-container elementor-column-gap-default\">\n\t\t\t\t\t<div class=\"elementor-column elementor-col-100 elementor-top-column elementor-element elementor-element-af7da68\" data-id=\"af7da68\" data-element_type=\"column\" data-e-type=\"column\">\n\t\t\t<div class=\"elementor-widget-wrap elementor-element-populated\">\n\t\t\t\t\t\t<div class=\"elementor-element elementor-element-1a7b7f7 elementor-widget elementor-widget-text-editor\" data-id=\"1a7b7f7\" data-element_type=\"widget\" data-e-type=\"widget\" data-widget_type=\"text-editor.default\">\n\t\t\t\t<div class=\"elementor-widget-container\">\n\t\t\t\t\t\t\t\t\t<p style=\"text-align: center;\">\u2756 Tervetuliaismaljaksi l\u00e4mmin gl\u00f6gi<\/p><h3 style=\"text-align: center;\">Alkuruoat:<\/h3><p style=\"text-align: center;\">\u2756 Paikallisten kalastajien pyyt\u00e4m\u00e4 silakka- ja silli\u00ad valikoima<\/p><p style=\"text-align: center;\">\u2756 Naudanmaksa\u00ad patee ja perinteinen rahkajuusto karamellisoidulla sipulilla<\/p><p style=\"text-align: center;\">\u2756 Maikrahvin erikoisreseptill\u00e4 valmistettu Caesar-salaatti savustetulla ankanrinnalla<\/p><p style=\"text-align: center;\">\u2756 Lihahyytel\u00f6 piparjuurivaahdon kera<\/p><p style=\"text-align: center;\">\u2756 Tuoreet tomaatit, kurkut, oliivit ja helmipunasipulit<\/p><h3 style=\"text-align: center;\">P\u00e4\u00e4ruoat:<\/h3><p style=\"text-align: center;\">\u2756 Maikrahvin joulupur\u00e9keitto kurpitsasta<\/p><p style=\"text-align: center;\">\u2756 Porsaanpaisti sinappi-kermakastikkeessa<\/p><p style=\"text-align: center;\">\u2756 Kalakauppiaan punainen kala sitruuna-kermakastikkeella<\/p><p style=\"text-align: center;\">\u2756 Verimakkarat pekonik\u00e4\u00e4reess\u00e4 puolukkahillon kera<\/p><p style=\"text-align: center;\">\u2756 Yrtti-uunikartulit<\/p><p style=\"text-align: center;\">\u2756 Raadinherralle valmistettu riisi<\/p><p style=\"text-align: center;\">\u2756 Perinteinen virolainen hapankaali<\/p><p style=\"text-align: center;\">\u2756 Vihannespatakastike<\/p><h3 style=\"text-align: center;\">J\u00e4lkiruoat:<\/h3><p style=\"text-align: center;\">\u2756 Maikrahvin joulukakku puolukkakastikkeella ja kanelikermavaahdolla<\/p><p style=\"text-align: center;\">\u2756 4 cl talon Aldermanin snapsia<\/p>\t\t\t\t\t\t\t\t<\/div>\n\t\t\t\t<\/div>\n\t\t\t\t\t<\/div>\n\t\t<\/div>\n\t\t\t\t\t<\/div>\n\t\t<\/section>\n\t\t\t\t<section class=\"elementor-section elementor-top-section elementor-element elementor-element-c5b5f88 elementor-section-boxed elementor-section-height-default elementor-section-height-default\" data-id=\"c5b5f88\" data-element_type=\"section\" data-e-type=\"section\" data-settings=\"{&quot;background_background&quot;:&quot;classic&quot;}\">\n\t\t\t\t\t\t<div class=\"elementor-container elementor-column-gap-default\">\n\t\t\t\t\t<div class=\"elementor-column elementor-col-100 elementor-top-column elementor-element elementor-element-464584d\" data-id=\"464584d\" data-element_type=\"column\" data-e-type=\"column\">\n\t\t\t<div class=\"elementor-widget-wrap elementor-element-populated\">\n\t\t\t\t\t\t<div class=\"elementor-element elementor-element-fdd7d8f elementor-widget elementor-widget-text-editor\" data-id=\"fdd7d8f\" data-element_type=\"widget\" data-e-type=\"widget\" data-widget_type=\"text-editor.default\">\n\t\t\t\t<div class=\"elementor-widget-container\">\n\t\t\t\t\t\t\t\t\t<h2 class=\"p1\" style=\"text-align: center;\"><b>Joulupitop\u00f6yt\u00e4 2<\/b><\/h2><p class=\"p1\" style=\"text-align: center;\">Hinta 56.00\u20ac<\/p>\t\t\t\t\t\t\t\t<\/div>\n\t\t\t\t<\/div>\n\t\t\t\t\t<\/div>\n\t\t<\/div>\n\t\t\t\t\t<\/div>\n\t\t<\/section>\n\t\t\t\t<section class=\"elementor-section elementor-top-section elementor-element elementor-element-1fb18f2 elementor-section-boxed elementor-section-height-default elementor-section-height-default\" data-id=\"1fb18f2\" data-element_type=\"section\" data-e-type=\"section\">\n\t\t\t\t\t\t<div class=\"elementor-container elementor-column-gap-default\">\n\t\t\t\t\t<div class=\"elementor-column elementor-col-100 elementor-top-column elementor-element elementor-element-21b9adf\" data-id=\"21b9adf\" data-element_type=\"column\" data-e-type=\"column\">\n\t\t\t<div class=\"elementor-widget-wrap elementor-element-populated\">\n\t\t\t\t\t\t<div class=\"elementor-element elementor-element-e0bc85b elementor-widget elementor-widget-text-editor\" data-id=\"e0bc85b\" data-element_type=\"widget\" data-e-type=\"widget\" data-widget_type=\"text-editor.default\">\n\t\t\t\t<div class=\"elementor-widget-container\">\n\t\t\t\t\t\t\t\t\t<h3 style=\"text-align: center;\">Alkuruoat:<\/h3>\n<p style=\"text-align: center;\">\u2756 Paikallisten kalastajien pyyt\u00e4m\u00e4 silakka- ja sillivalikoima<\/p>\n<p style=\"text-align: center;\">\u2756 Maikrahvin erikoisreseptill\u00e4 valmistettu Caesar-salaatti savustetulla ankanrinnalla<\/p>\n<p style=\"text-align: center;\">\u2756 Lihahyytel\u00f6 piparjuurivaahdon kera<\/p>\n<p style=\"text-align: center;\">\u2756 Tuoreet tomaatit, kurkut, oliivit ja helmipunasipulit<\/p>\n<h3 style=\"text-align: center;\">P\u00e4\u00e4ruoat:<\/h3>\n<p style=\"text-align: center;\">\u2756 Porsaanpaisti sinappi-kermakastikkeessa<\/p>\n<p style=\"text-align: center;\">\u2756 Verimakkarat pekonik\u00e4\u00e4reess\u00e4 puolukkahillon kera<\/p>\n<p style=\"text-align: center;\">\u2756 Grillattu kana punaviinikastikkeella<\/p>\n<p style=\"text-align: center;\">\u2756 Yrtti-uuniperunat<\/p>\n<p style=\"text-align: center;\">\u2756 Perinteinen virolainen hapankaali<\/p>\n<p style=\"text-align: center;\">\u2756 Vihannespatakastike<\/p>\n<h3 style=\"text-align: center;\">J\u00e4lkiruoat:<\/h3>\n<p style=\"text-align: center;\">\u2756 Maikrahvin joulukakku puolukkakastikkeella ja kanelikermavaahdolla<\/p>\n<p style=\"text-align: center;\">\u2756 4 cl talon Aldermanin snapsia<\/p>\t\t\t\t\t\t\t\t<\/div>\n\t\t\t\t<\/div>\n\t\t\t\t\t<\/div>\n\t\t<\/div>\n\t\t\t\t\t<\/div>\n\t\t<\/section>\n\t\t\t\t<section class=\"elementor-section elementor-top-section elementor-element elementor-element-080e55d elementor-section-boxed elementor-section-height-default elementor-section-height-default\" data-id=\"080e55d\" data-element_type=\"section\" data-e-type=\"section\" data-settings=\"{&quot;background_background&quot;:&quot;classic&quot;}\">\n\t\t\t\t\t\t<div class=\"elementor-container elementor-column-gap-default\">\n\t\t\t\t\t<div class=\"elementor-column elementor-col-100 elementor-top-column elementor-element elementor-element-391d28f\" data-id=\"391d28f\" data-element_type=\"column\" data-e-type=\"column\">\n\t\t\t<div class=\"elementor-widget-wrap elementor-element-populated\">\n\t\t\t\t\t\t<div class=\"elementor-element elementor-element-71db408 elementor-widget elementor-widget-text-editor\" data-id=\"71db408\" data-element_type=\"widget\" data-e-type=\"widget\" data-widget_type=\"text-editor.default\">\n\t\t\t\t<div class=\"elementor-widget-container\">\n\t\t\t\t\t\t\t\t\t<h2 class=\"p1\" style=\"text-align: center;\"><b>Kolmen ruokalajin menu 1<\/b><\/h2><p style=\"text-align: center;\">Hinta 54.00\u20ac<\/p>\t\t\t\t\t\t\t\t<\/div>\n\t\t\t\t<\/div>\n\t\t\t\t\t<\/div>\n\t\t<\/div>\n\t\t\t\t\t<\/div>\n\t\t<\/section>\n\t\t\t\t<section class=\"elementor-section elementor-top-section elementor-element elementor-element-4248cd0 elementor-section-boxed elementor-section-height-default elementor-section-height-default\" data-id=\"4248cd0\" data-element_type=\"section\" data-e-type=\"section\">\n\t\t\t\t\t\t<div class=\"elementor-container elementor-column-gap-default\">\n\t\t\t\t\t<div class=\"elementor-column elementor-col-100 elementor-top-column elementor-element elementor-element-f3a7785\" data-id=\"f3a7785\" data-element_type=\"column\" data-e-type=\"column\">\n\t\t\t<div class=\"elementor-widget-wrap elementor-element-populated\">\n\t\t\t\t\t\t<div class=\"elementor-element elementor-element-722445c elementor-widget elementor-widget-text-editor\" data-id=\"722445c\" data-element_type=\"widget\" data-e-type=\"widget\" data-widget_type=\"text-editor.default\">\n\t\t\t\t<div class=\"elementor-widget-container\">\n\t\t\t\t\t\t\t\t\t<h3 style=\"text-align: center;\">Alkuruoat:<\/h3><p style=\"text-align: center;\">\u2756 Suolasiika sitruunavinegretin kanssa (G)<\/p><p style=\"text-align: center;\"><strong>TAI<\/strong><\/p><p style=\"text-align: center;\">\u2756 Luomunaudan tartar piparjuuri-aiolin ja rapean leiv\u00e4n kera<\/p><h3 style=\"text-align: center;\">P\u00e4\u00e4ruoat:<\/h3><p style=\"text-align: center;\">\u2756 Naudan sis\u00e4filee punaviini-pippurikastikkeella, perunagratiinilla ja vihanneksilla (L)<\/p><p style=\"text-align: center;\"><strong>TAI<\/strong><\/p><p style=\"text-align: center;\">\u2756 Grillattu lohi varhaisperunoiden, miniporkkanoiden, sokeriherneiden, kirjolohen m\u00e4din ja maustevoin kanssa (L)<\/p><h3 style=\"text-align: center;\">J\u00e4lkiruoka:<\/h3><p style=\"text-align: center;\">\u2756 Cr\u00e8me br\u00fbl\u00e9e kanelisiirapissa haudutetun p\u00e4\u00e4ryn\u00e4n kanssa (L)<\/p>\t\t\t\t\t\t\t\t<\/div>\n\t\t\t\t<\/div>\n\t\t\t\t\t<\/div>\n\t\t<\/div>\n\t\t\t\t\t<\/div>\n\t\t<\/section>\n\t\t\t\t<section class=\"elementor-section elementor-top-section elementor-element elementor-element-9287a6c elementor-section-boxed elementor-section-height-default elementor-section-height-default\" data-id=\"9287a6c\" data-element_type=\"section\" data-e-type=\"section\" data-settings=\"{&quot;background_background&quot;:&quot;classic&quot;}\">\n\t\t\t\t\t\t<div class=\"elementor-container elementor-column-gap-default\">\n\t\t\t\t\t<div class=\"elementor-column elementor-col-100 elementor-top-column elementor-element elementor-element-b9a8ccb\" data-id=\"b9a8ccb\" data-element_type=\"column\" data-e-type=\"column\">\n\t\t\t<div class=\"elementor-widget-wrap elementor-element-populated\">\n\t\t\t\t\t\t<div class=\"elementor-element elementor-element-921f917 elementor-widget elementor-widget-text-editor\" data-id=\"921f917\" data-element_type=\"widget\" data-e-type=\"widget\" data-widget_type=\"text-editor.default\">\n\t\t\t\t<div class=\"elementor-widget-container\">\n\t\t\t\t\t\t\t\t\t<h2 class=\"p1\" style=\"text-align: center;\"><b>Kolmen ruokalajin menu 2<\/b><\/h2><p class=\"p2\" style=\"text-align: center;\">Hinta 39.00\u20ac<\/p>\t\t\t\t\t\t\t\t<\/div>\n\t\t\t\t<\/div>\n\t\t\t\t\t<\/div>\n\t\t<\/div>\n\t\t\t\t\t<\/div>\n\t\t<\/section>\n\t\t\t\t<section class=\"elementor-section elementor-top-section elementor-element elementor-element-1a6b0c0 elementor-section-boxed elementor-section-height-default elementor-section-height-default\" data-id=\"1a6b0c0\" data-element_type=\"section\" data-e-type=\"section\">\n\t\t\t\t\t\t<div class=\"elementor-container elementor-column-gap-default\">\n\t\t\t\t\t<div class=\"elementor-column elementor-col-100 elementor-top-column elementor-element elementor-element-660757f\" data-id=\"660757f\" data-element_type=\"column\" data-e-type=\"column\">\n\t\t\t<div class=\"elementor-widget-wrap elementor-element-populated\">\n\t\t\t\t\t\t<div class=\"elementor-element elementor-element-4cd7232 elementor-widget elementor-widget-text-editor\" data-id=\"4cd7232\" data-element_type=\"widget\" data-e-type=\"widget\" data-widget_type=\"text-editor.default\">\n\t\t\t\t<div class=\"elementor-widget-container\">\n\t\t\t\t\t\t\t\t\t<h3 style=\"text-align: center;\">Alkuruoka:<\/h3><p style=\"text-align: center;\">\u2756 Maikrahvin jouluohjeella valmistettu kurpitsapyreesoppa<\/p><h3 style=\"text-align: center;\">P\u00e4\u00e4ruoat:<\/h3><p style=\"text-align: center;\">\u2756 Pekoniin kiedotut verimakkarat puolukkahillon kera<\/p><p style=\"text-align: center;\"><strong>TAI<\/strong><\/p><p style=\"text-align: center;\">\u2756 Porsaanpaisti yrttiperunoiden, sinappi-kermakastikkeen ja hapankaalin kanssa<\/p><h3 style=\"text-align: center;\">J\u00e4lkiruoka:<\/h3><p style=\"text-align: center;\">\u2756 Joulukakku puolukkakastikkeella ja kanelikermavaahdolla<\/p>\t\t\t\t\t\t\t\t<\/div>\n\t\t\t\t<\/div>\n\t\t\t\t\t<\/div>\n\t\t<\/div>\n\t\t\t\t\t<\/div>\n\t\t<\/section>\n\t\t\t\t<section class=\"elementor-section elementor-top-section elementor-element elementor-element-9b2b3d6 elementor-section-boxed elementor-section-height-default elementor-section-height-default\" data-id=\"9b2b3d6\" data-element_type=\"section\" data-e-type=\"section\">\n\t\t\t\t\t\t<div class=\"elementor-container elementor-column-gap-default\">\n\t\t\t\t\t<div class=\"elementor-column elementor-col-100 elementor-top-column elementor-element elementor-element-a558832\" data-id=\"a558832\" data-element_type=\"column\" data-e-type=\"column\">\n\t\t\t<div class=\"elementor-widget-wrap elementor-element-populated\">\n\t\t\t\t\t\t<div class=\"elementor-element elementor-element-bfdb34e elementor-widget elementor-widget-text-editor\" data-id=\"bfdb34e\" data-element_type=\"widget\" data-e-type=\"widget\" data-widget_type=\"text-editor.default\">\n\t\t\t\t<div class=\"elementor-widget-container\">\n\t\t\t\t\t\t\t\t\t<p style=\"text-align: center;\"><strong>Ota yhteytt\u00e4 varataksesi joulujuhlan ajankohdan jo nyt.<\/strong><\/p>\t\t\t\t\t\t\t\t<\/div>\n\t\t\t\t<\/div>\n\t\t\t\t\t<\/div>\n\t\t<\/div>\n\t\t\t\t\t<\/div>\n\t\t<\/section>\n\t\t\t\t<section class=\"elementor-section elementor-top-section elementor-element elementor-element-5c39dfbb elementor-section-boxed elementor-section-height-default elementor-section-height-default\" data-id=\"5c39dfbb\" data-element_type=\"section\" data-e-type=\"section\">\n\t\t\t\t\t\t<div class=\"elementor-container elementor-column-gap-default\">\n\t\t\t\t\t<div class=\"elementor-column elementor-col-100 elementor-top-column elementor-element elementor-element-e78f5ad\" data-id=\"e78f5ad\" data-element_type=\"column\" data-e-type=\"column\">\n\t\t\t<div class=\"elementor-widget-wrap elementor-element-populated\">\n\t\t\t\t\t\t<div class=\"elementor-element elementor-element-1152d3ea elementor-widget elementor-widget-text-editor\" data-id=\"1152d3ea\" data-element_type=\"widget\" data-e-type=\"widget\" data-widget_type=\"text-editor.default\">\n\t\t\t\t<div class=\"elementor-widget-container\">\n\t\t\t\t\t\t\t\t\t<h2 style=\"text-align: center;\">Lai valik maitseid<\/h2><p style=\"text-align: center;\">H\u00f5rgud maitsed ja j\u00f5uluroad on lahutamatu osa meeldej\u00e4\u00e4vast j\u00f5ulupeost.<\/p><p style=\"text-align: center;\">Vali n\u00e4idismen\u00fc\u00fc v\u00f5i v\u00f5ta meiega \u00fchendust, et panna kokku just sulle sobiv men\u00fc\u00fc \u2013 naudi klassikalist eestip\u00e4rast j\u00f5ulutoitu nagu sealiha ja praekapsas v\u00f5i vali hoopis midagi ebatraditsioonilisemat, nagu mereannivaagnad v\u00f5i jagamismen\u00fc\u00fcd, et oma t\u00f6\u00f6tajaid \u00fcllatada.<\/p><p style=\"text-align: center;\">Valitud roogade k\u00f5rvale aitame sobitada parimad veinid ja muud joogid.<\/p><blockquote><p style=\"text-align: center;\">Iga j\u00f5ulupidu l\u00f5ppeb alati magusa \u00fcllatusega, mida saame vastavalt eelistustele valmistada.<\/p><\/blockquote>\t\t\t\t\t\t\t\t<\/div>\n\t\t\t\t<\/div>\n\t\t\t\t<div class=\"elementor-element elementor-element-7a44bb6b elementor-widget elementor-widget-text-editor\" data-id=\"7a44bb6b\" data-element_type=\"widget\" data-e-type=\"widget\" data-widget_type=\"text-editor.default\">\n\t\t\t\t<div class=\"elementor-widget-container\">\n\t\t\t\t\t\t\t\t\t<h2>Tutvu lisav\u00f5imalustega<\/h2>\t\t\t\t\t\t\t\t<\/div>\n\t\t\t\t<\/div>\n\t\t\t\t<div class=\"elementor-element elementor-element-bbf92ac elementor-widget elementor-widget-text-editor\" data-id=\"bbf92ac\" data-element_type=\"widget\" data-e-type=\"widget\" data-widget_type=\"text-editor.default\">\n\t\t\t\t<div class=\"elementor-widget-container\">\n\t\t\t\t\t\t\t\t\t<h3>Mugavad videolahendused, helitehnika ja fotoboks<\/h3><p>Maikrahvi restorani ruumid on varustatud k\u00f5igi t\u00e4nap\u00e4evaste heli- ja videolahendustega, et muuta ettev\u00f5tte j\u00f5ulupidu t\u00f5eliselt elavaks.<\/p><p>Igas saalis on oma helis\u00fcsteem, projektor ja sein, kuhu pilti n\u00e4idata.<\/p><p>Firma j\u00f5ulupidude juurde k\u00e4ivad alati ka s\u00f5nav\u00f5tud, esinemised ning muidugi ei saa \u00fcheltki korralikult j\u00f5ulupeolt puududa fotoboks.<\/p><p>Maikrahvi restoranis on fotoboks kohapeal olemas.<\/p><p>Fotoboksi saab kujundada ettev\u00f5tte s\u00fcmboolikaga v\u00f5i luua sinna meeleoluka kogunemisnurga.<\/p><p>V\u00f5imalik on lisada dekoratsioonid \u2013 p\u00e4kapikum\u00fctsid, j\u00f5uluvanakost\u00fc\u00fcmid, peakaunistused, prillid ja palju muud p\u00f5nevat.<\/p>\t\t\t\t\t\t\t\t<\/div>\n\t\t\t\t<\/div>\n\t\t\t\t<div class=\"elementor-element elementor-element-10c49170 elementor-widget elementor-widget-text-editor\" data-id=\"10c49170\" data-element_type=\"widget\" data-e-type=\"widget\" data-widget_type=\"text-editor.default\">\n\t\t\t\t<div class=\"elementor-widget-container\">\n\t\t\t\t\t\t\t\t\t<h3>T\u00e4iusta oma firma j\u00f5ulupidu parima meelelahutusprogrammiga<\/h3><p>J\u00f5ulupeo meelelahutusliku osa v\u00e4ljam\u00f5tlemine tundub keeruline? Korraldades oma firma j\u00f5ulupidu Tallinnas Maikrahv restoranis, on sul v\u00f5imalik sisse osta ka kogu j\u00f5ulupeo korraldus.<\/p><p>Aitame hea meelega meelelahutusprogrammi kokkupanekuga, et j\u00f5ulupeo korraldamine ei j\u00e4\u00e4ks vaid 1-2 t\u00f6\u00f6taja \u00f5lgadele.<\/p><p>Meie meeskonnal on 10+ aastat \u00fcrituste korraldamise kogemust.<\/p><p>Vahendame Eesti parimaid artiste.<\/p><p>Samuti on meie kaudu v\u00f5imalik j\u00f5ulupeole esinema kutsuda mustkunstnikke, tantsijaid ning n\u00e4itlejaid, et muuta oma firma j\u00f5ulupidu Tallinnas t\u00f5eliselt meeldej\u00e4\u00e4vaks.<\/p><p>Meie kaudu saab oma j\u00f5ulu\u00fcritusele tellida ka j\u00f5uluvana! Lisainfo saamiseks v\u00f5ta meiega \u00fchendust!\u00a0<\/p><p>Anna meile teada oma eelistustest, et sinu firma j\u00f5ulupidu kulgeks sobivas r\u00fctmis!<\/p><p>V\u00f5imalik on tellida nii akustilist muusikat kui ka t\u00e4ies koosseisus live-b\u00e4nde, kelle saatel tantsu keerutada.<\/p>\t\t\t\t\t\t\t\t<\/div>\n\t\t\t\t<\/div>\n\t\t\t\t\t<\/div>\n\t\t<\/div>\n\t\t\t\t\t<\/div>\n\t\t<\/section>\n\t\t\t\t<\/div>\n\t\t","protected":false},"excerpt":{"rendered":"<p>Maikrahvi-ravintolan joulumenu Toivotamme l\u00e4mpim\u00e4sti kaikki valtuutetut ja kansainv\u00e4liset vieraat nauttimaan juhlavista aterioista t\u00e4n\u00e4 jouluna! Juhlallinen illallinen perinteisill\u00e4 herkuilla ja erinomaisella [&hellip;]<\/p>\n","protected":false},"author":2,"featured_media":5497,"parent":4212,"menu_order":0,"comment_status":"closed","ping_status":"closed","template":"","meta":{"site-sidebar-layout":"no-sidebar","site-content-layout":"page-builder","ast-site-content-layout":"full-width-container","site-content-style":"default","site-sidebar-style":"default","ast-global-header-display":"","ast-banner-title-visibility":"","ast-main-header-display":"","ast-hfb-above-header-display":"","ast-hfb-below-header-display":"","ast-hfb-mobile-header-display":"","site-post-title":"disabled","ast-breadcrumbs-content":"","ast-featured-img":"disabled","footer-sml-layout":"","ast-disable-related-posts":"","theme-transparent-header-meta":"default","adv-header-id-meta":"","stick-header-meta":"default","header-above-stick-meta":"","header-main-stick-meta":"","header-below-stick-meta":"","astra-migrate-meta-layouts":"set","ast-page-background-enabled":"default","ast-page-background-meta":{"desktop":{"background-color":"","background-image":"","background-repeat":"repeat","background-position":"center center","background-size":"auto","background-attachment":"scroll","background-type":"","background-media":"","overlay-type":"","overlay-color":"","overlay-opacity":"","overlay-gradient":""},"tablet":{"background-color":"","background-image":"","background-repeat":"repeat","background-position":"center center","background-size":"auto","background-attachment":"scroll","background-type":"","background-media":"","overlay-type":"","overlay-color":"","overlay-opacity":"","overlay-gradient":""},"mobile":{"background-color":"","background-image":"","background-repeat":"repeat","background-position":"center center","background-size":"auto","background-attachment":"scroll","background-type":"","background-media":"","overlay-type":"","overlay-color":"","overlay-opacity":"","overlay-gradient":""}},"ast-content-background-meta":{"desktop":{"background-color":"var(--ast-global-color-5)","background-image":"","background-repeat":"repeat","background-position":"center center","background-size":"auto","background-attachment":"scroll","background-type":"","background-media":"","overlay-type":"","overlay-color":"","overlay-opacity":"","overlay-gradient":""},"tablet":{"background-color":"var(--ast-global-color-5)","background-image":"","background-repeat":"repeat","background-position":"center center","background-size":"auto","background-attachment":"scroll","background-type":"","background-media":"","overlay-type":"","overlay-color":"","overlay-opacity":"","overlay-gradient":""},"mobile":{"background-color":"var(--ast-global-color-5)","background-image":"","background-repeat":"repeat","background-position":"center center","background-size":"auto","background-attachment":"scroll","background-type":"","background-media":"","overlay-type":"","overlay-color":"","overlay-opacity":"","overlay-gradient":""}},"footnotes":""},"class_list":["post-6556","page","type-page","status-publish","has-post-thumbnail","hentry"],"_links":{"self":[{"href":"https:\/\/maikrahv.ee\/fi\/wp-json\/wp\/v2\/pages\/6556","targetHints":{"allow":["GET"]}}],"collection":[{"href":"https:\/\/maikrahv.ee\/fi\/wp-json\/wp\/v2\/pages"}],"about":[{"href":"https:\/\/maikrahv.ee\/fi\/wp-json\/wp\/v2\/types\/page"}],"author":[{"embeddable":true,"href":"https:\/\/maikrahv.ee\/fi\/wp-json\/wp\/v2\/users\/2"}],"replies":[{"embeddable":true,"href":"https:\/\/maikrahv.ee\/fi\/wp-json\/wp\/v2\/comments?post=6556"}],"version-history":[{"count":25,"href":"https:\/\/maikrahv.ee\/fi\/wp-json\/wp\/v2\/pages\/6556\/revisions"}],"predecessor-version":[{"id":6618,"href":"https:\/\/maikrahv.ee\/fi\/wp-json\/wp\/v2\/pages\/6556\/revisions\/6618"}],"up":[{"embeddable":true,"href":"https:\/\/maikrahv.ee\/fi\/wp-json\/wp\/v2\/pages\/4212"}],"wp:featuredmedia":[{"embeddable":true,"href":"https:\/\/maikrahv.ee\/fi\/wp-json\/wp\/v2\/media\/5497"}],"wp:attachment":[{"href":"https:\/\/maikrahv.ee\/fi\/wp-json\/wp\/v2\/media?parent=6556"}],"curies":[{"name":"wp","href":"https:\/\/api.w.org\/{rel}","templated":true}]}}