{"id":4212,"date":"2024-06-02T16:50:51","date_gmt":"2024-06-02T16:50:51","guid":{"rendered":"https:\/\/maikrahv.ee\/menuu\/"},"modified":"2025-11-25T11:28:10","modified_gmt":"2025-11-25T11:28:10","slug":"menu","status":"publish","type":"page","link":"https:\/\/maikrahv.ee\/fi\/menu\/","title":{"rendered":"Maikrahv ravintolan \u00e0 la carte -menu ja ryhm\u00e4menu"},"content":{"rendered":"\t\t<div data-elementor-type=\"wp-page\" data-elementor-id=\"4212\" class=\"elementor elementor-4212 elementor-3532\">\n\t\t\t\t\t\t<section class=\"elementor-section elementor-top-section elementor-element elementor-element-72b9010c elementor-section-boxed elementor-section-height-default elementor-section-height-default\" data-id=\"72b9010c\" data-element_type=\"section\" data-e-type=\"section\" data-settings=\"{&quot;background_background&quot;:&quot;classic&quot;}\">\n\t\t\t\t\t\t<div class=\"elementor-container elementor-column-gap-default\">\n\t\t\t\t\t<div class=\"elementor-column elementor-col-100 elementor-top-column elementor-element elementor-element-3ededcaa\" data-id=\"3ededcaa\" data-element_type=\"column\" data-e-type=\"column\">\n\t\t\t<div class=\"elementor-widget-wrap elementor-element-populated\">\n\t\t\t\t\t\t<div class=\"elementor-element elementor-element-68effbeb elementor-widget elementor-widget-text-editor\" data-id=\"68effbeb\" data-element_type=\"widget\" data-e-type=\"widget\" data-widget_type=\"text-editor.default\">\n\t\t\t\t<div class=\"elementor-widget-container\">\n\t\t\t\t\t\t\t\t\t<h1 style=\"text-align: center;\">Menu<\/h1><p style=\"text-align: center;\">Arvokkaat raatiherrat ja ulkomaalaiset vieraat, tervetuloa ravintolaamme!<\/p><p style=\"text-align: center;\">Hemmottelee teit\u00e4 mit\u00e4 herkullisimmilla ruoilla ja teemme parhaamme, jotta Maikrahvin kunniavieraat voivat tuntea olonsa hyv\u00e4ksi koko illan aikana.<\/p><p style=\"text-align: center;\"><strong>Tarjoamme lauantai- ja sunnuntai-iltaisin \u00e0 la carte -listan, ja voit tilata ruokaa my\u00f6s paikan p\u00e4\u00e4lt\u00e4!<\/strong><\/p><p style=\"text-align: center;\"><strong><span style=\"text-decoration: underline;\"><a href=\"https:\/\/maikrahv.ee\/fi\/yhteystiedot\/\">Varaa p\u00f6yt\u00e4<\/a><\/span><\/strong><\/p>\t\t\t\t\t\t\t\t<\/div>\n\t\t\t\t<\/div>\n\t\t\t\t\t<\/div>\n\t\t<\/div>\n\t\t\t\t\t<\/div>\n\t\t<\/section>\n\t\t\t\t<section class=\"elementor-section elementor-top-section elementor-element elementor-element-59fc806e elementor-section-boxed elementor-section-height-default elementor-section-height-default\" data-id=\"59fc806e\" data-element_type=\"section\" data-e-type=\"section\">\n\t\t\t\t\t\t<div class=\"elementor-container elementor-column-gap-default\">\n\t\t\t\t\t<div class=\"elementor-column elementor-col-33 elementor-top-column elementor-element elementor-element-115198e\" data-id=\"115198e\" data-element_type=\"column\" data-e-type=\"column\">\n\t\t\t<div class=\"elementor-widget-wrap elementor-element-populated\">\n\t\t\t\t\t\t<div class=\"elementor-element elementor-element-5547979f elementor-widget elementor-widget-text-editor\" data-id=\"5547979f\" data-element_type=\"widget\" data-e-type=\"widget\" data-widget_type=\"text-editor.default\">\n\t\t\t\t<div class=\"elementor-widget-container\">\n\t\t\t\t\t\t\t\t\t<h2>Tervetuloa!<\/h2>\t\t\t\t\t\t\t\t<\/div>\n\t\t\t\t<\/div>\n\t\t\t\t\t<\/div>\n\t\t<\/div>\n\t\t\t\t<div class=\"elementor-column elementor-col-33 elementor-top-column elementor-element elementor-element-5eb330c8\" data-id=\"5eb330c8\" data-element_type=\"column\" data-e-type=\"column\">\n\t\t\t<div class=\"elementor-widget-wrap elementor-element-populated\">\n\t\t\t\t\t\t<div class=\"elementor-element elementor-element-420e531f elementor-align-justify elementor-widget elementor-widget-button\" data-id=\"420e531f\" data-element_type=\"widget\" data-e-type=\"widget\" data-widget_type=\"button.default\">\n\t\t\t\t<div class=\"elementor-widget-container\">\n\t\t\t\t\t\t\t\t\t<div class=\"elementor-button-wrapper\">\n\t\t\t\t\t<a class=\"elementor-button elementor-button-link elementor-size-sm\" href=\"https:\/\/maikrahv.ee\/fi\/menu\/ryhmamenu\/\">\n\t\t\t\t\t\t<span class=\"elementor-button-content-wrapper\">\n\t\t\t\t\t\t\t\t\t<span class=\"elementor-button-text\">Tutustu ryhm\u00e4menuun<\/span>\n\t\t\t\t\t<\/span>\n\t\t\t\t\t<\/a>\n\t\t\t\t<\/div>\n\t\t\t\t\t\t\t\t<\/div>\n\t\t\t\t<\/div>\n\t\t\t\t\t<\/div>\n\t\t<\/div>\n\t\t\t\t<div class=\"elementor-column elementor-col-33 elementor-top-column elementor-element elementor-element-3a71c793\" data-id=\"3a71c793\" data-element_type=\"column\" data-e-type=\"column\">\n\t\t\t<div class=\"elementor-widget-wrap elementor-element-populated\">\n\t\t\t\t\t\t<div class=\"elementor-element elementor-element-5e9b2e23 elementor-align-justify elementor-widget elementor-widget-button\" data-id=\"5e9b2e23\" data-element_type=\"widget\" data-e-type=\"widget\" data-widget_type=\"button.default\">\n\t\t\t\t<div class=\"elementor-widget-container\">\n\t\t\t\t\t\t\t\t\t<div class=\"elementor-button-wrapper\">\n\t\t\t\t\t<a class=\"elementor-button elementor-button-link elementor-size-sm\" href=\"https:\/\/maikrahv.ee\/fi\/yhteystiedot\/\">\n\t\t\t\t\t\t<span class=\"elementor-button-content-wrapper\">\n\t\t\t\t\t\t\t\t\t<span class=\"elementor-button-text\">Varaa<\/span>\n\t\t\t\t\t<\/span>\n\t\t\t\t\t<\/a>\n\t\t\t\t<\/div>\n\t\t\t\t\t\t\t\t<\/div>\n\t\t\t\t<\/div>\n\t\t\t\t\t<\/div>\n\t\t<\/div>\n\t\t\t\t\t<\/div>\n\t\t<\/section>\n\t\t\t\t<section class=\"elementor-section elementor-top-section elementor-element elementor-element-6a844522 elementor-section-boxed elementor-section-height-default elementor-section-height-default\" data-id=\"6a844522\" data-element_type=\"section\" data-e-type=\"section\">\n\t\t\t\t\t\t<div class=\"elementor-container elementor-column-gap-default\">\n\t\t\t\t\t<div class=\"elementor-column elementor-col-100 elementor-top-column elementor-element elementor-element-6874f561\" data-id=\"6874f561\" data-element_type=\"column\" data-e-type=\"column\">\n\t\t\t<div class=\"elementor-widget-wrap elementor-element-populated\">\n\t\t\t\t\t\t<div class=\"elementor-element elementor-element-10bb17e1 elementor-widget elementor-widget-text-editor\" data-id=\"10bb17e1\" data-element_type=\"widget\" data-e-type=\"widget\" data-widget_type=\"text-editor.default\">\n\t\t\t\t<div class=\"elementor-widget-container\">\n\t\t\t\t\t\t\t\t\t<h2 class=\"p1\" style=\"text-align: center;\"><span class=\"s1\">\ud83c\udff0<\/span> Maikrahvin Juhlap\u00f6yt\u00e4 <span class=\"s1\">\ud83c\udff0<\/span><\/h2><h5 class=\"p1\" style=\"text-align: center;\">Keskiaikainen juhla n\u00e4lk\u00e4isille matkalaisille ja korkea-arvoisille naisille ja herroille<\/h5><h6 class=\"p2\" style=\"text-align: center;\"><span class=\"s2\">\ud83c\udf43<\/span> Alkupalana- aistien stimuloimiseksi<\/h6><p class=\"p3\" style=\"text-align: center;\">Tuoretta puutarha vihersalaattia basilikakastikkeella 9\u20ac<\/p><p class=\"p3\" style=\"text-align: center;\">Valkosipulileip\u00e4\u00e4 yrttikastikkeella 7\u20ac<\/p><p class=\"p3\" style=\"text-align: center;\">Kanansiivet makealla chilikastikkeella 9\u20ac<\/p><p class=\"p3\" style=\"text-align: center;\">Juustopallot valkosipulikastikkeella 8\u20ac<\/p><p class=\"p3\" style=\"text-align: center;\">Ranskalaiset perunat majoneesikastikkeella 7\u20ac<\/p><p class=\"p3\" style=\"text-align: center;\">Ohuiksi viipaloitua naudanlihaa-carpaccio 10\u20ac<\/p><p style=\"text-align: center;\">Mets\u00e4sieni pyreekeitto 9\u20ac<\/p><h6>\u00a0<\/h6><h6 class=\"p2\" style=\"text-align: center;\"><span class=\"s2\">\ud83c\udf57<\/span>P\u00e4\u00e4ruoat &#8211; vatsan tyydytt\u00e4miseksi<\/h6><p class=\"p3\" style=\"text-align: center;\">L\u00e4mmint\u00e4 savulohta, caesarsalaatti, paahdettuja perunoita ja parmesaania 22\u20ac<\/p><p class=\"p3\" style=\"text-align: center;\">Ankanfileet\u00e4, perunagratiini, sokeriherneit\u00e4 ja kirsikka lient\u00e4 lisukkeena 24\u20ac<\/p><p class=\"p3\" style=\"text-align: center;\">Risottoa tryffeli kreemill\u00e4 ja shimeji-sienill\u00e4 19\u20ac<\/p><p class=\"p3\" style=\"text-align: center;\">Porsaan potka, tarjoillaan uuniperunoiden, hapankaalin ja sinappikastikkeen kera 22\u20ac<\/p><h6 class=\"p1\" style=\"text-align: center;\"><span class=\"s1\">\ud83c\udf6e<\/span> Makea loppu-makea suu<\/h6><p class=\"p2\" style=\"text-align: center;\"><b>\u00a0<\/b>Suklafontant, tarjoillaaan vaniljej\u00e4\u00e4tel\u00f6n ja marjakastikkeen kera 8\u20ac<\/p><p class=\"p3\" style=\"text-align: center;\">Creme br\u00fclee, viiniss\u00e4 haudutettu p\u00e4\u00e4ryn\u00e4 kruunuksi 8\u20ac<\/p>\t\t\t\t\t\t\t\t<\/div>\n\t\t\t\t<\/div>\n\t\t\t\t\t<\/div>\n\t\t<\/div>\n\t\t\t\t\t<\/div>\n\t\t<\/section>\n\t\t\t\t<section class=\"elementor-section elementor-top-section elementor-element elementor-element-23412bcd elementor-section-boxed elementor-section-height-default elementor-section-height-default\" data-id=\"23412bcd\" data-element_type=\"section\" data-e-type=\"section\" data-settings=\"{&quot;background_background&quot;:&quot;classic&quot;}\">\n\t\t\t\t\t\t<div class=\"elementor-container elementor-column-gap-default\">\n\t\t\t\t\t<div class=\"elementor-column elementor-col-100 elementor-top-column elementor-element elementor-element-68f93f37\" data-id=\"68f93f37\" data-element_type=\"column\" data-e-type=\"column\">\n\t\t\t<div class=\"elementor-widget-wrap elementor-element-populated\">\n\t\t\t\t\t\t<div class=\"elementor-element elementor-element-2c374b99 elementor-widget elementor-widget-text-editor\" data-id=\"2c374b99\" data-element_type=\"widget\" data-e-type=\"widget\" data-widget_type=\"text-editor.default\">\n\t\t\t\t<div class=\"elementor-widget-container\">\n\t\t\t\t\t\t\t\t\t<h5 class=\"p3\" style=\"text-align: center;\"><span class=\"s3\">\ud83d\udc51<\/span><span class=\"s4\"> Olkoon vatsasi t\u00e4ynn\u00e4 ja syd\u00e4mesi onnellinen, <\/span><span class=\"s4\">kest\u00e4k\u00f6\u00f6n hyv\u00e4 ateria kuin kuninkaallinen juhla-ateria<\/span><\/h5>\t\t\t\t\t\t\t\t<\/div>\n\t\t\t\t<\/div>\n\t\t\t\t\t<\/div>\n\t\t<\/div>\n\t\t\t\t\t<\/div>\n\t\t<\/section>\n\t\t\t\t<\/div>\n\t\t","protected":false},"excerpt":{"rendered":"<p>Menu Arvokkaat raatiherrat ja ulkomaalaiset vieraat, tervetuloa ravintolaamme! Hemmottelee teit\u00e4 mit\u00e4 herkullisimmilla ruoilla ja teemme parhaamme, jotta Maikrahvin kunniavieraat voivat [&hellip;]<\/p>\n","protected":false},"author":2,"featured_media":0,"parent":0,"menu_order":0,"comment_status":"closed","ping_status":"closed","template":"","meta":{"site-sidebar-layout":"no-sidebar","site-content-layout":"page-builder","ast-site-content-layout":"full-width-container","site-content-style":"default","site-sidebar-style":"default","ast-global-header-display":"","ast-banner-title-visibility":"","ast-main-header-display":"","ast-hfb-above-header-display":"","ast-hfb-below-header-display":"","ast-hfb-mobile-header-display":"","site-post-title":"disabled","ast-breadcrumbs-content":"","ast-featured-img":"disabled","footer-sml-layout":"","ast-disable-related-posts":"","theme-transparent-header-meta":"default","adv-header-id-meta":"","stick-header-meta":"default","header-above-stick-meta":"","header-main-stick-meta":"","header-below-stick-meta":"","astra-migrate-meta-layouts":"set","ast-page-background-enabled":"default","ast-page-background-meta":{"desktop":{"background-color":"","background-image":"","background-repeat":"repeat","background-position":"center center","background-size":"auto","background-attachment":"scroll","background-type":"","background-media":"","overlay-type":"","overlay-color":"","overlay-opacity":"","overlay-gradient":""},"tablet":{"background-color":"","background-image":"","background-repeat":"repeat","background-position":"center center","background-size":"auto","background-attachment":"scroll","background-type":"","background-media":"","overlay-type":"","overlay-color":"","overlay-opacity":"","overlay-gradient":""},"mobile":{"background-color":"","background-image":"","background-repeat":"repeat","background-position":"center center","background-size":"auto","background-attachment":"scroll","background-type":"","background-media":"","overlay-type":"","overlay-color":"","overlay-opacity":"","overlay-gradient":""}},"ast-content-background-meta":{"desktop":{"background-color":"var(--ast-global-color-5)","background-image":"","background-repeat":"repeat","background-position":"center center","background-size":"auto","background-attachment":"scroll","background-type":"","background-media":"","overlay-type":"","overlay-color":"","overlay-opacity":"","overlay-gradient":""},"tablet":{"background-color":"var(--ast-global-color-5)","background-image":"","background-repeat":"repeat","background-position":"center center","background-size":"auto","background-attachment":"scroll","background-type":"","background-media":"","overlay-type":"","overlay-color":"","overlay-opacity":"","overlay-gradient":""},"mobile":{"background-color":"var(--ast-global-color-5)","background-image":"","background-repeat":"repeat","background-position":"center center","background-size":"auto","background-attachment":"scroll","background-type":"","background-media":"","overlay-type":"","overlay-color":"","overlay-opacity":"","overlay-gradient":""}},"footnotes":""},"class_list":["post-4212","page","type-page","status-publish","hentry"],"_links":{"self":[{"href":"https:\/\/maikrahv.ee\/fi\/wp-json\/wp\/v2\/pages\/4212","targetHints":{"allow":["GET"]}}],"collection":[{"href":"https:\/\/maikrahv.ee\/fi\/wp-json\/wp\/v2\/pages"}],"about":[{"href":"https:\/\/maikrahv.ee\/fi\/wp-json\/wp\/v2\/types\/page"}],"author":[{"embeddable":true,"href":"https:\/\/maikrahv.ee\/fi\/wp-json\/wp\/v2\/users\/2"}],"replies":[{"embeddable":true,"href":"https:\/\/maikrahv.ee\/fi\/wp-json\/wp\/v2\/comments?post=4212"}],"version-history":[{"count":45,"href":"https:\/\/maikrahv.ee\/fi\/wp-json\/wp\/v2\/pages\/4212\/revisions"}],"predecessor-version":[{"id":6718,"href":"https:\/\/maikrahv.ee\/fi\/wp-json\/wp\/v2\/pages\/4212\/revisions\/6718"}],"wp:attachment":[{"href":"https:\/\/maikrahv.ee\/fi\/wp-json\/wp\/v2\/media?parent=4212"}],"curies":[{"name":"wp","href":"https:\/\/api.w.org\/{rel}","templated":true}]}}