{"id":3955,"date":"2024-06-02T17:34:42","date_gmt":"2024-06-02T17:34:42","guid":{"rendered":"https:\/\/maikrahv.ee\/?page_id=3955"},"modified":"2024-07-07T16:57:50","modified_gmt":"2024-07-07T16:57:50","slug":"salit","status":"publish","type":"page","link":"https:\/\/maikrahv.ee\/fi\/galleria\/salit\/","title":{"rendered":"Salit"},"content":{"rendered":"\t\t<div data-elementor-type=\"wp-page\" data-elementor-id=\"3955\" class=\"elementor elementor-3955 elementor-3570\">\n\t\t\t\t\t\t<section class=\"elementor-section elementor-top-section elementor-element elementor-element-36d1324 elementor-section-boxed elementor-section-height-default elementor-section-height-default\" data-id=\"36d1324\" data-element_type=\"section\" data-e-type=\"section\">\n\t\t\t\t\t\t<div class=\"elementor-container elementor-column-gap-default\">\n\t\t\t\t\t<div class=\"elementor-column elementor-col-100 elementor-top-column elementor-element elementor-element-de974ad\" data-id=\"de974ad\" data-element_type=\"column\" data-e-type=\"column\">\n\t\t\t<div class=\"elementor-widget-wrap elementor-element-populated\">\n\t\t\t\t\t\t<div class=\"elementor-element elementor-element-e7433c8 elementor-widget elementor-widget-text-editor\" data-id=\"e7433c8\" data-element_type=\"widget\" data-e-type=\"widget\" data-widget_type=\"text-editor.default\">\n\t\t\t\t<div class=\"elementor-widget-container\">\n\t\t\t\t\t\t\t\t\t<h1 style=\"text-align: center;\">Salit<\/h1><p style=\"text-align: center;\">Maikrahv ravintolassa on tilaa 210 kunniavieraalle. P\u00e4\u00e4saliin mahtuu 110 vierasta.<\/p><p style=\"text-align: center;\">Pienempien ja yksityisempien tapahtumien j\u00e4rjest\u00e4miseen sopivat Holvisali, Mustap\u00e4iden sali ja Kiltasali.<\/p><p style=\"text-align: center;\"><strong>Tervetuloa k\u00e4ym\u00e4\u00e4n!<\/strong><\/p>\t\t\t\t\t\t\t\t<\/div>\n\t\t\t\t<\/div>\n\t\t\t\t\t<\/div>\n\t\t<\/div>\n\t\t\t\t\t<\/div>\n\t\t<\/section>\n\t\t\t\t<section class=\"elementor-section elementor-top-section elementor-element elementor-element-2221ea37 elementor-section-boxed elementor-section-height-default elementor-section-height-default\" data-id=\"2221ea37\" data-element_type=\"section\" data-e-type=\"section\">\n\t\t\t\t\t\t<div class=\"elementor-container elementor-column-gap-default\">\n\t\t\t\t\t<div class=\"elementor-column elementor-col-33 elementor-top-column elementor-element elementor-element-24810eb4\" data-id=\"24810eb4\" data-element_type=\"column\" data-e-type=\"column\">\n\t\t\t<div class=\"elementor-widget-wrap elementor-element-populated\">\n\t\t\t\t\t\t\t<\/div>\n\t\t<\/div>\n\t\t\t\t<div class=\"elementor-column elementor-col-33 elementor-top-column elementor-element elementor-element-ec34115\" data-id=\"ec34115\" data-element_type=\"column\" data-e-type=\"column\">\n\t\t\t<div class=\"elementor-widget-wrap elementor-element-populated\">\n\t\t\t\t\t\t\t<\/div>\n\t\t<\/div>\n\t\t\t\t<div class=\"elementor-column elementor-col-33 elementor-top-column elementor-element elementor-element-40fbb6d4\" data-id=\"40fbb6d4\" data-element_type=\"column\" data-e-type=\"column\">\n\t\t\t<div class=\"elementor-widget-wrap elementor-element-populated\">\n\t\t\t\t\t\t<div class=\"elementor-element elementor-element-3fe1f068 elementor-align-justify elementor-widget elementor-widget-button\" data-id=\"3fe1f068\" data-element_type=\"widget\" data-e-type=\"widget\" data-widget_type=\"button.default\">\n\t\t\t\t<div class=\"elementor-widget-container\">\n\t\t\t\t\t\t\t\t\t<div class=\"elementor-button-wrapper\">\n\t\t\t\t\t<a class=\"elementor-button elementor-button-link elementor-size-sm\" href=\"https:\/\/maikrahv.ee\/fi\/yhteystiedot\/\">\n\t\t\t\t\t\t<span class=\"elementor-button-content-wrapper\">\n\t\t\t\t\t\t\t\t\t<span class=\"elementor-button-text\">Varaa<\/span>\n\t\t\t\t\t<\/span>\n\t\t\t\t\t<\/a>\n\t\t\t\t<\/div>\n\t\t\t\t\t\t\t\t<\/div>\n\t\t\t\t<\/div>\n\t\t\t\t\t<\/div>\n\t\t<\/div>\n\t\t\t\t\t<\/div>\n\t\t<\/section>\n\t\t\t\t<section class=\"elementor-section elementor-top-section elementor-element elementor-element-2e6e59b elementor-section-boxed elementor-section-height-default elementor-section-height-default\" data-id=\"2e6e59b\" data-element_type=\"section\" data-e-type=\"section\">\n\t\t\t\t\t\t<div class=\"elementor-container elementor-column-gap-default\">\n\t\t\t\t\t<div class=\"elementor-column elementor-col-100 elementor-top-column elementor-element elementor-element-19abb1b\" data-id=\"19abb1b\" data-element_type=\"column\" data-e-type=\"column\">\n\t\t\t<div class=\"elementor-widget-wrap elementor-element-populated\">\n\t\t\t\t\t\t<div class=\"elementor-element elementor-element-796aac3 elementor-widget elementor-widget-image-gallery\" data-id=\"796aac3\" data-element_type=\"widget\" data-e-type=\"widget\" data-widget_type=\"image-gallery.default\">\n\t\t\t\t<div class=\"elementor-widget-container\">\n\t\t\t\t\t\t\t<div class=\"elementor-image-gallery\">\n\t\t\t<div id='gallery-1' class='gallery galleryid-3955 gallery-columns-2 gallery-size-medium_large'><figure class='gallery-item'>\n\t\t\t<div class='gallery-icon landscape'>\n\t\t\t\t<a data-elementor-open-lightbox=\"yes\" data-elementor-lightbox-slideshow=\"796aac3\" data-elementor-lightbox-title=\"Restoran Maikrahv saalid 6\" data-elementor-lightbox-description=\"Kutsume k\u00fclla restorani Maikrahv! Tutvuge men\u00fc\u00fcdega ja broneerige laud v\u00f5i saal.\" data-e-action-hash=\"#elementor-action%3Aaction%3Dlightbox%26settings%3DeyJpZCI6MzY2NSwidXJsIjoiaHR0cHM6XC9cL21haWtyYWh2LmVlXC93cC1jb250ZW50XC91cGxvYWRzXC8yMDI0XC8wNlwvUmVzdG9yYW4tTWFpa3JhaHYtc2FhbGlkLTYuanBnIiwic2xpZGVzaG93IjoiNzk2YWFjMyJ9\" href='https:\/\/maikrahv.ee\/wp-content\/uploads\/2024\/06\/Restoran-Maikrahv-saalid-6.jpg'><img fetchpriority=\"high\" decoding=\"async\" width=\"768\" height=\"576\" src=\"https:\/\/maikrahv.ee\/wp-content\/uploads\/2024\/06\/Restoran-Maikrahv-saalid-6-768x576.jpg\" class=\"attachment-medium_large size-medium_large\" alt=\"\" srcset=\"https:\/\/maikrahv.ee\/wp-content\/uploads\/2024\/06\/Restoran-Maikrahv-saalid-6-768x576.jpg 768w, https:\/\/maikrahv.ee\/wp-content\/uploads\/2024\/06\/Restoran-Maikrahv-saalid-6-300x225.jpg 300w, https:\/\/maikrahv.ee\/wp-content\/uploads\/2024\/06\/Restoran-Maikrahv-saalid-6-1024x768.jpg 1024w, https:\/\/maikrahv.ee\/wp-content\/uploads\/2024\/06\/Restoran-Maikrahv-saalid-6-1536x1152.jpg 1536w, https:\/\/maikrahv.ee\/wp-content\/uploads\/2024\/06\/Restoran-Maikrahv-saalid-6.jpg 1600w\" sizes=\"(max-width: 768px) 100vw, 768px\" \/><\/a>\n\t\t\t<\/div><\/figure><figure class='gallery-item'>\n\t\t\t<div class='gallery-icon landscape'>\n\t\t\t\t<a data-elementor-open-lightbox=\"yes\" data-elementor-lightbox-slideshow=\"796aac3\" data-elementor-lightbox-title=\"Restoran Maikrahv saalid 12\" data-elementor-lightbox-description=\"Kutsume k\u00fclla restorani Maikrahv! Tutvuge men\u00fc\u00fcdega ja broneerige laud v\u00f5i saal.\" data-e-action-hash=\"#elementor-action%3Aaction%3Dlightbox%26settings%3DeyJpZCI6MzY1MywidXJsIjoiaHR0cHM6XC9cL21haWtyYWh2LmVlXC93cC1jb250ZW50XC91cGxvYWRzXC8yMDI0XC8wNlwvUmVzdG9yYW4tTWFpa3JhaHYtc2FhbGlkLTEyLmpwZyIsInNsaWRlc2hvdyI6Ijc5NmFhYzMifQ%3D%3D\" href='https:\/\/maikrahv.ee\/wp-content\/uploads\/2024\/06\/Restoran-Maikrahv-saalid-12.jpg'><img decoding=\"async\" width=\"768\" height=\"576\" src=\"https:\/\/maikrahv.ee\/wp-content\/uploads\/2024\/06\/Restoran-Maikrahv-saalid-12-768x576.jpg\" class=\"attachment-medium_large size-medium_large\" alt=\"\" srcset=\"https:\/\/maikrahv.ee\/wp-content\/uploads\/2024\/06\/Restoran-Maikrahv-saalid-12-768x576.jpg 768w, https:\/\/maikrahv.ee\/wp-content\/uploads\/2024\/06\/Restoran-Maikrahv-saalid-12-300x225.jpg 300w, https:\/\/maikrahv.ee\/wp-content\/uploads\/2024\/06\/Restoran-Maikrahv-saalid-12-1024x768.jpg 1024w, https:\/\/maikrahv.ee\/wp-content\/uploads\/2024\/06\/Restoran-Maikrahv-saalid-12-1536x1152.jpg 1536w, https:\/\/maikrahv.ee\/wp-content\/uploads\/2024\/06\/Restoran-Maikrahv-saalid-12.jpg 1600w\" sizes=\"(max-width: 768px) 100vw, 768px\" \/><\/a>\n\t\t\t<\/div><\/figure><figure class='gallery-item'>\n\t\t\t<div class='gallery-icon landscape'>\n\t\t\t\t<a data-elementor-open-lightbox=\"yes\" data-elementor-lightbox-slideshow=\"796aac3\" data-elementor-lightbox-title=\"Restoran Maikrahv saalid 8\" data-elementor-lightbox-description=\"Kutsume k\u00fclla restorani Maikrahv! Tutvuge men\u00fc\u00fcdega ja broneerige laud v\u00f5i saal.\" data-e-action-hash=\"#elementor-action%3Aaction%3Dlightbox%26settings%3DeyJpZCI6MzY0NSwidXJsIjoiaHR0cHM6XC9cL21haWtyYWh2LmVlXC93cC1jb250ZW50XC91cGxvYWRzXC8yMDI0XC8wNlwvUmVzdG9yYW4tTWFpa3JhaHYtc2FhbGlkLTguanBnIiwic2xpZGVzaG93IjoiNzk2YWFjMyJ9\" href='https:\/\/maikrahv.ee\/wp-content\/uploads\/2024\/06\/Restoran-Maikrahv-saalid-8.jpg'><img decoding=\"async\" width=\"768\" height=\"576\" src=\"https:\/\/maikrahv.ee\/wp-content\/uploads\/2024\/06\/Restoran-Maikrahv-saalid-8-768x576.jpg\" class=\"attachment-medium_large size-medium_large\" alt=\"\" srcset=\"https:\/\/maikrahv.ee\/wp-content\/uploads\/2024\/06\/Restoran-Maikrahv-saalid-8-768x576.jpg 768w, https:\/\/maikrahv.ee\/wp-content\/uploads\/2024\/06\/Restoran-Maikrahv-saalid-8-300x225.jpg 300w, https:\/\/maikrahv.ee\/wp-content\/uploads\/2024\/06\/Restoran-Maikrahv-saalid-8-1024x768.jpg 1024w, https:\/\/maikrahv.ee\/wp-content\/uploads\/2024\/06\/Restoran-Maikrahv-saalid-8-1536x1152.jpg 1536w, https:\/\/maikrahv.ee\/wp-content\/uploads\/2024\/06\/Restoran-Maikrahv-saalid-8.jpg 1600w\" sizes=\"(max-width: 768px) 100vw, 768px\" \/><\/a>\n\t\t\t<\/div><\/figure><figure class='gallery-item'>\n\t\t\t<div class='gallery-icon landscape'>\n\t\t\t\t<a data-elementor-open-lightbox=\"yes\" data-elementor-lightbox-slideshow=\"796aac3\" data-elementor-lightbox-title=\"Restoran Maikrahv saalid 7\" data-elementor-lightbox-description=\"Kutsume k\u00fclla restorani Maikrahv! Tutvuge men\u00fc\u00fcdega ja broneerige laud v\u00f5i saal.\" data-e-action-hash=\"#elementor-action%3Aaction%3Dlightbox%26settings%3DeyJpZCI6MzY0MywidXJsIjoiaHR0cHM6XC9cL21haWtyYWh2LmVlXC93cC1jb250ZW50XC91cGxvYWRzXC8yMDI0XC8wNlwvUmVzdG9yYW4tTWFpa3JhaHYtc2FhbGlkLTcuanBnIiwic2xpZGVzaG93IjoiNzk2YWFjMyJ9\" href='https:\/\/maikrahv.ee\/wp-content\/uploads\/2024\/06\/Restoran-Maikrahv-saalid-7.jpg'><img loading=\"lazy\" decoding=\"async\" width=\"768\" height=\"576\" src=\"https:\/\/maikrahv.ee\/wp-content\/uploads\/2024\/06\/Restoran-Maikrahv-saalid-7-768x576.jpg\" class=\"attachment-medium_large size-medium_large\" alt=\"\" srcset=\"https:\/\/maikrahv.ee\/wp-content\/uploads\/2024\/06\/Restoran-Maikrahv-saalid-7-768x576.jpg 768w, https:\/\/maikrahv.ee\/wp-content\/uploads\/2024\/06\/Restoran-Maikrahv-saalid-7-300x225.jpg 300w, https:\/\/maikrahv.ee\/wp-content\/uploads\/2024\/06\/Restoran-Maikrahv-saalid-7-1024x768.jpg 1024w, https:\/\/maikrahv.ee\/wp-content\/uploads\/2024\/06\/Restoran-Maikrahv-saalid-7-1536x1152.jpg 1536w, https:\/\/maikrahv.ee\/wp-content\/uploads\/2024\/06\/Restoran-Maikrahv-saalid-7.jpg 1600w\" sizes=\"(max-width: 768px) 100vw, 768px\" \/><\/a>\n\t\t\t<\/div><\/figure><figure class='gallery-item'>\n\t\t\t<div class='gallery-icon landscape'>\n\t\t\t\t<a data-elementor-open-lightbox=\"yes\" data-elementor-lightbox-slideshow=\"796aac3\" data-elementor-lightbox-title=\"Restoran Maikrahv saalid 10\" data-elementor-lightbox-description=\"Kutsume k\u00fclla restorani Maikrahv! Tutvuge men\u00fc\u00fcdega ja broneerige laud v\u00f5i saal.\" data-e-action-hash=\"#elementor-action%3Aaction%3Dlightbox%26settings%3DeyJpZCI6MzY0OSwidXJsIjoiaHR0cHM6XC9cL21haWtyYWh2LmVlXC93cC1jb250ZW50XC91cGxvYWRzXC8yMDI0XC8wNlwvUmVzdG9yYW4tTWFpa3JhaHYtc2FhbGlkLTEwLmpwZyIsInNsaWRlc2hvdyI6Ijc5NmFhYzMifQ%3D%3D\" href='https:\/\/maikrahv.ee\/wp-content\/uploads\/2024\/06\/Restoran-Maikrahv-saalid-10.jpg'><img loading=\"lazy\" decoding=\"async\" width=\"768\" height=\"576\" src=\"https:\/\/maikrahv.ee\/wp-content\/uploads\/2024\/06\/Restoran-Maikrahv-saalid-10-768x576.jpg\" class=\"attachment-medium_large size-medium_large\" alt=\"\" srcset=\"https:\/\/maikrahv.ee\/wp-content\/uploads\/2024\/06\/Restoran-Maikrahv-saalid-10-768x576.jpg 768w, https:\/\/maikrahv.ee\/wp-content\/uploads\/2024\/06\/Restoran-Maikrahv-saalid-10-300x225.jpg 300w, https:\/\/maikrahv.ee\/wp-content\/uploads\/2024\/06\/Restoran-Maikrahv-saalid-10-1024x768.jpg 1024w, https:\/\/maikrahv.ee\/wp-content\/uploads\/2024\/06\/Restoran-Maikrahv-saalid-10-1536x1152.jpg 1536w, https:\/\/maikrahv.ee\/wp-content\/uploads\/2024\/06\/Restoran-Maikrahv-saalid-10.jpg 1600w\" sizes=\"(max-width: 768px) 100vw, 768px\" \/><\/a>\n\t\t\t<\/div><\/figure><figure class='gallery-item'>\n\t\t\t<div class='gallery-icon landscape'>\n\t\t\t\t<a data-elementor-open-lightbox=\"yes\" data-elementor-lightbox-slideshow=\"796aac3\" data-elementor-lightbox-title=\"Restoran Maikrahv saalid 11\" data-elementor-lightbox-description=\"Kutsume k\u00fclla restorani Maikrahv! Tutvuge men\u00fc\u00fcdega ja broneerige laud v\u00f5i saal.\" data-e-action-hash=\"#elementor-action%3Aaction%3Dlightbox%26settings%3DeyJpZCI6MzY1MSwidXJsIjoiaHR0cHM6XC9cL21haWtyYWh2LmVlXC93cC1jb250ZW50XC91cGxvYWRzXC8yMDI0XC8wNlwvUmVzdG9yYW4tTWFpa3JhaHYtc2FhbGlkLTExLmpwZyIsInNsaWRlc2hvdyI6Ijc5NmFhYzMifQ%3D%3D\" href='https:\/\/maikrahv.ee\/wp-content\/uploads\/2024\/06\/Restoran-Maikrahv-saalid-11.jpg'><img loading=\"lazy\" decoding=\"async\" width=\"768\" height=\"576\" src=\"https:\/\/maikrahv.ee\/wp-content\/uploads\/2024\/06\/Restoran-Maikrahv-saalid-11-768x576.jpg\" class=\"attachment-medium_large size-medium_large\" alt=\"\" srcset=\"https:\/\/maikrahv.ee\/wp-content\/uploads\/2024\/06\/Restoran-Maikrahv-saalid-11-768x576.jpg 768w, https:\/\/maikrahv.ee\/wp-content\/uploads\/2024\/06\/Restoran-Maikrahv-saalid-11-300x225.jpg 300w, https:\/\/maikrahv.ee\/wp-content\/uploads\/2024\/06\/Restoran-Maikrahv-saalid-11-1024x768.jpg 1024w, https:\/\/maikrahv.ee\/wp-content\/uploads\/2024\/06\/Restoran-Maikrahv-saalid-11-1536x1152.jpg 1536w, https:\/\/maikrahv.ee\/wp-content\/uploads\/2024\/06\/Restoran-Maikrahv-saalid-11.jpg 1600w\" sizes=\"(max-width: 768px) 100vw, 768px\" \/><\/a>\n\t\t\t<\/div><\/figure><figure class='gallery-item'>\n\t\t\t<div class='gallery-icon landscape'>\n\t\t\t\t<a data-elementor-open-lightbox=\"yes\" data-elementor-lightbox-slideshow=\"796aac3\" data-elementor-lightbox-title=\"Restoran Maikrahv saalid 9\" data-elementor-lightbox-description=\"Kutsume k\u00fclla restorani Maikrahv! Tutvuge men\u00fc\u00fcdega ja broneerige laud v\u00f5i saal.\" data-e-action-hash=\"#elementor-action%3Aaction%3Dlightbox%26settings%3DeyJpZCI6MzY0NywidXJsIjoiaHR0cHM6XC9cL21haWtyYWh2LmVlXC93cC1jb250ZW50XC91cGxvYWRzXC8yMDI0XC8wNlwvUmVzdG9yYW4tTWFpa3JhaHYtc2FhbGlkLTkuanBnIiwic2xpZGVzaG93IjoiNzk2YWFjMyJ9\" href='https:\/\/maikrahv.ee\/wp-content\/uploads\/2024\/06\/Restoran-Maikrahv-saalid-9.jpg'><img loading=\"lazy\" decoding=\"async\" width=\"768\" height=\"576\" src=\"https:\/\/maikrahv.ee\/wp-content\/uploads\/2024\/06\/Restoran-Maikrahv-saalid-9-768x576.jpg\" class=\"attachment-medium_large size-medium_large\" alt=\"\" srcset=\"https:\/\/maikrahv.ee\/wp-content\/uploads\/2024\/06\/Restoran-Maikrahv-saalid-9-768x576.jpg 768w, https:\/\/maikrahv.ee\/wp-content\/uploads\/2024\/06\/Restoran-Maikrahv-saalid-9-300x225.jpg 300w, https:\/\/maikrahv.ee\/wp-content\/uploads\/2024\/06\/Restoran-Maikrahv-saalid-9-1024x768.jpg 1024w, https:\/\/maikrahv.ee\/wp-content\/uploads\/2024\/06\/Restoran-Maikrahv-saalid-9-1536x1152.jpg 1536w, https:\/\/maikrahv.ee\/wp-content\/uploads\/2024\/06\/Restoran-Maikrahv-saalid-9.jpg 1600w\" sizes=\"(max-width: 768px) 100vw, 768px\" \/><\/a>\n\t\t\t<\/div><\/figure><figure class='gallery-item'>\n\t\t\t<div class='gallery-icon landscape'>\n\t\t\t\t<a data-elementor-open-lightbox=\"yes\" data-elementor-lightbox-slideshow=\"796aac3\" data-elementor-lightbox-title=\"Restoran Maikrahv saalid 5\" data-elementor-lightbox-description=\"Kutsume k\u00fclla restorani Maikrahv! Tutvuge men\u00fc\u00fcdega ja broneerige laud v\u00f5i saal.\" data-e-action-hash=\"#elementor-action%3Aaction%3Dlightbox%26settings%3DeyJpZCI6MzY2MywidXJsIjoiaHR0cHM6XC9cL21haWtyYWh2LmVlXC93cC1jb250ZW50XC91cGxvYWRzXC8yMDI0XC8wNlwvUmVzdG9yYW4tTWFpa3JhaHYtc2FhbGlkLTUuanBnIiwic2xpZGVzaG93IjoiNzk2YWFjMyJ9\" href='https:\/\/maikrahv.ee\/wp-content\/uploads\/2024\/06\/Restoran-Maikrahv-saalid-5.jpg'><img loading=\"lazy\" decoding=\"async\" width=\"768\" height=\"576\" src=\"https:\/\/maikrahv.ee\/wp-content\/uploads\/2024\/06\/Restoran-Maikrahv-saalid-5-768x576.jpg\" class=\"attachment-medium_large size-medium_large\" alt=\"\" srcset=\"https:\/\/maikrahv.ee\/wp-content\/uploads\/2024\/06\/Restoran-Maikrahv-saalid-5-768x576.jpg 768w, https:\/\/maikrahv.ee\/wp-content\/uploads\/2024\/06\/Restoran-Maikrahv-saalid-5-300x225.jpg 300w, https:\/\/maikrahv.ee\/wp-content\/uploads\/2024\/06\/Restoran-Maikrahv-saalid-5-1024x768.jpg 1024w, https:\/\/maikrahv.ee\/wp-content\/uploads\/2024\/06\/Restoran-Maikrahv-saalid-5-1536x1152.jpg 1536w, https:\/\/maikrahv.ee\/wp-content\/uploads\/2024\/06\/Restoran-Maikrahv-saalid-5.jpg 1600w\" sizes=\"(max-width: 768px) 100vw, 768px\" \/><\/a>\n\t\t\t<\/div><\/figure><figure class='gallery-item'>\n\t\t\t<div class='gallery-icon landscape'>\n\t\t\t\t<a data-elementor-open-lightbox=\"yes\" data-elementor-lightbox-slideshow=\"796aac3\" data-elementor-lightbox-title=\"Restoran Maikrahv saalid 2\" data-elementor-lightbox-description=\"Kutsume k\u00fclla restorani Maikrahv! Tutvuge men\u00fc\u00fcdega ja broneerige laud v\u00f5i saal.\" data-e-action-hash=\"#elementor-action%3Aaction%3Dlightbox%26settings%3DeyJpZCI6MzY1NywidXJsIjoiaHR0cHM6XC9cL21haWtyYWh2LmVlXC93cC1jb250ZW50XC91cGxvYWRzXC8yMDI0XC8wNlwvUmVzdG9yYW4tTWFpa3JhaHYtc2FhbGlkLTIuanBnIiwic2xpZGVzaG93IjoiNzk2YWFjMyJ9\" href='https:\/\/maikrahv.ee\/wp-content\/uploads\/2024\/06\/Restoran-Maikrahv-saalid-2.jpg'><img loading=\"lazy\" decoding=\"async\" width=\"768\" height=\"576\" src=\"https:\/\/maikrahv.ee\/wp-content\/uploads\/2024\/06\/Restoran-Maikrahv-saalid-2-768x576.jpg\" class=\"attachment-medium_large size-medium_large\" alt=\"\" srcset=\"https:\/\/maikrahv.ee\/wp-content\/uploads\/2024\/06\/Restoran-Maikrahv-saalid-2-768x576.jpg 768w, https:\/\/maikrahv.ee\/wp-content\/uploads\/2024\/06\/Restoran-Maikrahv-saalid-2-300x225.jpg 300w, https:\/\/maikrahv.ee\/wp-content\/uploads\/2024\/06\/Restoran-Maikrahv-saalid-2-1024x768.jpg 1024w, https:\/\/maikrahv.ee\/wp-content\/uploads\/2024\/06\/Restoran-Maikrahv-saalid-2-1536x1152.jpg 1536w, https:\/\/maikrahv.ee\/wp-content\/uploads\/2024\/06\/Restoran-Maikrahv-saalid-2.jpg 1600w\" sizes=\"(max-width: 768px) 100vw, 768px\" \/><\/a>\n\t\t\t<\/div><\/figure><figure class='gallery-item'>\n\t\t\t<div class='gallery-icon landscape'>\n\t\t\t\t<a data-elementor-open-lightbox=\"yes\" data-elementor-lightbox-slideshow=\"796aac3\" data-elementor-lightbox-title=\"Restoran Maikrahv saalid 4\" data-elementor-lightbox-description=\"Kutsume k\u00fclla restorani Maikrahv! Tutvuge men\u00fc\u00fcdega ja broneerige laud v\u00f5i saal.\" data-e-action-hash=\"#elementor-action%3Aaction%3Dlightbox%26settings%3DeyJpZCI6MzY2MSwidXJsIjoiaHR0cHM6XC9cL21haWtyYWh2LmVlXC93cC1jb250ZW50XC91cGxvYWRzXC8yMDI0XC8wNlwvUmVzdG9yYW4tTWFpa3JhaHYtc2FhbGlkLTQuanBnIiwic2xpZGVzaG93IjoiNzk2YWFjMyJ9\" href='https:\/\/maikrahv.ee\/wp-content\/uploads\/2024\/06\/Restoran-Maikrahv-saalid-4.jpg'><img loading=\"lazy\" decoding=\"async\" width=\"768\" height=\"576\" src=\"https:\/\/maikrahv.ee\/wp-content\/uploads\/2024\/06\/Restoran-Maikrahv-saalid-4-768x576.jpg\" class=\"attachment-medium_large size-medium_large\" alt=\"\" srcset=\"https:\/\/maikrahv.ee\/wp-content\/uploads\/2024\/06\/Restoran-Maikrahv-saalid-4-768x576.jpg 768w, https:\/\/maikrahv.ee\/wp-content\/uploads\/2024\/06\/Restoran-Maikrahv-saalid-4-300x225.jpg 300w, https:\/\/maikrahv.ee\/wp-content\/uploads\/2024\/06\/Restoran-Maikrahv-saalid-4-1024x768.jpg 1024w, https:\/\/maikrahv.ee\/wp-content\/uploads\/2024\/06\/Restoran-Maikrahv-saalid-4-1536x1152.jpg 1536w, https:\/\/maikrahv.ee\/wp-content\/uploads\/2024\/06\/Restoran-Maikrahv-saalid-4.jpg 1600w\" sizes=\"(max-width: 768px) 100vw, 768px\" \/><\/a>\n\t\t\t<\/div><\/figure><figure class='gallery-item'>\n\t\t\t<div class='gallery-icon landscape'>\n\t\t\t\t<a data-elementor-open-lightbox=\"yes\" data-elementor-lightbox-slideshow=\"796aac3\" data-elementor-lightbox-title=\"Restoran Maikrahv saalid 1\" data-elementor-lightbox-description=\"Kutsume k\u00fclla restorani Maikrahv! Tutvuge men\u00fc\u00fcdega ja broneerige laud v\u00f5i saal.\" data-e-action-hash=\"#elementor-action%3Aaction%3Dlightbox%26settings%3DeyJpZCI6MzY1NSwidXJsIjoiaHR0cHM6XC9cL21haWtyYWh2LmVlXC93cC1jb250ZW50XC91cGxvYWRzXC8yMDI0XC8wNlwvUmVzdG9yYW4tTWFpa3JhaHYtc2FhbGlkLTEuanBnIiwic2xpZGVzaG93IjoiNzk2YWFjMyJ9\" href='https:\/\/maikrahv.ee\/wp-content\/uploads\/2024\/06\/Restoran-Maikrahv-saalid-1.jpg'><img loading=\"lazy\" decoding=\"async\" width=\"768\" height=\"576\" src=\"https:\/\/maikrahv.ee\/wp-content\/uploads\/2024\/06\/Restoran-Maikrahv-saalid-1-768x576.jpg\" class=\"attachment-medium_large size-medium_large\" alt=\"\" srcset=\"https:\/\/maikrahv.ee\/wp-content\/uploads\/2024\/06\/Restoran-Maikrahv-saalid-1-768x576.jpg 768w, https:\/\/maikrahv.ee\/wp-content\/uploads\/2024\/06\/Restoran-Maikrahv-saalid-1-300x225.jpg 300w, https:\/\/maikrahv.ee\/wp-content\/uploads\/2024\/06\/Restoran-Maikrahv-saalid-1-1024x768.jpg 1024w, https:\/\/maikrahv.ee\/wp-content\/uploads\/2024\/06\/Restoran-Maikrahv-saalid-1-1536x1152.jpg 1536w, https:\/\/maikrahv.ee\/wp-content\/uploads\/2024\/06\/Restoran-Maikrahv-saalid-1.jpg 1600w\" sizes=\"(max-width: 768px) 100vw, 768px\" \/><\/a>\n\t\t\t<\/div><\/figure><figure class='gallery-item'>\n\t\t\t<div class='gallery-icon landscape'>\n\t\t\t\t<a data-elementor-open-lightbox=\"yes\" data-elementor-lightbox-slideshow=\"796aac3\" data-elementor-lightbox-title=\"Restoran Maikrahv saalid 3\" data-elementor-lightbox-description=\"Kutsume k\u00fclla restorani Maikrahv! Tutvuge men\u00fc\u00fcdega ja broneerige laud v\u00f5i saal.\" data-e-action-hash=\"#elementor-action%3Aaction%3Dlightbox%26settings%3DeyJpZCI6MzY1OSwidXJsIjoiaHR0cHM6XC9cL21haWtyYWh2LmVlXC93cC1jb250ZW50XC91cGxvYWRzXC8yMDI0XC8wNlwvUmVzdG9yYW4tTWFpa3JhaHYtc2FhbGlkLTMuanBnIiwic2xpZGVzaG93IjoiNzk2YWFjMyJ9\" href='https:\/\/maikrahv.ee\/wp-content\/uploads\/2024\/06\/Restoran-Maikrahv-saalid-3.jpg'><img loading=\"lazy\" decoding=\"async\" width=\"768\" height=\"576\" src=\"https:\/\/maikrahv.ee\/wp-content\/uploads\/2024\/06\/Restoran-Maikrahv-saalid-3-768x576.jpg\" class=\"attachment-medium_large size-medium_large\" alt=\"\" srcset=\"https:\/\/maikrahv.ee\/wp-content\/uploads\/2024\/06\/Restoran-Maikrahv-saalid-3-768x576.jpg 768w, https:\/\/maikrahv.ee\/wp-content\/uploads\/2024\/06\/Restoran-Maikrahv-saalid-3-300x225.jpg 300w, https:\/\/maikrahv.ee\/wp-content\/uploads\/2024\/06\/Restoran-Maikrahv-saalid-3-1024x768.jpg 1024w, https:\/\/maikrahv.ee\/wp-content\/uploads\/2024\/06\/Restoran-Maikrahv-saalid-3-1536x1152.jpg 1536w, https:\/\/maikrahv.ee\/wp-content\/uploads\/2024\/06\/Restoran-Maikrahv-saalid-3.jpg 1600w\" sizes=\"(max-width: 768px) 100vw, 768px\" \/><\/a>\n\t\t\t<\/div><\/figure>\n\t\t<\/div>\n\t\t<\/div>\n\t\t\t\t\t\t<\/div>\n\t\t\t\t<\/div>\n\t\t\t\t\t<\/div>\n\t\t<\/div>\n\t\t\t\t\t<\/div>\n\t\t<\/section>\n\t\t\t\t<\/div>\n\t\t","protected":false},"excerpt":{"rendered":"<p>Salit Maikrahv ravintolassa on tilaa 210 kunniavieraalle. P\u00e4\u00e4saliin mahtuu 110 vierasta. Pienempien ja yksityisempien tapahtumien j\u00e4rjest\u00e4miseen sopivat Holvisali, Mustap\u00e4iden sali [&hellip;]<\/p>\n","protected":false},"author":2,"featured_media":0,"parent":3865,"menu_order":0,"comment_status":"closed","ping_status":"closed","template":"","meta":{"site-sidebar-layout":"no-sidebar","site-content-layout":"page-builder","ast-site-content-layout":"full-width-container","site-content-style":"default","site-sidebar-style":"default","ast-global-header-display":"","ast-banner-title-visibility":"","ast-main-header-display":"","ast-hfb-above-header-display":"","ast-hfb-below-header-display":"","ast-hfb-mobile-header-display":"","site-post-title":"disabled","ast-breadcrumbs-content":"","ast-featured-img":"disabled","footer-sml-layout":"","ast-disable-related-posts":"","theme-transparent-header-meta":"default","adv-header-id-meta":"","stick-header-meta":"default","header-above-stick-meta":"","header-main-stick-meta":"","header-below-stick-meta":"","astra-migrate-meta-layouts":"set","ast-page-background-enabled":"default","ast-page-background-meta":{"desktop":{"background-color":"","background-image":"","background-repeat":"repeat","background-position":"center center","background-size":"auto","background-attachment":"scroll","background-type":"","background-media":"","overlay-type":"","overlay-color":"","overlay-opacity":"","overlay-gradient":""},"tablet":{"background-color":"","background-image":"","background-repeat":"repeat","background-position":"center center","background-size":"auto","background-attachment":"scroll","background-type":"","background-media":"","overlay-type":"","overlay-color":"","overlay-opacity":"","overlay-gradient":""},"mobile":{"background-color":"","background-image":"","background-repeat":"repeat","background-position":"center center","background-size":"auto","background-attachment":"scroll","background-type":"","background-media":"","overlay-type":"","overlay-color":"","overlay-opacity":"","overlay-gradient":""}},"ast-content-background-meta":{"desktop":{"background-color":"var(--ast-global-color-5)","background-image":"","background-repeat":"repeat","background-position":"center center","background-size":"auto","background-attachment":"scroll","background-type":"","background-media":"","overlay-type":"","overlay-color":"","overlay-opacity":"","overlay-gradient":""},"tablet":{"background-color":"var(--ast-global-color-5)","background-image":"","background-repeat":"repeat","background-position":"center center","background-size":"auto","background-attachment":"scroll","background-type":"","background-media":"","overlay-type":"","overlay-color":"","overlay-opacity":"","overlay-gradient":""},"mobile":{"background-color":"var(--ast-global-color-5)","background-image":"","background-repeat":"repeat","background-position":"center center","background-size":"auto","background-attachment":"scroll","background-type":"","background-media":"","overlay-type":"","overlay-color":"","overlay-opacity":"","overlay-gradient":""}},"footnotes":""},"class_list":["post-3955","page","type-page","status-publish","hentry"],"_links":{"self":[{"href":"https:\/\/maikrahv.ee\/fi\/wp-json\/wp\/v2\/pages\/3955","targetHints":{"allow":["GET"]}}],"collection":[{"href":"https:\/\/maikrahv.ee\/fi\/wp-json\/wp\/v2\/pages"}],"about":[{"href":"https:\/\/maikrahv.ee\/fi\/wp-json\/wp\/v2\/types\/page"}],"author":[{"embeddable":true,"href":"https:\/\/maikrahv.ee\/fi\/wp-json\/wp\/v2\/users\/2"}],"replies":[{"embeddable":true,"href":"https:\/\/maikrahv.ee\/fi\/wp-json\/wp\/v2\/comments?post=3955"}],"version-history":[{"count":7,"href":"https:\/\/maikrahv.ee\/fi\/wp-json\/wp\/v2\/pages\/3955\/revisions"}],"predecessor-version":[{"id":3962,"href":"https:\/\/maikrahv.ee\/fi\/wp-json\/wp\/v2\/pages\/3955\/revisions\/3962"}],"up":[{"embeddable":true,"href":"https:\/\/maikrahv.ee\/fi\/wp-json\/wp\/v2\/pages\/3865"}],"wp:attachment":[{"href":"https:\/\/maikrahv.ee\/fi\/wp-json\/wp\/v2\/media?parent=3955"}],"curies":[{"name":"wp","href":"https:\/\/api.w.org\/{rel}","templated":true}]}}