{"id":3940,"date":"2024-06-02T17:31:35","date_gmt":"2024-06-02T17:31:35","guid":{"rendered":"https:\/\/maikrahv.ee\/?page_id=3940"},"modified":"2024-07-07T16:55:03","modified_gmt":"2024-07-07T16:55:03","slug":"sijainti","status":"publish","type":"page","link":"https:\/\/maikrahv.ee\/fi\/sijainti\/","title":{"rendered":"Sijainti"},"content":{"rendered":"\t\t<div data-elementor-type=\"wp-page\" data-elementor-id=\"3940\" class=\"elementor elementor-3940 elementor-3560\">\n\t\t\t\t\t\t<section class=\"elementor-section elementor-top-section elementor-element elementor-element-5ff39ce5 elementor-section-boxed elementor-section-height-default elementor-section-height-default\" data-id=\"5ff39ce5\" data-element_type=\"section\" data-e-type=\"section\">\n\t\t\t\t\t\t<div class=\"elementor-container elementor-column-gap-default\">\n\t\t\t\t\t<div class=\"elementor-column elementor-col-100 elementor-top-column elementor-element elementor-element-6cb8eb39\" data-id=\"6cb8eb39\" data-element_type=\"column\" data-e-type=\"column\">\n\t\t\t<div class=\"elementor-widget-wrap elementor-element-populated\">\n\t\t\t\t\t\t<div class=\"elementor-element elementor-element-c7671ff elementor-widget elementor-widget-text-editor\" data-id=\"c7671ff\" data-element_type=\"widget\" data-e-type=\"widget\" data-widget_type=\"text-editor.default\">\n\t\t\t\t<div class=\"elementor-widget-container\">\n\t\t\t\t\t\t\t\t\t<h1 style=\"text-align: center;\">Sijainti<\/h1><p style=\"text-align: center;\">Maikrahv ravintola sijaitsee Tallinnan syd\u00e4mess\u00e4 Raatihuoneentorilla.<\/p><p style=\"text-align: center;\"><strong>Tervetuloa!<\/strong><\/p><p style=\"text-align: center;\">Ravintolassa on 210 paikkaa, mutta varmuuden vuoksi suosittelemme aina tekem\u00e4\u00e4n p\u00f6yt\u00e4varauksen etuk\u00e4teen.<\/p><p style=\"text-align: center;\">Raatihuoneentori oli jo keskiajalla Tallinnan t\u00e4rkein solmukohta, jonne johtavat kaikki vanhan kaupungin suuret kadut.<\/p><p style=\"text-align: center;\">Sinne p\u00e4\u00e4see helposti k\u00e4vellen pohjoisesta, etel\u00e4st\u00e4, id\u00e4st\u00e4 ja l\u00e4nnest\u00e4. Tallinnan t\u00e4rkeimm\u00e4t n\u00e4ht\u00e4vyydet ja kauneimmat n\u00e4k\u00f6alatasanteet ovat vain muutaman minuutin k\u00e4velymatkan p\u00e4\u00e4ss\u00e4.<\/p><p style=\"text-align: center;\">Tallinnan vanhankaupungin symbolit, Raatihuone ja Vanha Toomas tuuliviiri vangitsevat katsetta.<\/p><p style=\"text-align: center;\"><a href=\"https:\/\/maikrahv.ee\/fi\/yhteystiedot\/\">Varaa p\u00f6yt\u00e4<\/a><\/p>\t\t\t\t\t\t\t\t<\/div>\n\t\t\t\t<\/div>\n\t\t\t\t\t<\/div>\n\t\t<\/div>\n\t\t\t\t\t<\/div>\n\t\t<\/section>\n\t\t\t\t<section class=\"elementor-section elementor-top-section elementor-element elementor-element-6c114b89 elementor-section-boxed elementor-section-height-default elementor-section-height-default\" data-id=\"6c114b89\" data-element_type=\"section\" data-e-type=\"section\">\n\t\t\t\t\t\t<div class=\"elementor-container elementor-column-gap-default\">\n\t\t\t\t\t<div class=\"elementor-column elementor-col-100 elementor-top-column elementor-element elementor-element-794123d6\" data-id=\"794123d6\" data-element_type=\"column\" data-e-type=\"column\">\n\t\t\t<div class=\"elementor-widget-wrap elementor-element-populated\">\n\t\t\t\t\t\t<div class=\"elementor-element elementor-element-673ff7e3 elementor-widget elementor-widget-text-editor\" data-id=\"673ff7e3\" data-element_type=\"widget\" data-e-type=\"widget\" data-widget_type=\"text-editor.default\">\n\t\t\t\t<div class=\"elementor-widget-container\">\n\t\t\t\t\t\t\t\t\t<p style=\"text-align: center;\"><strong>L\u00f6yd\u00e4 tiesi meille! <\/strong><span style=\"font-size: 16px;\">K\u00e4yt\u00e4 alla olevaa tai puhelimen Google-karttaa saadaksesi ohjeet, miten p\u00e4\u00e4set sijaintipaikastasi Maikrahv ravintolaan.<\/span><\/p>\t\t\t\t\t\t\t\t<\/div>\n\t\t\t\t<\/div>\n\t\t\t\t<div class=\"elementor-element elementor-element-41a26989 elementor-widget elementor-widget-html\" data-id=\"41a26989\" data-element_type=\"widget\" data-e-type=\"widget\" data-widget_type=\"html.default\">\n\t\t\t\t<div class=\"elementor-widget-container\">\n\t\t\t\t\t<iframe src=\"https:\/\/www.google.com\/maps\/embed?pb=!1m18!1m12!1m3!1d507.1801982687138!2d24.744284069724813!3d59.43773109841669!2m3!1f0!2f0!3f0!3m2!1i1024!2i768!4f13.1!3m3!1m2!1s0x46929362404012ad%3A0x91bd2c10973412a7!2sRestoran%20Maikrahv!5e0!3m2!1set!2see!4v1716212917849!5m2!1set!2see\" width=\"1000\" height=\"600\" style=\"border:0;\" allowfullscreen=\"\" loading=\"lazy\" referrerpolicy=\"no-referrer-when-downgrade\"><\/iframe>\t\t\t\t<\/div>\n\t\t\t\t<\/div>\n\t\t\t\t<div class=\"elementor-element elementor-element-555169ca elementor-widget elementor-widget-text-editor\" data-id=\"555169ca\" data-element_type=\"widget\" data-e-type=\"widget\" data-widget_type=\"text-editor.default\">\n\t\t\t\t<div class=\"elementor-widget-container\">\n\t\t\t\t\t\t\t\t\t<p style=\"text-align: center;\">Nauti herkullisista ruoista ja kaupungin parhaasta viihteest\u00e4 Tallinnan vanhankaupungin syd\u00e4mess\u00e4, Raatihuoneentorin varrella.<\/p>\t\t\t\t\t\t\t\t<\/div>\n\t\t\t\t<\/div>\n\t\t\t\t\t<\/div>\n\t\t<\/div>\n\t\t\t\t\t<\/div>\n\t\t<\/section>\n\t\t\t\t<\/div>\n\t\t","protected":false},"excerpt":{"rendered":"<p>Sijainti Maikrahv ravintola sijaitsee Tallinnan syd\u00e4mess\u00e4 Raatihuoneentorilla. Tervetuloa! Ravintolassa on 210 paikkaa, mutta varmuuden vuoksi suosittelemme aina tekem\u00e4\u00e4n p\u00f6yt\u00e4varauksen etuk\u00e4teen. [&hellip;]<\/p>\n","protected":false},"author":2,"featured_media":0,"parent":0,"menu_order":0,"comment_status":"closed","ping_status":"closed","template":"","meta":{"site-sidebar-layout":"no-sidebar","site-content-layout":"page-builder","ast-site-content-layout":"full-width-container","site-content-style":"default","site-sidebar-style":"default","ast-global-header-display":"","ast-banner-title-visibility":"","ast-main-header-display":"","ast-hfb-above-header-display":"","ast-hfb-below-header-display":"","ast-hfb-mobile-header-display":"","site-post-title":"disabled","ast-breadcrumbs-content":"","ast-featured-img":"disabled","footer-sml-layout":"","ast-disable-related-posts":"","theme-transparent-header-meta":"default","adv-header-id-meta":"","stick-header-meta":"default","header-above-stick-meta":"","header-main-stick-meta":"","header-below-stick-meta":"","astra-migrate-meta-layouts":"set","ast-page-background-enabled":"default","ast-page-background-meta":{"desktop":{"background-color":"","background-image":"","background-repeat":"repeat","background-position":"center center","background-size":"auto","background-attachment":"scroll","background-type":"","background-media":"","overlay-type":"","overlay-color":"","overlay-opacity":"","overlay-gradient":""},"tablet":{"background-color":"","background-image":"","background-repeat":"repeat","background-position":"center center","background-size":"auto","background-attachment":"scroll","background-type":"","background-media":"","overlay-type":"","overlay-color":"","overlay-opacity":"","overlay-gradient":""},"mobile":{"background-color":"","background-image":"","background-repeat":"repeat","background-position":"center center","background-size":"auto","background-attachment":"scroll","background-type":"","background-media":"","overlay-type":"","overlay-color":"","overlay-opacity":"","overlay-gradient":""}},"ast-content-background-meta":{"desktop":{"background-color":"var(--ast-global-color-5)","background-image":"","background-repeat":"repeat","background-position":"center center","background-size":"auto","background-attachment":"scroll","background-type":"","background-media":"","overlay-type":"","overlay-color":"","overlay-opacity":"","overlay-gradient":""},"tablet":{"background-color":"var(--ast-global-color-5)","background-image":"","background-repeat":"repeat","background-position":"center center","background-size":"auto","background-attachment":"scroll","background-type":"","background-media":"","overlay-type":"","overlay-color":"","overlay-opacity":"","overlay-gradient":""},"mobile":{"background-color":"var(--ast-global-color-5)","background-image":"","background-repeat":"repeat","background-position":"center center","background-size":"auto","background-attachment":"scroll","background-type":"","background-media":"","overlay-type":"","overlay-color":"","overlay-opacity":"","overlay-gradient":""}},"footnotes":""},"class_list":["post-3940","page","type-page","status-publish","hentry"],"_links":{"self":[{"href":"https:\/\/maikrahv.ee\/fi\/wp-json\/wp\/v2\/pages\/3940","targetHints":{"allow":["GET"]}}],"collection":[{"href":"https:\/\/maikrahv.ee\/fi\/wp-json\/wp\/v2\/pages"}],"about":[{"href":"https:\/\/maikrahv.ee\/fi\/wp-json\/wp\/v2\/types\/page"}],"author":[{"embeddable":true,"href":"https:\/\/maikrahv.ee\/fi\/wp-json\/wp\/v2\/users\/2"}],"replies":[{"embeddable":true,"href":"https:\/\/maikrahv.ee\/fi\/wp-json\/wp\/v2\/comments?post=3940"}],"version-history":[{"count":8,"href":"https:\/\/maikrahv.ee\/fi\/wp-json\/wp\/v2\/pages\/3940\/revisions"}],"predecessor-version":[{"id":3954,"href":"https:\/\/maikrahv.ee\/fi\/wp-json\/wp\/v2\/pages\/3940\/revisions\/3954"}],"wp:attachment":[{"href":"https:\/\/maikrahv.ee\/fi\/wp-json\/wp\/v2\/media?parent=3940"}],"curies":[{"name":"wp","href":"https:\/\/api.w.org\/{rel}","templated":true}]}}