{"id":3865,"date":"2024-06-02T17:34:20","date_gmt":"2024-06-02T17:34:20","guid":{"rendered":"https:\/\/maikrahv.ee\/galerii\/"},"modified":"2025-03-26T10:38:50","modified_gmt":"2025-03-26T10:38:50","slug":"galleria","status":"publish","type":"page","link":"https:\/\/maikrahv.ee\/fi\/galleria\/","title":{"rendered":"Galleria"},"content":{"rendered":"\t\t<div data-elementor-type=\"wp-page\" data-elementor-id=\"3865\" class=\"elementor elementor-3865 elementor-3568\">\n\t\t\t\t\t\t<section class=\"elementor-section elementor-top-section elementor-element elementor-element-909630b elementor-section-boxed elementor-section-height-default elementor-section-height-default\" data-id=\"909630b\" data-element_type=\"section\" data-e-type=\"section\">\n\t\t\t\t\t\t<div class=\"elementor-container elementor-column-gap-default\">\n\t\t\t\t\t<div class=\"elementor-column elementor-col-100 elementor-top-column elementor-element elementor-element-ff7672b\" data-id=\"ff7672b\" data-element_type=\"column\" data-e-type=\"column\">\n\t\t\t<div class=\"elementor-widget-wrap elementor-element-populated\">\n\t\t\t\t\t\t<div class=\"elementor-element elementor-element-c315a7e elementor-widget elementor-widget-text-editor\" data-id=\"c315a7e\" data-element_type=\"widget\" data-e-type=\"widget\" data-widget_type=\"text-editor.default\">\n\t\t\t\t<div class=\"elementor-widget-container\">\n\t\t\t\t\t\t\t\t\t<h1 style=\"text-align: center;\">Galleria<\/h1><p style=\"text-align: center;\">Maikrahv ravintola tarjoaa hyvi\u00e4 makuja ja erityisi\u00e4 el\u00e4myksi\u00e4.<\/p><p style=\"text-align: center;\">Hemmottelemme arvoisia raatiherroja, tyylikk\u00e4it\u00e4 rouvia ja ulkomaisia \u200b\u200bvieraita mit\u00e4 parhaimmilla juomilla ja ruoilla, aivan kuten toukokuun kreivin juhlissa keskiajalla oli tapana.<\/p><p style=\"text-align: center;\">Tervetuloa ravintolaamme nauttimaan sek\u00e4 lounaasta ett\u00e4 illallisesta.<\/p><p style=\"text-align: center;\"><a href=\"https:\/\/maikrahv.ee\/fi\/yhteystiedot\/\"><strong><span style=\"text-decoration: underline;\">Varaa p\u00f6yt\u00e4<\/span><\/strong><\/a><\/p>\t\t\t\t\t\t\t\t<\/div>\n\t\t\t\t<\/div>\n\t\t\t\t\t<\/div>\n\t\t<\/div>\n\t\t\t\t\t<\/div>\n\t\t<\/section>\n\t\t\t\t<section class=\"elementor-section elementor-top-section elementor-element elementor-element-370ec129 elementor-section-boxed elementor-section-height-default elementor-section-height-default\" data-id=\"370ec129\" data-element_type=\"section\" data-e-type=\"section\">\n\t\t\t\t\t\t<div class=\"elementor-container elementor-column-gap-default\">\n\t\t\t\t\t<div class=\"elementor-column elementor-col-33 elementor-top-column elementor-element elementor-element-6c60dd60\" data-id=\"6c60dd60\" data-element_type=\"column\" data-e-type=\"column\">\n\t\t\t<div class=\"elementor-widget-wrap elementor-element-populated\">\n\t\t\t\t\t\t<div class=\"elementor-element elementor-element-13c5c546 elementor-widget elementor-widget-text-editor\" data-id=\"13c5c546\" data-element_type=\"widget\" data-e-type=\"widget\" data-widget_type=\"text-editor.default\">\n\t\t\t\t<div class=\"elementor-widget-container\">\n\t\t\t\t\t\t\t\t\t<h2 style=\"text-align: center;\">Kuvia<\/h2>\t\t\t\t\t\t\t\t<\/div>\n\t\t\t\t<\/div>\n\t\t\t\t\t<\/div>\n\t\t<\/div>\n\t\t\t\t<div class=\"elementor-column elementor-col-33 elementor-top-column elementor-element elementor-element-2704c11\" data-id=\"2704c11\" data-element_type=\"column\" data-e-type=\"column\">\n\t\t\t<div class=\"elementor-widget-wrap elementor-element-populated\">\n\t\t\t\t\t\t<div class=\"elementor-element elementor-element-57cd65d8 elementor-align-justify elementor-widget elementor-widget-button\" data-id=\"57cd65d8\" data-element_type=\"widget\" data-e-type=\"widget\" data-widget_type=\"button.default\">\n\t\t\t\t<div class=\"elementor-widget-container\">\n\t\t\t\t\t\t\t\t\t<div class=\"elementor-button-wrapper\">\n\t\t\t\t\t<a class=\"elementor-button elementor-button-link elementor-size-sm\" href=\"https:\/\/maikrahv.ee\/galerii\/atmosfaar\/\">\n\t\t\t\t\t\t<span class=\"elementor-button-content-wrapper\">\n\t\t\t\t\t\t\t\t\t<span class=\"elementor-button-text\">Atmosf\u00e4\u00e4r<\/span>\n\t\t\t\t\t<\/span>\n\t\t\t\t\t<\/a>\n\t\t\t\t<\/div>\n\t\t\t\t\t\t\t\t<\/div>\n\t\t\t\t<\/div>\n\t\t\t\t\t<\/div>\n\t\t<\/div>\n\t\t\t\t<div class=\"elementor-column elementor-col-33 elementor-top-column elementor-element elementor-element-3496366\" data-id=\"3496366\" data-element_type=\"column\" data-e-type=\"column\">\n\t\t\t<div class=\"elementor-widget-wrap elementor-element-populated\">\n\t\t\t\t\t\t<div class=\"elementor-element elementor-element-3bde2b2c elementor-align-justify elementor-widget elementor-widget-button\" data-id=\"3bde2b2c\" data-element_type=\"widget\" data-e-type=\"widget\" data-widget_type=\"button.default\">\n\t\t\t\t<div class=\"elementor-widget-container\">\n\t\t\t\t\t\t\t\t\t<div class=\"elementor-button-wrapper\">\n\t\t\t\t\t<a class=\"elementor-button elementor-button-link elementor-size-sm\" href=\"https:\/\/maikrahv.ee\/galerii\/ruumid\/\">\n\t\t\t\t\t\t<span class=\"elementor-button-content-wrapper\">\n\t\t\t\t\t\t\t\t\t<span class=\"elementor-button-text\">Salit<\/span>\n\t\t\t\t\t<\/span>\n\t\t\t\t\t<\/a>\n\t\t\t\t<\/div>\n\t\t\t\t\t\t\t\t<\/div>\n\t\t\t\t<\/div>\n\t\t\t\t\t<\/div>\n\t\t<\/div>\n\t\t\t\t\t<\/div>\n\t\t<\/section>\n\t\t\t\t<section class=\"elementor-section elementor-top-section elementor-element elementor-element-3808415 elementor-section-boxed elementor-section-height-default elementor-section-height-default\" data-id=\"3808415\" data-element_type=\"section\" data-e-type=\"section\">\n\t\t\t\t\t\t<div class=\"elementor-container elementor-column-gap-default\">\n\t\t\t\t\t<div class=\"elementor-column elementor-col-100 elementor-top-column elementor-element elementor-element-404686a\" data-id=\"404686a\" data-element_type=\"column\" data-e-type=\"column\">\n\t\t\t<div class=\"elementor-widget-wrap elementor-element-populated\">\n\t\t\t\t\t\t<div class=\"elementor-element elementor-element-4cd221a elementor-widget elementor-widget-image-gallery\" data-id=\"4cd221a\" data-element_type=\"widget\" data-e-type=\"widget\" data-widget_type=\"image-gallery.default\">\n\t\t\t\t<div class=\"elementor-widget-container\">\n\t\t\t\t\t\t\t<div class=\"elementor-image-gallery\">\n\t\t\t<div id='gallery-1' class='gallery galleryid-3865 gallery-columns-2 gallery-size-medium_large'><figure class='gallery-item'>\n\t\t\t<div class='gallery-icon landscape'>\n\t\t\t\t<a data-elementor-open-lightbox=\"yes\" data-elementor-lightbox-slideshow=\"4cd221a\" data-elementor-lightbox-title=\"firmaurituste-korraldamine-tallinnas-restoranis-maikrahv\" data-e-action-hash=\"#elementor-action%3Aaction%3Dlightbox%26settings%3DeyJpZCI6MjIxNiwidXJsIjoiaHR0cHM6XC9cL21haWtyYWh2LmVlXC93cC1jb250ZW50XC91cGxvYWRzXC8yMDIyXC8wOFwvZmlybWF1cml0dXN0ZS1rb3JyYWxkYW1pbmUtdGFsbGlubmFzLXJlc3RvcmFuaXMtbWFpa3JhaHYuanBnIiwic2xpZGVzaG93IjoiNGNkMjIxYSJ9\" href='https:\/\/maikrahv.ee\/wp-content\/uploads\/2022\/08\/firmaurituste-korraldamine-tallinnas-restoranis-maikrahv.jpg'><img fetchpriority=\"high\" decoding=\"async\" width=\"768\" height=\"384\" src=\"https:\/\/maikrahv.ee\/wp-content\/uploads\/2022\/08\/firmaurituste-korraldamine-tallinnas-restoranis-maikrahv-768x384.jpg\" class=\"attachment-medium_large size-medium_large\" alt=\"\" srcset=\"https:\/\/maikrahv.ee\/wp-content\/uploads\/2022\/08\/firmaurituste-korraldamine-tallinnas-restoranis-maikrahv-768x384.jpg 768w, https:\/\/maikrahv.ee\/wp-content\/uploads\/2022\/08\/firmaurituste-korraldamine-tallinnas-restoranis-maikrahv-300x150.jpg 300w, https:\/\/maikrahv.ee\/wp-content\/uploads\/2022\/08\/firmaurituste-korraldamine-tallinnas-restoranis-maikrahv.jpg 800w\" sizes=\"(max-width: 768px) 100vw, 768px\" \/><\/a>\n\t\t\t<\/div><\/figure><figure class='gallery-item'>\n\t\t\t<div class='gallery-icon landscape'>\n\t\t\t\t<a data-elementor-open-lightbox=\"yes\" data-elementor-lightbox-slideshow=\"4cd221a\" data-elementor-lightbox-title=\"aastavahetuse-pidu-tallinnas-restoranis-maikrahv\" data-e-action-hash=\"#elementor-action%3Aaction%3Dlightbox%26settings%3DeyJpZCI6MjIxMywidXJsIjoiaHR0cHM6XC9cL21haWtyYWh2LmVlXC93cC1jb250ZW50XC91cGxvYWRzXC8yMDIyXC8wOFwvYWFzdGF2YWhldHVzZS1waWR1LXRhbGxpbm5hcy1yZXN0b3JhbmlzLW1haWtyYWh2LmpwZyIsInNsaWRlc2hvdyI6IjRjZDIyMWEifQ%3D%3D\" href='https:\/\/maikrahv.ee\/wp-content\/uploads\/2022\/08\/aastavahetuse-pidu-tallinnas-restoranis-maikrahv.jpg'><img decoding=\"async\" width=\"768\" height=\"384\" src=\"https:\/\/maikrahv.ee\/wp-content\/uploads\/2022\/08\/aastavahetuse-pidu-tallinnas-restoranis-maikrahv-768x384.jpg\" class=\"attachment-medium_large size-medium_large\" alt=\"\" srcset=\"https:\/\/maikrahv.ee\/wp-content\/uploads\/2022\/08\/aastavahetuse-pidu-tallinnas-restoranis-maikrahv-768x384.jpg 768w, https:\/\/maikrahv.ee\/wp-content\/uploads\/2022\/08\/aastavahetuse-pidu-tallinnas-restoranis-maikrahv-300x150.jpg 300w, https:\/\/maikrahv.ee\/wp-content\/uploads\/2022\/08\/aastavahetuse-pidu-tallinnas-restoranis-maikrahv.jpg 800w\" sizes=\"(max-width: 768px) 100vw, 768px\" \/><\/a>\n\t\t\t<\/div><\/figure><figure class='gallery-item'>\n\t\t\t<div class='gallery-icon landscape'>\n\t\t\t\t<a data-elementor-open-lightbox=\"yes\" data-elementor-lightbox-slideshow=\"4cd221a\" data-elementor-lightbox-title=\"korraldada-joulupidu-maikrahvis\" data-e-action-hash=\"#elementor-action%3Aaction%3Dlightbox%26settings%3DeyJpZCI6MjIyMCwidXJsIjoiaHR0cHM6XC9cL21haWtyYWh2LmVlXC93cC1jb250ZW50XC91cGxvYWRzXC8yMDIyXC8wOFwva29ycmFsZGFkYS1qb3VsdXBpZHUtbWFpa3JhaHZpcy5qcGciLCJzbGlkZXNob3ciOiI0Y2QyMjFhIn0%3D\" href='https:\/\/maikrahv.ee\/wp-content\/uploads\/2022\/08\/korraldada-joulupidu-maikrahvis.jpg'><img decoding=\"async\" width=\"768\" height=\"384\" src=\"https:\/\/maikrahv.ee\/wp-content\/uploads\/2022\/08\/korraldada-joulupidu-maikrahvis-768x384.jpg\" class=\"attachment-medium_large size-medium_large\" alt=\"\" srcset=\"https:\/\/maikrahv.ee\/wp-content\/uploads\/2022\/08\/korraldada-joulupidu-maikrahvis-768x384.jpg 768w, https:\/\/maikrahv.ee\/wp-content\/uploads\/2022\/08\/korraldada-joulupidu-maikrahvis-300x150.jpg 300w, https:\/\/maikrahv.ee\/wp-content\/uploads\/2022\/08\/korraldada-joulupidu-maikrahvis.jpg 800w\" sizes=\"(max-width: 768px) 100vw, 768px\" \/><\/a>\n\t\t\t<\/div><\/figure><figure class='gallery-item'>\n\t\t\t<div class='gallery-icon landscape'>\n\t\t\t\t<a data-elementor-open-lightbox=\"yes\" data-elementor-lightbox-slideshow=\"4cd221a\" data-elementor-lightbox-title=\"teenused\" data-e-action-hash=\"#elementor-action%3Aaction%3Dlightbox%26settings%3DeyJpZCI6MjIyMSwidXJsIjoiaHR0cHM6XC9cL21haWtyYWh2LmVlXC93cC1jb250ZW50XC91cGxvYWRzXC8yMDIyXC8wOFwvdGVlbnVzZWQuanBnIiwic2xpZGVzaG93IjoiNGNkMjIxYSJ9\" href='https:\/\/maikrahv.ee\/wp-content\/uploads\/2022\/08\/teenused.jpg'><img loading=\"lazy\" decoding=\"async\" width=\"768\" height=\"384\" src=\"https:\/\/maikrahv.ee\/wp-content\/uploads\/2022\/08\/teenused-768x384.jpg\" class=\"attachment-medium_large size-medium_large\" alt=\"\" srcset=\"https:\/\/maikrahv.ee\/wp-content\/uploads\/2022\/08\/teenused-768x384.jpg 768w, https:\/\/maikrahv.ee\/wp-content\/uploads\/2022\/08\/teenused-300x150.jpg 300w, https:\/\/maikrahv.ee\/wp-content\/uploads\/2022\/08\/teenused.jpg 800w\" sizes=\"(max-width: 768px) 100vw, 768px\" \/><\/a>\n\t\t\t<\/div><\/figure><figure class='gallery-item'>\n\t\t\t<div class='gallery-icon landscape'>\n\t\t\t\t<a data-elementor-open-lightbox=\"yes\" data-elementor-lightbox-slideshow=\"4cd221a\" data-elementor-lightbox-title=\"b2b\" data-e-action-hash=\"#elementor-action%3Aaction%3Dlightbox%26settings%3DeyJpZCI6MjIyMiwidXJsIjoiaHR0cHM6XC9cL21haWtyYWh2LmVlXC93cC1jb250ZW50XC91cGxvYWRzXC8yMDIyXC8wOFwvYjJiLmpwZyIsInNsaWRlc2hvdyI6IjRjZDIyMWEifQ%3D%3D\" href='https:\/\/maikrahv.ee\/wp-content\/uploads\/2022\/08\/b2b.jpg'><img loading=\"lazy\" decoding=\"async\" width=\"768\" height=\"384\" src=\"https:\/\/maikrahv.ee\/wp-content\/uploads\/2022\/08\/b2b-768x384.jpg\" class=\"attachment-medium_large size-medium_large\" alt=\"\" srcset=\"https:\/\/maikrahv.ee\/wp-content\/uploads\/2022\/08\/b2b-768x384.jpg 768w, https:\/\/maikrahv.ee\/wp-content\/uploads\/2022\/08\/b2b-300x150.jpg 300w, https:\/\/maikrahv.ee\/wp-content\/uploads\/2022\/08\/b2b.jpg 800w\" sizes=\"(max-width: 768px) 100vw, 768px\" \/><\/a>\n\t\t\t<\/div><\/figure><figure class='gallery-item'>\n\t\t\t<div class='gallery-icon landscape'>\n\t\t\t\t<a data-elementor-open-lightbox=\"yes\" data-elementor-lightbox-slideshow=\"4cd221a\" data-elementor-lightbox-title=\"ohtusookide-korraldamine\" data-e-action-hash=\"#elementor-action%3Aaction%3Dlightbox%26settings%3DeyJpZCI6MjIxOCwidXJsIjoiaHR0cHM6XC9cL21haWtyYWh2LmVlXC93cC1jb250ZW50XC91cGxvYWRzXC8yMDIyXC8wOFwvb2h0dXNvb2tpZGUta29ycmFsZGFtaW5lLmpwZyIsInNsaWRlc2hvdyI6IjRjZDIyMWEifQ%3D%3D\" href='https:\/\/maikrahv.ee\/wp-content\/uploads\/2022\/08\/ohtusookide-korraldamine.jpg'><img loading=\"lazy\" decoding=\"async\" width=\"768\" height=\"384\" src=\"https:\/\/maikrahv.ee\/wp-content\/uploads\/2022\/08\/ohtusookide-korraldamine-768x384.jpg\" class=\"attachment-medium_large size-medium_large\" alt=\"\" srcset=\"https:\/\/maikrahv.ee\/wp-content\/uploads\/2022\/08\/ohtusookide-korraldamine-768x384.jpg 768w, https:\/\/maikrahv.ee\/wp-content\/uploads\/2022\/08\/ohtusookide-korraldamine-300x150.jpg 300w, https:\/\/maikrahv.ee\/wp-content\/uploads\/2022\/08\/ohtusookide-korraldamine.jpg 800w\" sizes=\"(max-width: 768px) 100vw, 768px\" \/><\/a>\n\t\t\t<\/div><\/figure>\n\t\t<\/div>\n\t\t<\/div>\n\t\t\t\t\t\t<\/div>\n\t\t\t\t<\/div>\n\t\t\t\t\t<\/div>\n\t\t<\/div>\n\t\t\t\t\t<\/div>\n\t\t<\/section>\n\t\t\t\t<\/div>\n\t\t","protected":false},"excerpt":{"rendered":"<p>Galleria Maikrahv ravintola tarjoaa hyvi\u00e4 makuja ja erityisi\u00e4 el\u00e4myksi\u00e4. Hemmottelemme arvoisia raatiherroja, tyylikk\u00e4it\u00e4 rouvia ja ulkomaisia \u200b\u200bvieraita mit\u00e4 parhaimmilla juomilla [&hellip;]<\/p>\n","protected":false},"author":2,"featured_media":0,"parent":0,"menu_order":0,"comment_status":"closed","ping_status":"closed","template":"","meta":{"site-sidebar-layout":"no-sidebar","site-content-layout":"page-builder","ast-site-content-layout":"full-width-container","site-content-style":"default","site-sidebar-style":"default","ast-global-header-display":"","ast-banner-title-visibility":"","ast-main-header-display":"","ast-hfb-above-header-display":"","ast-hfb-below-header-display":"","ast-hfb-mobile-header-display":"","site-post-title":"disabled","ast-breadcrumbs-content":"","ast-featured-img":"disabled","footer-sml-layout":"","ast-disable-related-posts":"","theme-transparent-header-meta":"default","adv-header-id-meta":"","stick-header-meta":"default","header-above-stick-meta":"","header-main-stick-meta":"","header-below-stick-meta":"","astra-migrate-meta-layouts":"set","ast-page-background-enabled":"default","ast-page-background-meta":{"desktop":{"background-color":"","background-image":"","background-repeat":"repeat","background-position":"center center","background-size":"auto","background-attachment":"scroll","background-type":"","background-media":"","overlay-type":"","overlay-color":"","overlay-opacity":"","overlay-gradient":""},"tablet":{"background-color":"","background-image":"","background-repeat":"repeat","background-position":"center center","background-size":"auto","background-attachment":"scroll","background-type":"","background-media":"","overlay-type":"","overlay-color":"","overlay-opacity":"","overlay-gradient":""},"mobile":{"background-color":"","background-image":"","background-repeat":"repeat","background-position":"center center","background-size":"auto","background-attachment":"scroll","background-type":"","background-media":"","overlay-type":"","overlay-color":"","overlay-opacity":"","overlay-gradient":""}},"ast-content-background-meta":{"desktop":{"background-color":"var(--ast-global-color-5)","background-image":"","background-repeat":"repeat","background-position":"center center","background-size":"auto","background-attachment":"scroll","background-type":"","background-media":"","overlay-type":"","overlay-color":"","overlay-opacity":"","overlay-gradient":""},"tablet":{"background-color":"var(--ast-global-color-5)","background-image":"","background-repeat":"repeat","background-position":"center center","background-size":"auto","background-attachment":"scroll","background-type":"","background-media":"","overlay-type":"","overlay-color":"","overlay-opacity":"","overlay-gradient":""},"mobile":{"background-color":"var(--ast-global-color-5)","background-image":"","background-repeat":"repeat","background-position":"center center","background-size":"auto","background-attachment":"scroll","background-type":"","background-media":"","overlay-type":"","overlay-color":"","overlay-opacity":"","overlay-gradient":""}},"footnotes":""},"class_list":["post-3865","page","type-page","status-publish","hentry"],"_links":{"self":[{"href":"https:\/\/maikrahv.ee\/fi\/wp-json\/wp\/v2\/pages\/3865","targetHints":{"allow":["GET"]}}],"collection":[{"href":"https:\/\/maikrahv.ee\/fi\/wp-json\/wp\/v2\/pages"}],"about":[{"href":"https:\/\/maikrahv.ee\/fi\/wp-json\/wp\/v2\/types\/page"}],"author":[{"embeddable":true,"href":"https:\/\/maikrahv.ee\/fi\/wp-json\/wp\/v2\/users\/2"}],"replies":[{"embeddable":true,"href":"https:\/\/maikrahv.ee\/fi\/wp-json\/wp\/v2\/comments?post=3865"}],"version-history":[{"count":13,"href":"https:\/\/maikrahv.ee\/fi\/wp-json\/wp\/v2\/pages\/3865\/revisions"}],"predecessor-version":[{"id":5108,"href":"https:\/\/maikrahv.ee\/fi\/wp-json\/wp\/v2\/pages\/3865\/revisions\/5108"}],"wp:attachment":[{"href":"https:\/\/maikrahv.ee\/fi\/wp-json\/wp\/v2\/media?parent=3865"}],"curies":[{"name":"wp","href":"https:\/\/api.w.org\/{rel}","templated":true}]}}