{"id":2299,"date":"2021-11-23T20:38:56","date_gmt":"2021-11-23T20:38:56","guid":{"rendered":"https:\/\/maikrahv.ee\/privaatsuspoliitika\/"},"modified":"2022-10-28T15:37:58","modified_gmt":"2022-10-28T15:37:58","slug":"tietosuojaehdot","status":"publish","type":"page","link":"https:\/\/maikrahv.ee\/fi\/tietosuojaehdot\/","title":{"rendered":"Tietosuojaehdot"},"content":{"rendered":"<p><strong>Tietosuojaehdot<\/strong><\/p>\n<p>Maikrahv ravintolalle (Laagna Invest O\u00dc) on t\u00e4rke\u00e4\u00e4 kunnioittaa yksityisyytt\u00e4si ja noudattaa kaikkia voimassaolevia mit\u00e4 tahansa henkil\u00f6tietoja koskevia lakeja ja m\u00e4\u00e4r\u00e4yksi\u00e4, kun vierailet <a href=\"https:\/\/maikrahv.ee\/\">maikrahv.ee<\/a> verkkosivuillamme. K\u00e4ytt\u00e4m\u00e4ll\u00e4 verkkosivustoamme hyv\u00e4ksyt, ett\u00e4 ker\u00e4\u00e4mme ja k\u00e4yt\u00e4mme tietojasi t\u00e4m\u00e4n tietosuojak\u00e4yt\u00e4nn\u00f6n mukaisesti.<\/p>\n<p>T\u00e4ll\u00e4 tietosuojaselosteella haluamme ilmoittaa, mit\u00e4 tietoja ker\u00e4\u00e4mme, miten k\u00e4yt\u00e4mme niit\u00e4 ja mitk\u00e4 ovat oikeutesi tietojesi suojaamiseen. K\u00e4yt\u00e4nt\u00f6 koskee vain verkkosivustoamme ja sen vierailijoita ja ei koske muiden kanavien kautta ker\u00e4ttyj\u00e4 tietoja.<\/p>\n<p>Jos jostain syyst\u00e4 koet, ett\u00e4 ravintola Maikrahv on rikkonut sinua vastaan, ilmoita siit\u00e4 v\u00e4litt\u00f6m\u00e4sti osoitteeseen <a href=\"mailto:reserve@maikrahv.ee\">reserve@maikrahv.ee<\/a>, niin teemme parhaamme tilanteen korjaamiseksi.<\/p>\n<p>Tietojesi k\u00e4sittelij\u00e4 on Maikrahv ravintola (Laagna Invest O\u00dc)<\/p>\n<ul>\n<li>Y-tunnus: 16222820<\/li>\n<li>s\u00e4hk\u00f6postiosoite:\u00a0<a href=\"mailto:reserve@maikrahv.ee\">reserve@maikrahv.ee<\/a><\/li>\n<li>puhelinnumero:\u00a0<a href=\"tel:+372%205455%200534\">+372 5455 0534<\/a><\/li>\n<\/ul>\n<p>Ker\u00e4\u00e4mme ja k\u00e4sittelemme tietoja Euroopan unionin yleisen tietosuoja-asetuksen (GDPR) mukaisesti, joka tuli voimaan 25.5.2018.<\/p>\n<p><strong>Tiedon ker\u00e4\u00e4minen ja k\u00e4ytt\u00f6<\/strong><\/p>\n<p><strong>Mit\u00e4 tietoja ker\u00e4\u00e4mme<\/strong><\/p>\n<p>Ker\u00e4\u00e4m\u00e4mme tiedot sis\u00e4lt\u00e4v\u00e4t tietoja, joita annat meille tietoisesti ja aktiivisesti k\u00e4ytt\u00e4ess\u00e4si palveluitamme tai kampanjoita tai osallistuessasi niihin, sek\u00e4 kaikkia tietoja, joita laitteesi l\u00e4hett\u00e4v\u00e4t k\u00e4ytt\u00e4ess\u00e4si tuotteitamme ja palveluitamme.<\/p>\n<p>Ker\u00e4\u00e4m\u00e4mme tiedot sis\u00e4lt\u00e4v\u00e4t tietoja, jotka olet tietoisesti jakanut meille k\u00e4ytt\u00e4ess\u00e4si palveluitamme tai kampanjoita, sek\u00e4 tietoja, jotka laitteesi l\u00e4hett\u00e4v\u00e4t meille automaattisesti.<\/p>\n<p>Henkil\u00f6tietosi voivat tavoittaa meid\u00e4t seuraavissa tapauksissa:<\/p>\n<ul>\n<li>Jos teet tilauksen <a href=\"https:\/\/maikrahv.ee\/\">maikrahv.ee<\/a> verkkokaupassa\u00a0<\/li>\n<li>Jos rekister\u00f6idyt <a href=\"https:\/\/maikrahv.ee\/\">maikrahv.ee<\/a> verkkokaupan k\u00e4ytt\u00e4j\u00e4ksi<\/li>\n<li>Jos otat meihin yhteytt\u00e4 puhelimitse, s\u00e4hk\u00f6postitse tai online-chatin kautta<\/li>\n<li>Kun selaat <a href=\"https:\/\/maikrahv.ee\/\">maikrahv.ee<\/a> verkkosivustoa<\/li>\n<li>Jos teet maksuja k\u00e4ytt\u00e4m\u00e4ll\u00e4 verkkopankkia tai muuta s\u00e4hk\u00f6ist\u00e4 maksutapaa<\/li>\n<li>Jos kommentoit, tykk\u00e4\u00e4t tai jaat julkaisun sosiaalisen median tilill\u00e4mme<\/li>\n<li>Jos tilaat uutiskirjeemme<\/li>\n<li>Kun kommentoit julkaisuja verkkosivuillamme<\/li>\n<\/ul>\n<p>&nbsp;<\/p>\n<p><strong>Ker\u00e4ttyjen tietojen tyypit<\/strong><\/p>\n<p><strong>Henkil\u00f6tiedot<\/strong><\/p>\n<p>Pyyd\u00e4mme sinulta henkil\u00f6tietoja vain, jos se on v\u00e4ltt\u00e4m\u00e4t\u00f6nt\u00e4 palvelun tarjoamiseksi. Ottamalla meihin yhteytt\u00e4 tai vierailemalla verkkosivuillamme, voit jakaa kanssamme seuraavat tiedot:<\/p>\n<ul>\n<li>Etu- ja sukunimesi<\/li>\n<li>S\u00e4hk\u00f6postiosoitteesi<\/li>\n<li>Puhelinnumerosi<\/li>\n<li>Ostoshistoriasi ja toimintasi verkkokaupassamme<\/li>\n<li>Sinun ja meid\u00e4n v\u00e4linen chat-historia<\/li>\n<\/ul>\n<p><strong>Lokitiedostot<\/strong><\/p>\n<p>Verkkosivustomme <a href=\"https:\/\/maikrahv.ee\/\">maikrahv.ee<\/a> tallentaa lokitiedostoja vierailijoistaan. Ker\u00e4ttyihin tietoihin voi sis\u00e4lty\u00e4:<\/p>\n<ul>\n<li>K\u00e4ytt\u00e4m\u00e4si laitteen tyyppi<\/li>\n<li>IP (Internet Protocol) -osoite<\/li>\n<li>Selaimen tyyppi<\/li>\n<li>Internet-palveluntarjoaja (ISP)<\/li>\n<li>Sivustolla k\u00e4ynnin p\u00e4iv\u00e4m\u00e4\u00e4r\u00e4 ja aika<\/li>\n<li>Aloitus- ja poistumissivujen napsautusten m\u00e4\u00e4r\u00e4 verkkosivulla<\/li>\n<\/ul>\n<p>&nbsp;<\/p>\n<p>Lokitiedostojen tietoja k\u00e4ytet\u00e4\u00e4n trendien analysointiin, verkkosivuston hallintaan, verkkosivuston vierailijoiden toiminnan seurantaan ja v\u00e4est\u00f6tietojen ker\u00e4\u00e4miseen. Saadut tiedot eiv\u00e4t ole tarkoitettu henkil\u00f6n tunnistamiseen eik\u00e4 se ole mahdollista.<\/p>\n<p><strong>Ev\u00e4steet<\/strong><\/p>\n<p>Kuten useimmat verkkosivustot, my\u00f6s <a href=\"https:\/\/maikrahv.ee\/\">maikrahv.ee<\/a> k\u00e4ytt\u00e4\u00e4 &#8221;ev\u00e4steit\u00e4&#8221;. Ev\u00e4ste on pohjimmiltaan tekstitiedosto, joka tallennetaan k\u00e4ytt\u00e4j\u00e4n laitteelle vieraillessaan verkkosivustolla. Ev\u00e4steit\u00e4 k\u00e4ytet\u00e4\u00e4n m\u00e4\u00e4ritt\u00e4m\u00e4\u00e4n ja tallentamaan mieltymyksi\u00e4, alueellisia asetuksia, palveluiden k\u00e4ytt\u00f6vaihtoehtoja jne.<\/p>\n<p>Halutessasi voit est\u00e4\u00e4 ev\u00e4steiden k\u00e4yt\u00f6n selaimen asetuksista, mutta t\u00e4ll\u00f6in on mahdollista, ett\u00e4 sinulle tarjottava palvelu on h\u00e4iriintynyt.<\/p>\n<p>Ev\u00e4steet on jaettu pysyviin ja istuntoev\u00e4steisiin. Pysyv\u00e4t ev\u00e4steet pysyv\u00e4t tietokoneellasi tai mobiililaitteellasi, vaikka suljet selaimesi tai tietokoneesi. Istuntoev\u00e4steet kuitenkin poistetaan v\u00e4litt\u00f6m\u00e4sti selaimen sulkemisen j\u00e4lkeen.<\/p>\n<p>Ev\u00e4steet jaetaan k\u00e4ytt\u00f6tarkoituksensa mukaan:<\/p>\n<ul>\n<li>Tarpeelliset ev\u00e4steet. Istuntoev\u00e4steet, joiden tarkoituksena on mahdollistaa verkkosivustollamme tarjottavien palvelujen k\u00e4ytt\u00f6. N\u00e4m\u00e4 ev\u00e4steet auttavat todentamaan k\u00e4ytt\u00e4j\u00e4t ja est\u00e4m\u00e4\u00e4n k\u00e4ytt\u00e4j\u00e4tilien haitallisen k\u00e4yt\u00f6n. Ilman n\u00e4it\u00e4 ev\u00e4steit\u00e4 emme voi tarjota haluttuja palveluita.<\/li>\n<li>Ilmoitusev\u00e4steet. N\u00e4m\u00e4 ev\u00e4steet tunnistavat, ovatko k\u00e4ytt\u00e4j\u00e4t hyv\u00e4ksyneet ev\u00e4steiden k\u00e4yt\u00f6n verkkosivustolla.<\/li>\n<li>Toiminnalliset ev\u00e4steet. N\u00e4iden ev\u00e4steiden avulla selaimesi muistaa verkkosivustoa k\u00e4ytt\u00e4ess\u00e4si tekem\u00e4si valinnat, kuten sis\u00e4\u00e4nkirjautumisen tietosi tai kieliasetuksesi tallentamisen. N\u00e4iden ev\u00e4steiden tarkoituksena on tarjota sinulle henkil\u00f6kohtaisempaa k\u00e4ytt\u00f6kokemusta ja est\u00e4\u00e4 sinua sy\u00f6tt\u00e4m\u00e4st\u00e4 asetuksiasi uudelleen.<\/li>\n<\/ul>\n<p><strong><br \/><\/strong><strong>Kuinka k\u00e4yt\u00e4mme tietoja<\/strong><\/p>\n<p>Saatamme k\u00e4ytt\u00e4\u00e4 ker\u00e4ttyj\u00e4 tietoja eri tarkoituksiin, mm:<\/p>\n<ul>\n<li>Verkkosivustomme yll\u00e4pit\u00e4miseen, hallintaan, kehitt\u00e4miseen, personoimiseen ja laajentamiseen<\/li>\n<li>Tilastojen ker\u00e4\u00e4miseen, jotta voimme tarjota parempia palveluita ja\/tai tarjouksia sek\u00e4 verkkosivustollamme vierailijoiden k\u00e4ytt\u00e4ytymisen ymm\u00e4rt\u00e4miseen ja analysoimiseen<\/li>\n<li>Sinun tunnistamiseen puhelimen, tekstiviestin tai s\u00e4hk\u00f6postin kautta<\/li>\n<li>Sinulle tiedon l\u00e4hett\u00e4miseen ja palveluita koskevan palautteen pyyt\u00e4miseen<\/li>\n<li>Petosten est\u00e4miseen ja verkkosivustomme suojaamiseen<\/li>\n<li>Ollaksemme yhteydess\u00e4 sinuun sosiaalisen median tilin kautta<\/li>\n<li>Chat-historian lukemiseen nopeuttaakseen asiaankuuluvien neuvojen antamista<\/li>\n<li>Palvelumme laadun parantamiseen ja tehokkaampien selausratkaisujen tarjoamiseen<\/li>\n<li>Uusien tuotteiden ja palveluiden kehitt\u00e4miseen ja niiden toimivuuden parantamiseen<\/li>\n<li>T l\u00e4hett\u00e4miseen\/toimittamiseen, vahvistamiseen tai rahan palautukseen<\/li>\n<li>Sinua mahdollisesti kiinnostavien tuotteiden ja palveluiden tarjoamiseen, ottaen huomioon aikaisemmat tilauksesi<\/li>\n<li>Meid\u00e4n v\u00e4lisen vuorovaikutuksen yksinkertaistamiseen ja nopeuttamisen, kun otat meihin yhteytt\u00e4<\/li>\n<li>Muihin tarkoituksiin, mm. tietojen analysoimiseen, suuntauksien tutkimiseen ja mainoskampanjoidemme tehokkuuden arvioimiseen.<\/li>\n<\/ul>\n<p><strong><br \/><\/strong><strong>Miss\u00e4 tapauksissa on mahdollista, ett\u00e4 jaamme tietojasi<\/strong><\/p>\n<p>Voimme jakaa tai siirt\u00e4\u00e4 henkil\u00f6tietojasi yrityksemme omistajan vaihtumisen, liittymisen, omaisuuden myynnin, rahoituksen tai yrityskaupan yhteydess\u00e4. Ilmoitamme sinulle henkil\u00f6tietojesi siirt\u00e4misest\u00e4 ja siit\u00e4, milloin tulevat voimaan muut tietosuojaehdot.<\/p>\n<p>Voimme jakaa tietosi kumppaniyritystemme kanssa ja vaadimme niit\u00e4 noudattamaan t\u00e4t\u00e4 tietosuojak\u00e4yt\u00e4nt\u00f6\u00e4. Kumppaniyrityksi\u00e4 ovat emo- ja tyt\u00e4ryhti\u00f6mme, yhteisyrityskumppanimme tai meid\u00e4n omistamamme yhti\u00f6t.<\/p>\n<p>Saatamme jakaa tietosi liikekumppaneidemme kanssa tarjotaksemme sinulle tiettyj\u00e4 tuotteita, palveluita tai kampanjoita.<\/p>\n<p>Voimme suostumuksellasi luovuttaa henkil\u00f6tietojasi mihin tahansa muuhun tarkoitukseen.<\/p>\n<p>Olemme velvollisia luovuttamaan henkil\u00f6tietosi, jos laki niin vaatii. Hyv\u00e4ss\u00e4 uskossa voimme my\u00f6s luovuttaa tietojasi noudattaaksemme lakis\u00e4\u00e4teisi\u00e4 velvoitteita, suojellaksemme oikeuksiamme tai omaisuuttamme, est\u00e4\u00e4ksemme tai havaitaksemme mahdolliset palvelumme k\u00e4ytt\u00f6\u00f6n liittyv\u00e4t lainrikkomukset sek\u00e4 varmistaaksemme palvelun k\u00e4ytt\u00e4jien turvallisuuden.<\/p>\n<p><strong>Henkil\u00f6tietojesi s\u00e4ilytt\u00e4minen<\/strong><\/p>\n<p>Yrityksemme s\u00e4ilytt\u00e4\u00e4 henkil\u00f6tietojasi vain niin kauan kuin se on tarpeen t\u00e4ss\u00e4 tietosuojaselosteessa m\u00e4\u00e4riteltyjen tarkoitusten toteuttamiseksi. S\u00e4ilyt\u00e4mme ja k\u00e4yt\u00e4mme henkil\u00f6tietojasi siin\u00e4 m\u00e4\u00e4rin kuin se on tarpeen lakis\u00e4\u00e4teisten velvoitteidemme noudattamiseksi (esimerkiksi jos meid\u00e4n on s\u00e4ilytett\u00e4v\u00e4 tietosi sovellettavien lakien noudattamiseksi), riitojen ratkaisemiseksi ja laillisten sopimustemme ja k\u00e4yt\u00e4nt\u00f6jemme noudattamiseksi.<\/p>\n<p>Yrityksemme s\u00e4ilytt\u00e4\u00e4 lokitiedostoja my\u00f6s sis\u00e4ist\u00e4 analysointia varten. Lokitiedostoja s\u00e4ilytet\u00e4\u00e4n yleens\u00e4 lyhyemm\u00e4n ajan, ellei tietoja k\u00e4ytet\u00e4 turvallisuuden vahvistamiseen tai palvelumme toimivuuden parantamiseen tai ellei laki velvoita meit\u00e4 s\u00e4ilytt\u00e4m\u00e4\u00e4n tietoja pidemp\u00e4\u00e4n.<\/p>\n<p><strong>Lasten tietojen k\u00e4sittely<\/strong><\/p>\n<p>Emme t\u00e4ht\u00e4\u00e4 mit\u00e4\u00e4n tuotteistamme tai palveluistamme alle 13-vuotiaille lapsille, emmek\u00e4 tietoisesti ker\u00e4\u00e4 tietoja alle 13-vuotiailta lapsilta. Jos ep\u00e4ilemme, ett\u00e4 k\u00e4sittelemme alle 13-vuotiaan henkil\u00f6n tietoja, poistamme kyseisen henkil\u00f6n kaikista tietokannoistamme.<\/p>\n<p><strong>Oikeutesi suojata tietojasi<\/strong><\/p>\n<p>Sinulla on aina oikeus olla jakamatta tietojasi kanssamme, sill\u00e4 tied\u00e4t, ett\u00e4 t\u00e4m\u00e4 voi vaikuttaa kokemukseesi verkkosivustollamme. Jos p\u00e4\u00e4t\u00e4t olla jakamatta tietojasi kanssamme, emme kohtele sinua sen vuoksi halveksivasti. Kun annat meille henkil\u00f6kohtaisia \u200b\u200btietoja, ymm\u00e4rr\u00e4t, ett\u00e4 ker\u00e4\u00e4mme, tallennamme, k\u00e4yt\u00e4mme ja luovutamme niit\u00e4 t\u00e4m\u00e4n tietosuojak\u00e4yt\u00e4nn\u00f6n mukaisesti. Sinulla on oikeus pyyt\u00e4\u00e4 tarkempia tietoja sinusta ker\u00e4tyist\u00e4 tiedoista.<\/p>\n<p>Kun saamme henkil\u00f6tietojasi kolmannelta osapuolelta, suojaamme niit\u00e4 t\u00e4m\u00e4n tietosuojak\u00e4yt\u00e4nn\u00f6n ja Viron tasavallan lain mukaisesti. Jos jaat kolmannen osapuolen tietoja itse, vahvistat, ett\u00e4 sinulla on my\u00f6s oikeus ja lupa siihen.<\/p>\n<p>Vaikka olisit aiemmin suostunut jakamaan henkil\u00f6tietosi kanssamme markkinointitarkoituksiin, sinulla on oikeus muuttaa mielt\u00e4si milloin tahansa. Sinulla on aina oikeus lopettaa yhteydenpito kanssamme ja pyyt\u00e4\u00e4, ett\u00e4 poistaisimme tietosi tietokannoistamme. Ajoittain saatamme my\u00f6s pyyt\u00e4\u00e4 sinua koskevia tietoja henkil\u00f6llisyytesi vahvistamiseksi. Jos huomaat, ett\u00e4 sinusta ker\u00e4\u00e4m\u00e4mme tiedot ovat virheellisi\u00e4, vanhentuneita, puutteellisia, merkityksett\u00f6mi\u00e4 tai harhaanjohtavia, ota meihin yhteytt\u00e4 s\u00e4hk\u00f6postitse: <a href=\"mailto:reserve@maikrahv.ee\">reserve@maikrahv.ee<\/a>\u00a0 tai puhelimitse: <a href=\"tel:+372%205455%200534\">+372 5455 0534<\/a>. Teemme parhaamme ep\u00e4tarkkojen, ep\u00e4t\u00e4ydellisten, harhaanjohtavien tai vanhentuneiden tietojen korjaamiseen.<\/p>\n<p>Jos olet sit\u00e4 mielt\u00e4, ett\u00e4 olemme rikkoneet asiaa koskevaa tietosuojalakia ja haluat tehd\u00e4 valituksen, ota meihin yhteytt\u00e4 k\u00e4ytt\u00e4m\u00e4ll\u00e4 t\u00e4ss\u00e4 asiakirjassa olevia yhteystietoja ja anna meille t\u00e4ydelliset tiedot rikkomuksesta. Tutkimme valituksesi viipym\u00e4tt\u00e4 ja vastaamme sinulle kirjallisesti tutkimuksemme tuloksista ja toimenpiteist\u00e4, joita teemme valituksen ratkaisemiseksi. Sinulla on my\u00f6s oikeus ottaa yhteytt\u00e4 valvontaviranomaiseen tai tietosuojaviranomaiseen.<\/p>\n<p><strong>Yleinen tietosuoja-asetus<\/strong> <strong>GDPR<\/strong><\/p>\n<p>Haluamme varmistaa, ett\u00e4 olet tietoinen kaikista tietosuojaoikeuksistasi. Jokaisella sivuston k\u00e4ytt\u00e4j\u00e4ll\u00e4 on oikeus seuraaviin ehtoihin:<\/p>\n<ul>\n<li>P\u00e4\u00e4syoikeus \u2013 sinulla on oikeus pyyt\u00e4\u00e4 kopiot henkil\u00f6tiedoistasi.<\/li>\n<li>Oikeus tietojen oikaisemiseen \u2013 sinulla on oikeus pyyt\u00e4\u00e4, ett\u00e4 korjaamme tiedot, jotka uskot olevan virheellisi\u00e4. Sinulla on my\u00f6s oikeus pyyt\u00e4\u00e4, ett\u00e4 t\u00e4ydenn\u00e4mme tietoja, jotka uskot olevan puutteellisia.<\/li>\n<li>Oikeus tietojen poistamiseen \u2013 sinulla on tietyin edellytyksin oikeus pyyt\u00e4\u00e4 henkil\u00f6tietojesi poistamista.<\/li>\n<li>Oikeus tietojen k\u00e4sittelyn rajoittamiseen \u2013 sinulla on tietyin edellytyksin oikeus pyyt\u00e4\u00e4 henkil\u00f6tietojesi k\u00e4yt\u00f6n rajoittamista.<\/li>\n<li>Oikeus vastustaa henkil\u00f6tietojesi k\u00e4ytt\u00f6\u00e4 \u2013 sinulla on oikeus vastustaa henkil\u00f6tietojesi k\u00e4ytt\u00f6\u00e4 tietyiss\u00e4 olosuhteissa.<\/li>\n<li>Oikeus tietojen siirrett\u00e4vyyteen \u2013 sinulla on tietyin edellytyksin oikeus pyyt\u00e4\u00e4, ett\u00e4 siirr\u00e4mme ker\u00e4\u00e4m\u00e4mme tiedot kolmannelle osapuolelle tai suoraan sinulle.<\/li>\n<\/ul>\n<p><strong><br \/>Tietojesi turvallisuus<\/strong><\/p>\n<p>Henkil\u00f6tietojesi turvallisuus on meille t\u00e4rke\u00e4\u00e4, mutta muista, ett\u00e4 mik\u00e4\u00e4n tiedonvaihtotapa Internetin kautta tai mik\u00e4\u00e4n s\u00e4hk\u00f6inen tallennustapa ei ole 100 % turvallinen. Vaikka teemme parhaamme suojellaksemme tietojasi, emme voi taata niiden t\u00e4ydellist\u00e4 turvallisuutta.<\/p>\n<p>Maikrahv ravintola (Laagna Invest O\u00dc) toteuttaa kaikki kohtuudella tarvittavat toimenpiteet varmistaakseen, ett\u00e4 tietojasi k\u00e4sitell\u00e4\u00e4n turvallisesti sek\u00e4 ja t\u00e4m\u00e4n tietosuojak\u00e4yt\u00e4nn\u00f6n ja Viron tasavallan lain mukaisesti. Tietojasi ei siirret\u00e4 mihink\u00e4\u00e4n organisaatioon tai maahan, ellei siihen ole p\u00e4tev\u00e4\u00e4 syyt\u00e4, ja \u00a0seurataan, ett\u00e4 tietojesi turvallisuus on taattu.<\/p>\n<p><strong>Linkit muille sivustoille<\/strong><\/p>\n<p>Sivustollamme voit l\u00f6yt\u00e4\u00e4 linkkej\u00e4 muille verkkosivustoille, jotka eiv\u00e4t ole meid\u00e4n omistamiamme. Kun napsautat kolmannen osapuolen linkki\u00e4, sinut ohjataan kyseiselle kolmannen osapuolen sivustolle. Suosittelemme, ett\u00e4 luet jokaisen vierailemasi sivuston tietosuojaehdot.<\/p>\n<p>Meill\u00e4 ei ole kontrollia kolmansien osapuolien sivustoihin, emmek\u00e4 ole vastuussa niiden sis\u00e4ll\u00f6st\u00e4, tietosuojaehdoista, tarjotuista palveluista tai muusta.<\/p>\n<p><strong>Tietosuojaehtojen p\u00e4ivitykset<\/strong><\/p>\n<p>Meill\u00e4 on tarvittaessa oikeus tehd\u00e4 muutoksia n\u00e4ihin tietosuojaohjeisiin. Kun tietosuojaohjeita p\u00e4ivitet\u00e4\u00e4n, muutamme asiakirjan p\u00e4ivityksen p\u00e4iv\u00e4m\u00e4\u00e4r\u00e4n sen alareunassa. Jos jatkat verkkosivustollamme vierailua ja k\u00e4ytt\u00f6\u00e4 tietosuojaehtojen p\u00e4ivityksen j\u00e4lkeen, k\u00e4sittelemme sit\u00e4 hiljaisena suostumuksesi muutoksiin.<\/p>\n<p>Viimeksi p\u00e4ivitetty 05\/08\/2022<\/p>\n<p>&nbsp;<\/p>\n","protected":false},"excerpt":{"rendered":"<p>Tietosuojaehdot Maikrahv ravintolalle (Laagna Invest O\u00dc) on t\u00e4rke\u00e4\u00e4 kunnioittaa yksityisyytt\u00e4si ja noudattaa kaikkia voimassaolevia mit\u00e4 tahansa henkil\u00f6tietoja koskevia lakeja ja [&hellip;]<\/p>\n","protected":false},"author":1,"featured_media":0,"parent":0,"menu_order":0,"comment_status":"closed","ping_status":"closed","template":"","meta":{"site-sidebar-layout":"default","site-content-layout":"default","ast-site-content-layout":"default","site-content-style":"default","site-sidebar-style":"default","ast-global-header-display":"","ast-banner-title-visibility":"","ast-main-header-display":"","ast-hfb-above-header-display":"","ast-hfb-below-header-display":"","ast-hfb-mobile-header-display":"","site-post-title":"","ast-breadcrumbs-content":"","ast-featured-img":"","footer-sml-layout":"","ast-disable-related-posts":"","theme-transparent-header-meta":"default","adv-header-id-meta":"","stick-header-meta":"default","header-above-stick-meta":"","header-main-stick-meta":"","header-below-stick-meta":"","astra-migrate-meta-layouts":"default","ast-page-background-enabled":"default","ast-page-background-meta":{"desktop":{"background-color":"","background-image":"","background-repeat":"repeat","background-position":"center center","background-size":"auto","background-attachment":"scroll","background-type":"","background-media":"","overlay-type":"","overlay-color":"","overlay-opacity":"","overlay-gradient":""},"tablet":{"background-color":"","background-image":"","background-repeat":"repeat","background-position":"center center","background-size":"auto","background-attachment":"scroll","background-type":"","background-media":"","overlay-type":"","overlay-color":"","overlay-opacity":"","overlay-gradient":""},"mobile":{"background-color":"","background-image":"","background-repeat":"repeat","background-position":"center center","background-size":"auto","background-attachment":"scroll","background-type":"","background-media":"","overlay-type":"","overlay-color":"","overlay-opacity":"","overlay-gradient":""}},"ast-content-background-meta":{"desktop":{"background-color":"var(--ast-global-color-5)","background-image":"","background-repeat":"repeat","background-position":"center center","background-size":"auto","background-attachment":"scroll","background-type":"","background-media":"","overlay-type":"","overlay-color":"","overlay-opacity":"","overlay-gradient":""},"tablet":{"background-color":"var(--ast-global-color-5)","background-image":"","background-repeat":"repeat","background-position":"center center","background-size":"auto","background-attachment":"scroll","background-type":"","background-media":"","overlay-type":"","overlay-color":"","overlay-opacity":"","overlay-gradient":""},"mobile":{"background-color":"var(--ast-global-color-5)","background-image":"","background-repeat":"repeat","background-position":"center center","background-size":"auto","background-attachment":"scroll","background-type":"","background-media":"","overlay-type":"","overlay-color":"","overlay-opacity":"","overlay-gradient":""}},"footnotes":""},"class_list":["post-2299","page","type-page","status-publish","hentry"],"_links":{"self":[{"href":"https:\/\/maikrahv.ee\/fi\/wp-json\/wp\/v2\/pages\/2299","targetHints":{"allow":["GET"]}}],"collection":[{"href":"https:\/\/maikrahv.ee\/fi\/wp-json\/wp\/v2\/pages"}],"about":[{"href":"https:\/\/maikrahv.ee\/fi\/wp-json\/wp\/v2\/types\/page"}],"author":[{"embeddable":true,"href":"https:\/\/maikrahv.ee\/fi\/wp-json\/wp\/v2\/users\/1"}],"replies":[{"embeddable":true,"href":"https:\/\/maikrahv.ee\/fi\/wp-json\/wp\/v2\/comments?post=2299"}],"version-history":[{"count":2,"href":"https:\/\/maikrahv.ee\/fi\/wp-json\/wp\/v2\/pages\/2299\/revisions"}],"predecessor-version":[{"id":2443,"href":"https:\/\/maikrahv.ee\/fi\/wp-json\/wp\/v2\/pages\/2299\/revisions\/2443"}],"wp:attachment":[{"href":"https:\/\/maikrahv.ee\/fi\/wp-json\/wp\/v2\/media?parent=2299"}],"curies":[{"name":"wp","href":"https:\/\/api.w.org\/{rel}","templated":true}]}}