{"id":2293,"date":"2022-08-02T14:13:36","date_gmt":"2022-08-02T14:13:36","guid":{"rendered":"https:\/\/maikrahv.ee\/ruumide-rent-tallinnas\/"},"modified":"2025-09-10T14:56:49","modified_gmt":"2025-09-10T14:56:49","slug":"tilojen-vuokraus-tallinnassa","status":"publish","type":"page","link":"https:\/\/maikrahv.ee\/fi\/palvelut\/tilojen-vuokraus-tallinnassa\/","title":{"rendered":"Tilojen vuokraus"},"content":{"rendered":"\t\t<div data-elementor-type=\"wp-page\" data-elementor-id=\"2293\" class=\"elementor elementor-2293 elementor-965\">\n\t\t\t\t\t\t<section class=\"elementor-section elementor-top-section elementor-element elementor-element-5106aea5 elementor-section-boxed elementor-section-height-default elementor-section-height-default\" data-id=\"5106aea5\" data-element_type=\"section\" data-e-type=\"section\" data-settings=\"{&quot;background_background&quot;:&quot;classic&quot;}\">\n\t\t\t\t\t\t<div class=\"elementor-container elementor-column-gap-default\">\n\t\t\t\t\t<div class=\"elementor-column elementor-col-50 elementor-top-column elementor-element elementor-element-735669b3\" data-id=\"735669b3\" data-element_type=\"column\" data-e-type=\"column\">\n\t\t\t<div class=\"elementor-widget-wrap elementor-element-populated\">\n\t\t\t\t\t\t<div class=\"elementor-element elementor-element-2858ac90 elementor-widget elementor-widget-text-editor\" data-id=\"2858ac90\" data-element_type=\"widget\" data-e-type=\"widget\" data-widget_type=\"text-editor.default\">\n\t\t\t\t<div class=\"elementor-widget-container\">\n\t\t\t\t\t\t\t\t\t<h1>Tilojen vuokraus Tallinnan vanhassa kaupungissa<\/h1><p>Etsitk\u00f6 tiloja seminaaria, kokousta asiakastapahtumaa, syntym\u00e4p\u00e4iv\u00e4juhlaa tai vuosip\u00e4iv\u00e4\u00e4 varten? Maikrahv ravintolassa odottaa 4 erikokoista salia, runsas ruoka ja miellytt\u00e4v\u00e4 tunnelma.<\/p><p>Tallinnan vanhan kaupungin Maikrahv ravintolasta voit vuokrata tiloja sek\u00e4 isommille ett\u00e4 pienemmillekin ryhmille.<\/p>\t\t\t\t\t\t\t\t<\/div>\n\t\t\t\t<\/div>\n\t\t\t\t\t<\/div>\n\t\t<\/div>\n\t\t\t\t<div class=\"elementor-column elementor-col-50 elementor-top-column elementor-element elementor-element-149d4302\" data-id=\"149d4302\" data-element_type=\"column\" data-e-type=\"column\">\n\t\t\t<div class=\"elementor-widget-wrap elementor-element-populated\">\n\t\t\t\t\t\t<div class=\"elementor-element elementor-element-6b5a76c9 elementor-widget elementor-widget-image\" data-id=\"6b5a76c9\" data-element_type=\"widget\" data-e-type=\"widget\" data-widget_type=\"image.default\">\n\t\t\t\t<div class=\"elementor-widget-container\">\n\t\t\t\t\t\t\t\t\t\t\t\t\t\t\t<img fetchpriority=\"high\" decoding=\"async\" width=\"800\" height=\"400\" src=\"https:\/\/maikrahv.ee\/wp-content\/uploads\/2022\/08\/ruumide-rent.jpg\" class=\"attachment-full size-full wp-image-2224\" alt=\"\" srcset=\"https:\/\/maikrahv.ee\/wp-content\/uploads\/2022\/08\/ruumide-rent.jpg 800w, https:\/\/maikrahv.ee\/wp-content\/uploads\/2022\/08\/ruumide-rent-300x150.jpg 300w, https:\/\/maikrahv.ee\/wp-content\/uploads\/2022\/08\/ruumide-rent-768x384.jpg 768w\" sizes=\"(max-width: 800px) 100vw, 800px\" \/>\t\t\t\t\t\t\t\t\t\t\t\t\t\t\t<\/div>\n\t\t\t\t<\/div>\n\t\t\t\t\t<\/div>\n\t\t<\/div>\n\t\t\t\t\t<\/div>\n\t\t<\/section>\n\t\t\t\t<section class=\"elementor-section elementor-top-section elementor-element elementor-element-e1f829f elementor-section-boxed elementor-section-height-default elementor-section-height-default\" data-id=\"e1f829f\" data-element_type=\"section\" data-e-type=\"section\">\n\t\t\t\t\t\t<div class=\"elementor-container elementor-column-gap-default\">\n\t\t\t\t\t<div class=\"elementor-column elementor-col-100 elementor-top-column elementor-element elementor-element-5db0816\" data-id=\"5db0816\" data-element_type=\"column\" data-e-type=\"column\">\n\t\t\t<div class=\"elementor-widget-wrap elementor-element-populated\">\n\t\t\t\t\t\t<div class=\"elementor-element elementor-element-43fed07 elementor-widget elementor-widget-text-editor\" data-id=\"43fed07\" data-element_type=\"widget\" data-e-type=\"widget\" data-widget_type=\"text-editor.default\">\n\t\t\t\t<div class=\"elementor-widget-container\">\n\t\t\t\t\t\t\t\t\t<strong>T\u00e4\u00e4ll\u00e4 viihdyt 15-30 hengen porukalla ja isommallakin seurueella.<\/strong>\t\t\t\t\t\t\t\t<\/div>\n\t\t\t\t<\/div>\n\t\t\t\t\t<\/div>\n\t\t<\/div>\n\t\t\t\t\t<\/div>\n\t\t<\/section>\n\t\t\t\t<section class=\"elementor-section elementor-top-section elementor-element elementor-element-17a5f91 elementor-section-boxed elementor-section-height-default elementor-section-height-default\" data-id=\"17a5f91\" data-element_type=\"section\" data-e-type=\"section\">\n\t\t\t\t\t\t<div class=\"elementor-container elementor-column-gap-default\">\n\t\t\t\t\t<div class=\"elementor-column elementor-col-50 elementor-top-column elementor-element elementor-element-e7f03dc\" data-id=\"e7f03dc\" data-element_type=\"column\" data-e-type=\"column\">\n\t\t\t<div class=\"elementor-widget-wrap elementor-element-populated\">\n\t\t\t\t\t\t<div class=\"elementor-element elementor-element-f186852 elementor-widget elementor-widget-text-editor\" data-id=\"f186852\" data-element_type=\"widget\" data-e-type=\"widget\" data-widget_type=\"text-editor.default\">\n\t\t\t\t<div class=\"elementor-widget-container\">\n\t\t\t\t\t\t\t\t\t<p><strong>Ravintolassa on yhteens\u00e4 210 paikkaa.<\/strong><\/p><p>P\u00e4\u00e4saliin mahtuu 110 vierasta.<\/p><p>Holvisali, Mustap\u00e4iden sali ja Kiltasali sopivat pienempiin tilaisuuksiin.<\/p><p>P\u00e4\u00e4sali, Kiltasali ja Holvisali voidaan yhdist\u00e4\u00e4 toisiinsa.<\/p>\t\t\t\t\t\t\t\t<\/div>\n\t\t\t\t<\/div>\n\t\t\t\t\t<\/div>\n\t\t<\/div>\n\t\t\t\t<div class=\"elementor-column elementor-col-50 elementor-top-column elementor-element elementor-element-dec7a30\" data-id=\"dec7a30\" data-element_type=\"column\" data-e-type=\"column\">\n\t\t\t<div class=\"elementor-widget-wrap elementor-element-populated\">\n\t\t\t\t\t\t<div class=\"elementor-element elementor-element-f41865a elementor-widget elementor-widget-text-editor\" data-id=\"f41865a\" data-element_type=\"widget\" data-e-type=\"widget\" data-widget_type=\"text-editor.default\">\n\t\t\t\t<div class=\"elementor-widget-container\">\n\t\t\t\t\t\t\t\t\t<p><strong>Kaikki salit on varustettu nykyaikaisilla \u00e4\u00e4ni- ja kuvalaitteilla<\/strong>, jotka mahdollistavat kuvan ja \u00e4\u00e4nen v\u00e4litt\u00e4misen eri huoneissa samanaikaisesti.<\/p><p>Samoin on valokuvaboxi kivojen kuvien ottamista varten.<\/p>\t\t\t\t\t\t\t\t<\/div>\n\t\t\t\t<\/div>\n\t\t\t\t\t<\/div>\n\t\t<\/div>\n\t\t\t\t\t<\/div>\n\t\t<\/section>\n\t\t\t\t<section class=\"elementor-section elementor-top-section elementor-element elementor-element-acca38e elementor-section-boxed elementor-section-height-default elementor-section-height-default\" data-id=\"acca38e\" data-element_type=\"section\" data-e-type=\"section\" data-settings=\"{&quot;background_background&quot;:&quot;classic&quot;}\">\n\t\t\t\t\t\t<div class=\"elementor-container elementor-column-gap-default\">\n\t\t\t\t\t<div class=\"elementor-column elementor-col-100 elementor-top-column elementor-element elementor-element-dc5ecb9\" data-id=\"dc5ecb9\" data-element_type=\"column\" data-e-type=\"column\">\n\t\t\t<div class=\"elementor-widget-wrap elementor-element-populated\">\n\t\t\t\t\t\t<div class=\"elementor-element elementor-element-39fdbc5 elementor-widget elementor-widget-text-editor\" data-id=\"39fdbc5\" data-element_type=\"widget\" data-e-type=\"widget\" data-widget_type=\"text-editor.default\">\n\t\t\t\t<div class=\"elementor-widget-container\">\n\t\t\t\t\t\t\t\t\t<h2>Salien pinta-alat<\/h2><table><tbody><tr><td><span style=\"font-weight: 400;\">\u00a0<\/span><\/td><td><strong>Banketti<\/strong><\/td><td><strong>Kokous<\/strong><\/td><td><strong>Luokkahuone<\/strong><\/td><\/tr><tr><td><span style=\"font-weight: 400;\">P\u00e4\u00e4sali (146 m2)<\/span><\/td><td><span style=\"font-weight: 400;\">110<\/span><\/td><td><span style=\"font-weight: 400;\">60<\/span><\/td><td><span style=\"font-weight: 400;\">\u00a0<\/span><\/td><\/tr><tr><td><span style=\"font-weight: 400;\">Kiltasali (78 m2)<\/span><\/td><td><span style=\"font-weight: 400;\">70<\/span><\/td><td><span style=\"font-weight: 400;\">40<\/span><\/td><td><span style=\"font-weight: 400;\">40<\/span><\/td><\/tr><tr><td><span style=\"font-weight: 400;\">Holvisali (31 m2)<\/span><\/td><td><span style=\"font-weight: 400;\">30<\/span><\/td><td><span style=\"font-weight: 400;\">15<\/span><\/td><td><span style=\"font-weight: 400;\">20<\/span><\/td><\/tr><tr><td><span style=\"font-weight: 400;\">Mustap\u00e4iden sali (61 m2)<\/span><\/td><td><span style=\"font-weight: 400;\">45<\/span><\/td><td><span style=\"font-weight: 400;\">15<\/span><\/td><td><span style=\"font-weight: 400;\">\u00a0<\/span><\/td><\/tr><\/tbody><\/table><p><strong>HUOM!<\/strong> Koska kyseess\u00e4 on keskiaikaisessa talossa oleva ravintola, on p\u00e4\u00e4sy py\u00f6r\u00e4tuolilla vaikeaa. Ravintolaan p\u00e4\u00e4see vain portaita pitkin.<\/p>\t\t\t\t\t\t\t\t<\/div>\n\t\t\t\t<\/div>\n\t\t\t\t\t<\/div>\n\t\t<\/div>\n\t\t\t\t\t<\/div>\n\t\t<\/section>\n\t\t\t\t<section class=\"elementor-section elementor-top-section elementor-element elementor-element-2e29c94 elementor-section-boxed elementor-section-height-default elementor-section-height-default\" data-id=\"2e29c94\" data-element_type=\"section\" data-e-type=\"section\">\n\t\t\t\t\t\t<div class=\"elementor-container elementor-column-gap-default\">\n\t\t\t\t\t<div class=\"elementor-column elementor-col-100 elementor-top-column elementor-element elementor-element-11ac2b7\" data-id=\"11ac2b7\" data-element_type=\"column\" data-e-type=\"column\">\n\t\t\t<div class=\"elementor-widget-wrap elementor-element-populated\">\n\t\t\t\t\t\t<div class=\"elementor-element elementor-element-582d069 elementor-widget elementor-widget-text-editor\" data-id=\"582d069\" data-element_type=\"widget\" data-e-type=\"widget\" data-widget_type=\"text-editor.default\">\n\t\t\t\t<div class=\"elementor-widget-container\">\n\t\t\t\t\t\t\t\t\t<h2>Maikrahv &#8211; juhlatilojen vuokraus Tallinnassa<\/h2><p>Maikrahvin juhlatilat Tallinnassa sopivat sek\u00e4 yritystilaisuuksiin ett\u00e4 yksityisjuhlien ja suurtapahtumien viettoon.<\/p><p>Sijaitsemme Tallinnan vanhassa kaupungissa, aivan Raatihuoneentorin vieress\u00e4.<\/p><p>El\u00e4myksellinen ilmapiiri, holvihallit ja kodikas keskiaikainen sisustus mahdollistavat el\u00e4myksellisten tapahtumien j\u00e4rjest\u00e4misen.<\/p><p>Kaikki tapahtumaan tarvittava varustus l\u00f6ytyy paikan p\u00e4\u00e4lt\u00e4.<\/p><p>BONUKSENA voit k\u00e4ytt\u00e4\u00e4 valokuvaboxia, jonka ansiosta tallennat tapahtumasi hauskimmat hetket.<\/p><h3>Tule j\u00e4rjest\u00e4m\u00e4\u00e4n tapahtumasi Maikrahv ravintolassa!<\/h3><p>Maikrahvin tiimill\u00e4 on yli 10 vuoden kokemus tapahtumien j\u00e4rjest\u00e4misest\u00e4.<\/p><blockquote><p>Ehdotamme tilaisuuteen sopivan menun, tarjoamme sopivat viinit ja etsimme halutessasi my\u00f6s esiintyj\u00e4t.<\/p><\/blockquote><p><strong>Maikrahv ravintolan juhlatilojen vuokraus on joustavaa ja k\u00e4tev\u00e4\u00e4.<\/strong><\/p><p>Korraldame ka elamus\u00fcritusi \u2013 pime\u00f5htus\u00f6\u00f6gid, elamus\u00f5htus\u00f6\u00f6gid ja palju muud.<\/p><p><strong>Lue lis\u00e4\u00e4!<\/strong><\/p>\t\t\t\t\t\t\t\t<\/div>\n\t\t\t\t<\/div>\n\t\t\t\t\t<\/div>\n\t\t<\/div>\n\t\t\t\t\t<\/div>\n\t\t<\/section>\n\t\t\t\t<section class=\"elementor-section elementor-top-section elementor-element elementor-element-478989a1 elementor-section-boxed elementor-section-height-default elementor-section-height-default\" data-id=\"478989a1\" data-element_type=\"section\" data-e-type=\"section\">\n\t\t\t\t\t\t<div class=\"elementor-container elementor-column-gap-default\">\n\t\t\t\t\t<div class=\"elementor-column elementor-col-50 elementor-top-column elementor-element elementor-element-1c1fffbf\" data-id=\"1c1fffbf\" data-element_type=\"column\" data-e-type=\"column\">\n\t\t\t<div class=\"elementor-widget-wrap elementor-element-populated\">\n\t\t\t\t\t\t<div class=\"elementor-element elementor-element-1ba54d89 elementor-widget elementor-widget-text-editor\" data-id=\"1ba54d89\" data-element_type=\"widget\" data-e-type=\"widget\" data-widget_type=\"text-editor.default\">\n\t\t\t\t<div class=\"elementor-widget-container\">\n\t\t\t\t\t\t\t\t\t<h2>Ota yhteytt\u00e4<\/h2><p>Haluaisitko tarjouksen tai onko sinulla kysytt\u00e4v\u00e4\u00e4?<\/p><p>L\u00e4het\u00e4 meille viesti, niin otamme yhteytt\u00e4 1 arkip\u00e4iv\u00e4n kuluessa.<\/p>\t\t\t\t\t\t\t\t<\/div>\n\t\t\t\t<\/div>\n\t\t\t\t<div class=\"elementor-element elementor-element-fe0cd1e elementor-widget elementor-widget-text-editor\" data-id=\"fe0cd1e\" data-element_type=\"widget\" data-e-type=\"widget\" data-widget_type=\"text-editor.default\">\n\t\t\t\t<div class=\"elementor-widget-container\">\n\t\t\t\t\t\t\t\t\t<p style=\"text-align: center;\">Maikrahv ravintola<br \/>\u202d+372 5664 1360\u202c<\/p>\t\t\t\t\t\t\t\t<\/div>\n\t\t\t\t<\/div>\n\t\t\t\t\t<\/div>\n\t\t<\/div>\n\t\t\t\t<div class=\"elementor-column elementor-col-50 elementor-top-column elementor-element elementor-element-209d99eb\" data-id=\"209d99eb\" data-element_type=\"column\" data-e-type=\"column\">\n\t\t\t<div class=\"elementor-widget-wrap elementor-element-populated\">\n\t\t\t\t\t\t<div class=\"elementor-element elementor-element-71a7d55b elementor-widget elementor-widget-shortcode\" data-id=\"71a7d55b\" data-element_type=\"widget\" data-e-type=\"widget\" data-widget_type=\"shortcode.default\">\n\t\t\t\t<div class=\"elementor-widget-container\">\n\t\t\t\t\t\t\t<div class=\"elementor-shortcode\">\n<div class=\"wpcf7 no-js\" id=\"wpcf7-f2476-o1\" lang=\"et\" dir=\"ltr\" data-wpcf7-id=\"2476\">\n<div class=\"screen-reader-response\"><p role=\"status\" aria-live=\"polite\" aria-atomic=\"true\"><\/p> <ul><\/ul><\/div>\n<form action=\"\/fi\/wp-json\/wp\/v2\/pages\/2293#wpcf7-f2476-o1\" method=\"post\" class=\"wpcf7-form init\" aria-label=\"Contact form\" novalidate=\"novalidate\" data-status=\"init\">\n<fieldset class=\"hidden-fields-container\"><input type=\"hidden\" name=\"_wpcf7\" value=\"2476\" \/><input type=\"hidden\" name=\"_wpcf7_version\" value=\"6.1.5\" \/><input type=\"hidden\" name=\"_wpcf7_locale\" value=\"et\" \/><input type=\"hidden\" name=\"_wpcf7_unit_tag\" value=\"wpcf7-f2476-o1\" \/><input type=\"hidden\" name=\"_wpcf7_container_post\" value=\"0\" \/><input type=\"hidden\" name=\"_wpcf7_posted_data_hash\" value=\"\" \/>\n<\/fieldset>\n<p><label> Sinun nimesi:<br \/>\n<span class=\"wpcf7-form-control-wrap\" data-name=\"your-name\"><input size=\"40\" maxlength=\"400\" class=\"wpcf7-form-control wpcf7-text wpcf7-validates-as-required\" aria-required=\"true\" aria-invalid=\"false\" value=\"\" type=\"text\" name=\"your-name\" \/><\/span> <\/label>\n<\/p>\n<p><label> Puhelimesi:<br \/>\n<span class=\"wpcf7-form-control-wrap\" data-name=\"your-phone\"><input size=\"40\" maxlength=\"400\" class=\"wpcf7-form-control wpcf7-tel wpcf7-validates-as-required wpcf7-text wpcf7-validates-as-tel\" aria-required=\"true\" aria-invalid=\"false\" value=\"\" type=\"tel\" name=\"your-phone\" \/><\/span> <\/label>\n<\/p>\n<p><label> S\u00e4hk\u00f6postiosoiteesi:<br \/>\n<span class=\"wpcf7-form-control-wrap\" data-name=\"your-email\"><input size=\"40\" maxlength=\"400\" class=\"wpcf7-form-control wpcf7-email wpcf7-validates-as-required wpcf7-text wpcf7-validates-as-email\" aria-required=\"true\" aria-invalid=\"false\" value=\"\" type=\"email\" name=\"your-email\" \/><\/span> <\/label>\n<\/p>\n<p><label> Kirjoita, miten voimme auttaa<br \/>\n<span class=\"wpcf7-form-control-wrap\" data-name=\"your-message\"><textarea cols=\"40\" rows=\"10\" maxlength=\"2000\" class=\"wpcf7-form-control wpcf7-textarea\" aria-invalid=\"false\" name=\"your-message\"><\/textarea><\/span> <\/label>\n<\/p>\n<p><span class=\"wpcf7-form-control-wrap\" data-name=\"acceptance\"><span class=\"wpcf7-form-control wpcf7-acceptance\"><span class=\"wpcf7-list-item\"><label><input type=\"checkbox\" name=\"acceptance\" value=\"1\" aria-invalid=\"false\" \/><span class=\"wpcf7-list-item-label\">Hyv\u00e4ksyn <a href=\"https:\/\/maikrahv.ee\/fi\/tietosuojaehdot\/\" target=\"_blank\">tietosuojaehdot<\/a><\/span><\/label><\/span><\/span><\/span>\n<\/p>\n<p><input class=\"wpcf7-form-control wpcf7-submit has-spinner\" type=\"submit\" value=\"L\u00e4het\u00e4\" \/>\n<\/p><div class=\"wpcf7-response-output\" aria-hidden=\"true\"><\/div>\n<\/form>\n<\/div>\n<\/div>\n\t\t\t\t\t\t<\/div>\n\t\t\t\t<\/div>\n\t\t\t\t\t<\/div>\n\t\t<\/div>\n\t\t\t\t\t<\/div>\n\t\t<\/section>\n\t\t\t\t<section class=\"elementor-section elementor-top-section elementor-element elementor-element-735c468d elementor-section-boxed elementor-section-height-default elementor-section-height-default\" data-id=\"735c468d\" data-element_type=\"section\" data-e-type=\"section\">\n\t\t\t\t\t\t<div class=\"elementor-container elementor-column-gap-default\">\n\t\t\t\t\t<div class=\"elementor-column elementor-col-100 elementor-top-column elementor-element elementor-element-7b9d1e27\" data-id=\"7b9d1e27\" data-element_type=\"column\" data-e-type=\"column\">\n\t\t\t<div class=\"elementor-widget-wrap elementor-element-populated\">\n\t\t\t\t\t\t<div class=\"elementor-element elementor-element-68a49cc elementor-widget elementor-widget-text-editor\" data-id=\"68a49cc\" data-element_type=\"widget\" data-e-type=\"widget\" data-widget_type=\"text-editor.default\">\n\t\t\t\t<div class=\"elementor-widget-container\">\n\t\t\t\t\t\t\t\t\t<h2>Tilojen vuokraus syntym\u00e4p\u00e4ivi\u00e4 tai muita erityisi\u00e4 tilaisuuksia varten<\/h2><p>Voit my\u00f6s vuokrata Maikrahv ravintolan tiloja syntym\u00e4p\u00e4ivi\u00e4, vuosip\u00e4ivi\u00e4, h\u00e4it\u00e4 tai muita erityisi\u00e4 tilaisuuksia varten.<\/p><p>Joustavien tilaratkaisujen ansiosta on Maikrahv ravintola juuri sopiva paikka Tallinnassa, jossa voidaan j\u00e4rjest\u00e4\u00e4 mink\u00e4 tahansa kokoisia tapahtumia.<\/p><blockquote><p>Autamme mielell\u00e4mme my\u00f6s tapahtuman j\u00e4rjestelyss\u00e4.<\/p><p>Meid\u00e4n kauttamme on mahdollista l\u00f6yt\u00e4\u00e4 esiintyji\u00e4 ja viihdytt\u00e4ji\u00e4.<\/p><\/blockquote><p><strong>Autamme kokoamaan viihdeohjelman siten, ett\u00e4 juhlailta sujuisi iloisella mielell\u00e4.<\/strong><\/p><p>Syntym\u00e4p\u00e4iville ja vuosip\u00e4iville tarjoamme erilaisia \u200b\u200bruokalistoja alkaen kevyemmist\u00e4 v\u00e4lipalap\u00f6ydist\u00e4, mutta voi tilata my\u00f6s jaettavia menuja, 3 ruokalajin juhlaillallisiia, juhla-aterioita ja erikoismenuja.<\/p><blockquote><p>Ravintolassa on runsas viinikellari, josta viinitarjoilija valitsee ruokiin sopivan viinin ja virvoitusjuomat.<\/p><\/blockquote><p><span style=\"font-weight: 400;\">Vieraat voivat nauttia miellytt\u00e4v\u00e4st\u00e4 tunnelmasta ja tietysti on jokaisen juhlan pakollinen elementti\u00a0 valokuvaboxi, jonka k\u00e4ytt\u00f6 sis\u00e4ltyy hintaan.<\/span><\/p><p><b>J\u00e4t\u00e4 meille yhteystietosi! <\/b><span style=\"font-weight: 400;\">Myyntiedustaja Julia ottaa sinuun yhteytt\u00e4 1 arkip\u00e4iv\u00e4n sis\u00e4ll\u00e4.<\/span><\/p>\t\t\t\t\t\t\t\t<\/div>\n\t\t\t\t<\/div>\n\t\t\t\t\t<\/div>\n\t\t<\/div>\n\t\t\t\t\t<\/div>\n\t\t<\/section>\n\t\t\t\t<\/div>\n\t\t","protected":false},"excerpt":{"rendered":"<p>Tilojen vuokraus Tallinnan vanhassa kaupungissa Etsitk\u00f6 tiloja seminaaria, kokousta asiakastapahtumaa, syntym\u00e4p\u00e4iv\u00e4juhlaa tai vuosip\u00e4iv\u00e4\u00e4 varten? Maikrahv ravintolassa odottaa 4 erikokoista salia, [&hellip;]<\/p>\n","protected":false},"author":2,"featured_media":0,"parent":2294,"menu_order":0,"comment_status":"closed","ping_status":"closed","template":"","meta":{"site-sidebar-layout":"no-sidebar","site-content-layout":"boxed-container","ast-site-content-layout":"default","site-content-style":"default","site-sidebar-style":"default","ast-global-header-display":"","ast-banner-title-visibility":"","ast-main-header-display":"","ast-hfb-above-header-display":"","ast-hfb-below-header-display":"","ast-hfb-mobile-header-display":"","site-post-title":"disabled","ast-breadcrumbs-content":"","ast-featured-img":"disabled","footer-sml-layout":"","ast-disable-related-posts":"","theme-transparent-header-meta":"default","adv-header-id-meta":"","stick-header-meta":"default","header-above-stick-meta":"","header-main-stick-meta":"","header-below-stick-meta":"","astra-migrate-meta-layouts":"default","ast-page-background-enabled":"default","ast-page-background-meta":{"desktop":{"background-color":"","background-image":"","background-repeat":"repeat","background-position":"center center","background-size":"auto","background-attachment":"scroll","background-type":"","background-media":"","overlay-type":"","overlay-color":"","overlay-opacity":"","overlay-gradient":""},"tablet":{"background-color":"","background-image":"","background-repeat":"repeat","background-position":"center center","background-size":"auto","background-attachment":"scroll","background-type":"","background-media":"","overlay-type":"","overlay-color":"","overlay-opacity":"","overlay-gradient":""},"mobile":{"background-color":"","background-image":"","background-repeat":"repeat","background-position":"center center","background-size":"auto","background-attachment":"scroll","background-type":"","background-media":"","overlay-type":"","overlay-color":"","overlay-opacity":"","overlay-gradient":""}},"ast-content-background-meta":{"desktop":{"background-color":"var(--ast-global-color-5)","background-image":"","background-repeat":"repeat","background-position":"center center","background-size":"auto","background-attachment":"scroll","background-type":"","background-media":"","overlay-type":"","overlay-color":"","overlay-opacity":"","overlay-gradient":""},"tablet":{"background-color":"var(--ast-global-color-5)","background-image":"","background-repeat":"repeat","background-position":"center center","background-size":"auto","background-attachment":"scroll","background-type":"","background-media":"","overlay-type":"","overlay-color":"","overlay-opacity":"","overlay-gradient":""},"mobile":{"background-color":"var(--ast-global-color-5)","background-image":"","background-repeat":"repeat","background-position":"center center","background-size":"auto","background-attachment":"scroll","background-type":"","background-media":"","overlay-type":"","overlay-color":"","overlay-opacity":"","overlay-gradient":""}},"footnotes":""},"class_list":["post-2293","page","type-page","status-publish","hentry"],"_links":{"self":[{"href":"https:\/\/maikrahv.ee\/fi\/wp-json\/wp\/v2\/pages\/2293","targetHints":{"allow":["GET"]}}],"collection":[{"href":"https:\/\/maikrahv.ee\/fi\/wp-json\/wp\/v2\/pages"}],"about":[{"href":"https:\/\/maikrahv.ee\/fi\/wp-json\/wp\/v2\/types\/page"}],"author":[{"embeddable":true,"href":"https:\/\/maikrahv.ee\/fi\/wp-json\/wp\/v2\/users\/2"}],"replies":[{"embeddable":true,"href":"https:\/\/maikrahv.ee\/fi\/wp-json\/wp\/v2\/comments?post=2293"}],"version-history":[{"count":29,"href":"https:\/\/maikrahv.ee\/fi\/wp-json\/wp\/v2\/pages\/2293\/revisions"}],"predecessor-version":[{"id":6367,"href":"https:\/\/maikrahv.ee\/fi\/wp-json\/wp\/v2\/pages\/2293\/revisions\/6367"}],"up":[{"embeddable":true,"href":"https:\/\/maikrahv.ee\/fi\/wp-json\/wp\/v2\/pages\/2294"}],"wp:attachment":[{"href":"https:\/\/maikrahv.ee\/fi\/wp-json\/wp\/v2\/media?parent=2293"}],"curies":[{"name":"wp","href":"https:\/\/api.w.org\/{rel}","templated":true}]}}