{"id":2292,"date":"2022-08-02T14:14:18","date_gmt":"2022-08-02T14:14:18","guid":{"rendered":"https:\/\/maikrahv.ee\/sundmused\/ohtusookide-korraldamine\/"},"modified":"2025-12-30T13:02:14","modified_gmt":"2025-12-30T13:02:14","slug":"illalliset-ravintolassa","status":"publish","type":"page","link":"https:\/\/maikrahv.ee\/fi\/tapahtumat\/illalliset-ravintolassa\/","title":{"rendered":"Illalliset ravintolassa"},"content":{"rendered":"\t\t<div data-elementor-type=\"wp-page\" data-elementor-id=\"2292\" class=\"elementor elementor-2292 elementor-969\">\n\t\t\t\t\t\t<section class=\"elementor-section elementor-top-section elementor-element elementor-element-580c0697 elementor-section-boxed elementor-section-height-default elementor-section-height-default\" data-id=\"580c0697\" data-element_type=\"section\" data-e-type=\"section\" data-settings=\"{&quot;background_background&quot;:&quot;classic&quot;}\">\n\t\t\t\t\t\t<div class=\"elementor-container elementor-column-gap-default\">\n\t\t\t\t\t<div class=\"elementor-column elementor-col-50 elementor-top-column elementor-element elementor-element-7be41ea6\" data-id=\"7be41ea6\" data-element_type=\"column\" data-e-type=\"column\">\n\t\t\t<div class=\"elementor-widget-wrap elementor-element-populated\">\n\t\t\t\t\t\t<div class=\"elementor-element elementor-element-4a7e358f elementor-widget elementor-widget-text-editor\" data-id=\"4a7e358f\" data-element_type=\"widget\" data-e-type=\"widget\" data-widget_type=\"text-editor.default\">\n\t\t\t\t<div class=\"elementor-widget-container\">\n\t\t\t\t\t\t\t\t\t<h1>Illallinen Tallinnan Maikrahv ravintolassa<\/h1><p>Haluatko tehd\u00e4 jotain todella j\u00e4nnitt\u00e4v\u00e4\u00e4 seurueesi kanssa?<\/p><p>Varaa mieleenpainuva illallinen Maikrahv ravintolassa.<\/p><p>Illallinen Tallinnan Maikrahv ravintolassa onnistuu niin isompien kuin pienempien seurueiden ja ryhmien kanssa.<\/p>\t\t\t\t\t\t\t\t<\/div>\n\t\t\t\t<\/div>\n\t\t\t\t\t<\/div>\n\t\t<\/div>\n\t\t\t\t<div class=\"elementor-column elementor-col-50 elementor-top-column elementor-element elementor-element-612a75c8\" data-id=\"612a75c8\" data-element_type=\"column\" data-e-type=\"column\">\n\t\t\t<div class=\"elementor-widget-wrap elementor-element-populated\">\n\t\t\t\t\t\t<div class=\"elementor-element elementor-element-4f44a37b elementor-widget elementor-widget-image\" data-id=\"4f44a37b\" data-element_type=\"widget\" data-e-type=\"widget\" data-widget_type=\"image.default\">\n\t\t\t\t<div class=\"elementor-widget-container\">\n\t\t\t\t\t\t\t\t\t\t\t\t\t\t\t<img fetchpriority=\"high\" decoding=\"async\" width=\"800\" height=\"400\" src=\"https:\/\/maikrahv.ee\/wp-content\/uploads\/2022\/08\/ohtusookide-korraldamine.jpg\" class=\"attachment-full size-full wp-image-2218\" alt=\"\" srcset=\"https:\/\/maikrahv.ee\/wp-content\/uploads\/2022\/08\/ohtusookide-korraldamine.jpg 800w, https:\/\/maikrahv.ee\/wp-content\/uploads\/2022\/08\/ohtusookide-korraldamine-300x150.jpg 300w, https:\/\/maikrahv.ee\/wp-content\/uploads\/2022\/08\/ohtusookide-korraldamine-768x384.jpg 768w\" sizes=\"(max-width: 800px) 100vw, 800px\" \/>\t\t\t\t\t\t\t\t\t\t\t\t\t\t\t<\/div>\n\t\t\t\t<\/div>\n\t\t\t\t\t<\/div>\n\t\t<\/div>\n\t\t\t\t\t<\/div>\n\t\t<\/section>\n\t\t\t\t<section class=\"elementor-section elementor-top-section elementor-element elementor-element-5b7e651b elementor-section-boxed elementor-section-height-default elementor-section-height-default\" data-id=\"5b7e651b\" data-element_type=\"section\" data-e-type=\"section\">\n\t\t\t\t\t\t<div class=\"elementor-container elementor-column-gap-default\">\n\t\t\t\t\t<div class=\"elementor-column elementor-col-100 elementor-top-column elementor-element elementor-element-63e38cd4\" data-id=\"63e38cd4\" data-element_type=\"column\" data-e-type=\"column\">\n\t\t\t<div class=\"elementor-widget-wrap elementor-element-populated\">\n\t\t\t\t\t\t<div class=\"elementor-element elementor-element-1ef8a315 elementor-widget elementor-widget-text-editor\" data-id=\"1ef8a315\" data-element_type=\"widget\" data-e-type=\"widget\" data-widget_type=\"text-editor.default\">\n\t\t\t\t<div class=\"elementor-widget-container\">\n\t\t\t\t\t\t\t\t\t<h2>Unohtumaton illallinen Tallinnan Maikrahv ravintolassa<\/h2><p>Maikrahv on kodikas ravintola vanhassa kaupungissa, aivan Raatihuoneentorin vieress\u00e4, josta on mahdollista tilata illallista seurueille ja ryhmille.<\/p><p><strong>Kerralla voimme ottaa vastaan jopa 210 vierasta.<\/strong><\/p><p>Ravintolassa 4 salia. P\u00e4\u00e4saliin mahtuu enint\u00e4\u00e4n 110 vierasta.<\/p><p>Holvisali, Mustap\u00e4iden sali ja Kiltasali sopivat pienempiin tilaisuuksiin. P\u00e4\u00e4sali, Kiltasali ja Holvisali voidaan yhdist\u00e4\u00e4 toisiinsa. Paikan p\u00e4\u00e4ll\u00e4 on kaikki tarvittavat laitteet, joiden kautta kuva- ja \u00e4\u00e4nentoisto onnistuu.<\/p><p>Maikrahv ravintolassa on mahdollista j\u00e4rjest\u00e4\u00e4 erilaisia \u200b\u200bviihdytt\u00e4vi\u00e4 tapahtumia: illallisia pime\u00e4ss\u00e4, konsertti-illallisia, teatteri-illallisia. Maikrahv on el\u00e4myksellisten illallisten koti &#8211; viihdytt\u00e4v\u00e4t illalliset ovat vieraidemme suosikkeja.<\/p><p>Ruokanautintojen tarjoamisen lis\u00e4ksi autamme my\u00f6s j\u00e4rjest\u00e4m\u00e4\u00e4n viihdeohjelmia.<\/p><blockquote><p>Jos sinulla on hyv\u00e4 el\u00e4mystapahtuman idea, j\u00e4t\u00e4 yhteystietosi t\u00e4h\u00e4n, niin otamme yhteytt\u00e4.<\/p><\/blockquote>\t\t\t\t\t\t\t\t<\/div>\n\t\t\t\t<\/div>\n\t\t\t\t\t<\/div>\n\t\t<\/div>\n\t\t\t\t\t<\/div>\n\t\t<\/section>\n\t\t\t\t<section class=\"elementor-section elementor-top-section elementor-element elementor-element-2ef00dc0 elementor-section-boxed elementor-section-height-default elementor-section-height-default\" data-id=\"2ef00dc0\" data-element_type=\"section\" data-e-type=\"section\">\n\t\t\t\t\t\t<div class=\"elementor-container elementor-column-gap-default\">\n\t\t\t\t\t<div class=\"elementor-column elementor-col-50 elementor-top-column elementor-element elementor-element-700d80ee\" data-id=\"700d80ee\" data-element_type=\"column\" data-e-type=\"column\">\n\t\t\t<div class=\"elementor-widget-wrap elementor-element-populated\">\n\t\t\t\t\t\t<div class=\"elementor-element elementor-element-20af0743 elementor-widget elementor-widget-text-editor\" data-id=\"20af0743\" data-element_type=\"widget\" data-e-type=\"widget\" data-widget_type=\"text-editor.default\">\n\t\t\t\t<div class=\"elementor-widget-container\">\n\t\t\t\t\t\t\t\t\t<h2>Ota yhteytt\u00e4<\/h2><p>Jos harkitset illallisen j\u00e4rjest\u00e4mist\u00e4 meid\u00e4n luonamme, ota meihin yhteytt\u00e4.<\/p><p>Vastaamme 1 arkip\u00e4iv\u00e4n kuluessa ja tarkennamme t\u00e4rkeit\u00e4 yksityiskohtia.<\/p><p>N\u00e4in ymm\u00e4rr\u00e4mme paremmin suunnittelemasi tapahtuman ja voimme tarjota sopivimmat ratkaisut todella ikimuistoiseen illalliseen, jota muistetaan l\u00e4mm\u00f6ll\u00e4 my\u00f6hemminkin.<\/p>\t\t\t\t\t\t\t\t<\/div>\n\t\t\t\t<\/div>\n\t\t\t\t<div class=\"elementor-element elementor-element-99c88f9 elementor-widget elementor-widget-text-editor\" data-id=\"99c88f9\" data-element_type=\"widget\" data-e-type=\"widget\" data-widget_type=\"text-editor.default\">\n\t\t\t\t<div class=\"elementor-widget-container\">\n\t\t\t\t\t\t\t\t\t<p style=\"text-align: center;\">Maikrahv ravintola<br \/>\u202d+372 5664 1360\u202c<\/p>\t\t\t\t\t\t\t\t<\/div>\n\t\t\t\t<\/div>\n\t\t\t\t\t<\/div>\n\t\t<\/div>\n\t\t\t\t<div class=\"elementor-column elementor-col-50 elementor-top-column elementor-element elementor-element-5641823a\" data-id=\"5641823a\" data-element_type=\"column\" data-e-type=\"column\">\n\t\t\t<div class=\"elementor-widget-wrap elementor-element-populated\">\n\t\t\t\t\t\t<div class=\"elementor-element elementor-element-2a176229 elementor-widget elementor-widget-shortcode\" data-id=\"2a176229\" data-element_type=\"widget\" data-e-type=\"widget\" data-widget_type=\"shortcode.default\">\n\t\t\t\t<div class=\"elementor-widget-container\">\n\t\t\t\t\t\t\t<div class=\"elementor-shortcode\">\n<div class=\"wpcf7 no-js\" id=\"wpcf7-f2476-o1\" lang=\"et\" dir=\"ltr\" data-wpcf7-id=\"2476\">\n<div class=\"screen-reader-response\"><p role=\"status\" aria-live=\"polite\" aria-atomic=\"true\"><\/p> <ul><\/ul><\/div>\n<form action=\"\/fi\/wp-json\/wp\/v2\/pages\/2292#wpcf7-f2476-o1\" method=\"post\" class=\"wpcf7-form init\" aria-label=\"Contact form\" novalidate=\"novalidate\" data-status=\"init\">\n<fieldset class=\"hidden-fields-container\"><input type=\"hidden\" name=\"_wpcf7\" value=\"2476\" \/><input type=\"hidden\" name=\"_wpcf7_version\" value=\"6.1.5\" \/><input type=\"hidden\" name=\"_wpcf7_locale\" value=\"et\" \/><input type=\"hidden\" name=\"_wpcf7_unit_tag\" value=\"wpcf7-f2476-o1\" \/><input type=\"hidden\" name=\"_wpcf7_container_post\" value=\"0\" \/><input type=\"hidden\" name=\"_wpcf7_posted_data_hash\" value=\"\" \/>\n<\/fieldset>\n<p><label> Sinun nimesi:<br \/>\n<span class=\"wpcf7-form-control-wrap\" data-name=\"your-name\"><input size=\"40\" maxlength=\"400\" class=\"wpcf7-form-control wpcf7-text wpcf7-validates-as-required\" aria-required=\"true\" aria-invalid=\"false\" value=\"\" type=\"text\" name=\"your-name\" \/><\/span> <\/label>\n<\/p>\n<p><label> Puhelimesi:<br \/>\n<span class=\"wpcf7-form-control-wrap\" data-name=\"your-phone\"><input size=\"40\" maxlength=\"400\" class=\"wpcf7-form-control wpcf7-tel wpcf7-validates-as-required wpcf7-text wpcf7-validates-as-tel\" aria-required=\"true\" aria-invalid=\"false\" value=\"\" type=\"tel\" name=\"your-phone\" \/><\/span> <\/label>\n<\/p>\n<p><label> S\u00e4hk\u00f6postiosoiteesi:<br \/>\n<span class=\"wpcf7-form-control-wrap\" data-name=\"your-email\"><input size=\"40\" maxlength=\"400\" class=\"wpcf7-form-control wpcf7-email wpcf7-validates-as-required wpcf7-text wpcf7-validates-as-email\" aria-required=\"true\" aria-invalid=\"false\" value=\"\" type=\"email\" name=\"your-email\" \/><\/span> <\/label>\n<\/p>\n<p><label> Kirjoita, miten voimme auttaa<br \/>\n<span class=\"wpcf7-form-control-wrap\" data-name=\"your-message\"><textarea cols=\"40\" rows=\"10\" maxlength=\"2000\" class=\"wpcf7-form-control wpcf7-textarea\" aria-invalid=\"false\" name=\"your-message\"><\/textarea><\/span> <\/label>\n<\/p>\n<p><span class=\"wpcf7-form-control-wrap\" data-name=\"acceptance\"><span class=\"wpcf7-form-control wpcf7-acceptance\"><span class=\"wpcf7-list-item\"><label><input type=\"checkbox\" name=\"acceptance\" value=\"1\" aria-invalid=\"false\" \/><span class=\"wpcf7-list-item-label\">Hyv\u00e4ksyn <a href=\"https:\/\/maikrahv.ee\/fi\/tietosuojaehdot\/\" target=\"_blank\">tietosuojaehdot<\/a><\/span><\/label><\/span><\/span><\/span>\n<\/p>\n<p><input class=\"wpcf7-form-control wpcf7-submit has-spinner\" type=\"submit\" value=\"L\u00e4het\u00e4\" \/>\n<\/p><div class=\"wpcf7-response-output\" aria-hidden=\"true\"><\/div>\n<\/form>\n<\/div>\n<\/div>\n\t\t\t\t\t\t<\/div>\n\t\t\t\t<\/div>\n\t\t\t\t\t<\/div>\n\t\t<\/div>\n\t\t\t\t\t<\/div>\n\t\t<\/section>\n\t\t\t\t<section class=\"elementor-section elementor-top-section elementor-element elementor-element-825e632 elementor-section-boxed elementor-section-height-default elementor-section-height-default\" data-id=\"825e632\" data-element_type=\"section\" data-e-type=\"section\">\n\t\t\t\t\t\t<div class=\"elementor-container elementor-column-gap-default\">\n\t\t\t\t\t<div class=\"elementor-column elementor-col-50 elementor-top-column elementor-element elementor-element-f4a03eb\" data-id=\"f4a03eb\" data-element_type=\"column\" data-e-type=\"column\">\n\t\t\t<div class=\"elementor-widget-wrap elementor-element-populated\">\n\t\t\t\t\t\t<div class=\"elementor-element elementor-element-cf6483c elementor-widget elementor-widget-text-editor\" data-id=\"cf6483c\" data-element_type=\"widget\" data-e-type=\"widget\" data-widget_type=\"text-editor.default\">\n\t\t\t\t<div class=\"elementor-widget-container\">\n\t\t\t\t\t\t\t\t\t<h2>Valitse sopiva ryhm\u00e4menu tai kokoa makuusi vastaava illallismenu<\/h2><p>Ryhm\u00e4menujen valikoima antaa mahdollisuuden nauttia sek\u00e4 perinteisi\u00e4 lounaita ett\u00e4 juhlaillallisia.<\/p><p>Valittavana on monen ruokalajin lounaita ja illallisia sek\u00e4 runsaita aterioita, jotka sopivat esimerkiksi merkki- ja syntym\u00e4p\u00e4iv\u00e4juhliin ja jotka ovat tarkoitettu jaettavaksi p\u00f6yt\u00e4seurueelle.<\/p><h3>Ryhm\u00e4menu Tallinnassa:<\/h3><ul><li>Maikrahvin juhla-ateriat<\/li><li>Kolmen ruokalajin menut<\/li><li>Perinteiset menut<\/li><li>Ryhm\u00e4menut<\/li><li>Jouluateriat<\/li><li>Juomapaketit<\/li><\/ul><p>On mahdollista tilata my\u00f6s gluteenittomia tai laktoosittomia ruokia.<\/p><p>Halutessasi voit koota itsellesi sopivan menun. Aterioiden lis\u00e4ksi voit valita juomapaketin.<\/p><p>J\u00e4rjest\u00e4mme my\u00f6s oluen maistajaisia \u200b\u200bryhmille.<\/p>\t\t\t\t\t\t\t\t<\/div>\n\t\t\t\t<\/div>\n\t\t\t\t\t<\/div>\n\t\t<\/div>\n\t\t\t\t<div class=\"elementor-column elementor-col-50 elementor-top-column elementor-element elementor-element-12beb30\" data-id=\"12beb30\" data-element_type=\"column\" data-e-type=\"column\">\n\t\t\t<div class=\"elementor-widget-wrap elementor-element-populated\">\n\t\t\t\t\t\t<div class=\"elementor-element elementor-element-80f33fb elementor-widget elementor-widget-text-editor\" data-id=\"80f33fb\" data-element_type=\"widget\" data-e-type=\"widget\" data-widget_type=\"text-editor.default\">\n\t\t\t\t<div class=\"elementor-widget-container\">\n\t\t\t\t\t\t\t\t\t<h2>Maikrahv ravintolassa odottaa sinua<\/h2><ul><li>paljon menuvaihtoehtoja<\/li><li>herkullinen ruoka<\/li><li>4 erikokoista salia<\/li><li>hyv\u00e4 sijainti Tallinnan vanhassa kaupungissa<\/li><li>viihtyis\u00e4 ilmapiiri<\/li><li>ja ep\u00e4ilem\u00e4tt\u00e4 erilainen el\u00e4mys<\/li><\/ul><p>Onko sinulla hyv\u00e4 illallisen idea? \u00c4l\u00e4 pelk\u00e4\u00e4 ottaa meihin yhteytt\u00e4. Autamme tekem\u00e4\u00e4n tapahtumastasi unohtumattoman.<\/p><p>J\u00e4t\u00e4 meille yhteystietosi, niin myyntiedustaja Julia ottaa sinuun yhteytt\u00e4 1 arkip\u00e4iv\u00e4n sis\u00e4ll\u00e4.<\/p><p>N\u00e4in voimme tarjota sinulle parhaat ratkaisut todella ikimuistoisen illalliseen, jota muistetaan my\u00f6hemmin l\u00e4mm\u00f6ll\u00e4.<\/p>\t\t\t\t\t\t\t\t<\/div>\n\t\t\t\t<\/div>\n\t\t\t\t\t<\/div>\n\t\t<\/div>\n\t\t\t\t\t<\/div>\n\t\t<\/section>\n\t\t\t\t<\/div>\n\t\t","protected":false},"excerpt":{"rendered":"<p>Illallinen Tallinnan Maikrahv ravintolassa Haluatko tehd\u00e4 jotain todella j\u00e4nnitt\u00e4v\u00e4\u00e4 seurueesi kanssa? Varaa mieleenpainuva illallinen Maikrahv ravintolassa. Illallinen Tallinnan Maikrahv ravintolassa [&hellip;]<\/p>\n","protected":false},"author":2,"featured_media":2218,"parent":2285,"menu_order":0,"comment_status":"closed","ping_status":"closed","template":"elementor_header_footer","meta":{"site-sidebar-layout":"no-sidebar","site-content-layout":"boxed-container","ast-site-content-layout":"normal-width-container","site-content-style":"boxed","site-sidebar-style":"boxed","ast-global-header-display":"","ast-banner-title-visibility":"","ast-main-header-display":"","ast-hfb-above-header-display":"","ast-hfb-below-header-display":"","ast-hfb-mobile-header-display":"","site-post-title":"disabled","ast-breadcrumbs-content":"","ast-featured-img":"disabled","footer-sml-layout":"","ast-disable-related-posts":"","theme-transparent-header-meta":"default","adv-header-id-meta":"","stick-header-meta":"default","header-above-stick-meta":"","header-main-stick-meta":"","header-below-stick-meta":"","astra-migrate-meta-layouts":"default","ast-page-background-enabled":"default","ast-page-background-meta":{"desktop":{"background-color":"","background-image":"","background-repeat":"repeat","background-position":"center center","background-size":"auto","background-attachment":"scroll","background-type":"","background-media":"","overlay-type":"","overlay-color":"","overlay-opacity":"","overlay-gradient":""},"tablet":{"background-color":"","background-image":"","background-repeat":"repeat","background-position":"center center","background-size":"auto","background-attachment":"scroll","background-type":"","background-media":"","overlay-type":"","overlay-color":"","overlay-opacity":"","overlay-gradient":""},"mobile":{"background-color":"","background-image":"","background-repeat":"repeat","background-position":"center center","background-size":"auto","background-attachment":"scroll","background-type":"","background-media":"","overlay-type":"","overlay-color":"","overlay-opacity":"","overlay-gradient":""}},"ast-content-background-meta":{"desktop":{"background-color":"var(--ast-global-color-5)","background-image":"","background-repeat":"repeat","background-position":"center center","background-size":"auto","background-attachment":"scroll","background-type":"","background-media":"","overlay-type":"","overlay-color":"","overlay-opacity":"","overlay-gradient":""},"tablet":{"background-color":"var(--ast-global-color-5)","background-image":"","background-repeat":"repeat","background-position":"center center","background-size":"auto","background-attachment":"scroll","background-type":"","background-media":"","overlay-type":"","overlay-color":"","overlay-opacity":"","overlay-gradient":""},"mobile":{"background-color":"var(--ast-global-color-5)","background-image":"","background-repeat":"repeat","background-position":"center center","background-size":"auto","background-attachment":"scroll","background-type":"","background-media":"","overlay-type":"","overlay-color":"","overlay-opacity":"","overlay-gradient":""}},"footnotes":""},"class_list":["post-2292","page","type-page","status-publish","has-post-thumbnail","hentry"],"_links":{"self":[{"href":"https:\/\/maikrahv.ee\/fi\/wp-json\/wp\/v2\/pages\/2292","targetHints":{"allow":["GET"]}}],"collection":[{"href":"https:\/\/maikrahv.ee\/fi\/wp-json\/wp\/v2\/pages"}],"about":[{"href":"https:\/\/maikrahv.ee\/fi\/wp-json\/wp\/v2\/types\/page"}],"author":[{"embeddable":true,"href":"https:\/\/maikrahv.ee\/fi\/wp-json\/wp\/v2\/users\/2"}],"replies":[{"embeddable":true,"href":"https:\/\/maikrahv.ee\/fi\/wp-json\/wp\/v2\/comments?post=2292"}],"version-history":[{"count":38,"href":"https:\/\/maikrahv.ee\/fi\/wp-json\/wp\/v2\/pages\/2292\/revisions"}],"predecessor-version":[{"id":6908,"href":"https:\/\/maikrahv.ee\/fi\/wp-json\/wp\/v2\/pages\/2292\/revisions\/6908"}],"up":[{"embeddable":true,"href":"https:\/\/maikrahv.ee\/fi\/wp-json\/wp\/v2\/pages\/2285"}],"wp:featuredmedia":[{"embeddable":true,"href":"https:\/\/maikrahv.ee\/fi\/wp-json\/wp\/v2\/media\/2218"}],"wp:attachment":[{"href":"https:\/\/maikrahv.ee\/fi\/wp-json\/wp\/v2\/media?parent=2292"}],"curies":[{"name":"wp","href":"https:\/\/api.w.org\/{rel}","templated":true}]}}