{"id":2291,"date":"2022-08-02T14:14:33","date_gmt":"2022-08-02T14:14:33","guid":{"rendered":"https:\/\/maikrahv.ee\/gruppide-toitlustus\/"},"modified":"2025-09-10T14:46:45","modified_gmt":"2025-09-10T14:46:45","slug":"ryhmaruokailu","status":"publish","type":"page","link":"https:\/\/maikrahv.ee\/fi\/palvelut\/ryhmaruokailu\/","title":{"rendered":"Ryhm\u00e4ruokailu"},"content":{"rendered":"\t\t<div data-elementor-type=\"wp-page\" data-elementor-id=\"2291\" class=\"elementor elementor-2291 elementor-971\">\n\t\t\t\t\t\t<section class=\"elementor-section elementor-top-section elementor-element elementor-element-30e09c3b elementor-section-boxed elementor-section-height-default elementor-section-height-default\" data-id=\"30e09c3b\" data-element_type=\"section\" data-e-type=\"section\" data-settings=\"{&quot;background_background&quot;:&quot;classic&quot;}\">\n\t\t\t\t\t\t<div class=\"elementor-container elementor-column-gap-default\">\n\t\t\t\t\t<div class=\"elementor-column elementor-col-50 elementor-top-column elementor-element elementor-element-5261b1dd\" data-id=\"5261b1dd\" data-element_type=\"column\" data-e-type=\"column\">\n\t\t\t<div class=\"elementor-widget-wrap elementor-element-populated\">\n\t\t\t\t\t\t<div class=\"elementor-element elementor-element-10b59890 elementor-widget elementor-widget-text-editor\" data-id=\"10b59890\" data-element_type=\"widget\" data-e-type=\"widget\" data-widget_type=\"text-editor.default\">\n\t\t\t\t<div class=\"elementor-widget-container\">\n\t\t\t\t\t\t\t\t\t<h1>Ryhm\u00e4ruokailu<\/h1><p>Ryhm\u00e4ruokailut ja ryhm\u00e4menut Maikrahv ravintolassa.<\/p><p>Nauti runsaasta ateriasta seurueesi kanssa.<\/p><p><strong>Maikrahv ravintola odottaa kaikkia raatiherroja, kaupunkiherroja, ulkomaalaisia \u200b\u200bkauppiaita ja muita arvokkaita vieraita maistamaan hyvi\u00e4 ruokia.<\/strong><\/p>\t\t\t\t\t\t\t\t<\/div>\n\t\t\t\t<\/div>\n\t\t\t\t\t<\/div>\n\t\t<\/div>\n\t\t\t\t<div class=\"elementor-column elementor-col-50 elementor-top-column elementor-element elementor-element-3e46e050\" data-id=\"3e46e050\" data-element_type=\"column\" data-e-type=\"column\">\n\t\t\t<div class=\"elementor-widget-wrap elementor-element-populated\">\n\t\t\t\t\t\t<div class=\"elementor-element elementor-element-58e9c1fb elementor-widget elementor-widget-image\" data-id=\"58e9c1fb\" data-element_type=\"widget\" data-e-type=\"widget\" data-widget_type=\"image.default\">\n\t\t\t\t<div class=\"elementor-widget-container\">\n\t\t\t\t\t\t\t\t\t\t\t\t\t\t\t<img fetchpriority=\"high\" decoding=\"async\" width=\"800\" height=\"400\" src=\"https:\/\/maikrahv.ee\/wp-content\/uploads\/2022\/08\/grupimenuud-gruppide-toitlustamine.jpg\" class=\"attachment-full size-full wp-image-2223\" alt=\"\" srcset=\"https:\/\/maikrahv.ee\/wp-content\/uploads\/2022\/08\/grupimenuud-gruppide-toitlustamine.jpg 800w, https:\/\/maikrahv.ee\/wp-content\/uploads\/2022\/08\/grupimenuud-gruppide-toitlustamine-300x150.jpg 300w, https:\/\/maikrahv.ee\/wp-content\/uploads\/2022\/08\/grupimenuud-gruppide-toitlustamine-768x384.jpg 768w\" sizes=\"(max-width: 800px) 100vw, 800px\" \/>\t\t\t\t\t\t\t\t\t\t\t\t\t\t\t<\/div>\n\t\t\t\t<\/div>\n\t\t\t\t\t<\/div>\n\t\t<\/div>\n\t\t\t\t\t<\/div>\n\t\t<\/section>\n\t\t\t\t<section class=\"elementor-section elementor-top-section elementor-element elementor-element-543f8761 elementor-section-boxed elementor-section-height-default elementor-section-height-default\" data-id=\"543f8761\" data-element_type=\"section\" data-e-type=\"section\">\n\t\t\t\t\t\t<div class=\"elementor-container elementor-column-gap-default\">\n\t\t\t\t\t<div class=\"elementor-column elementor-col-100 elementor-top-column elementor-element elementor-element-35c04628\" data-id=\"35c04628\" data-element_type=\"column\" data-e-type=\"column\">\n\t\t\t<div class=\"elementor-widget-wrap elementor-element-populated\">\n\t\t\t\t\t\t<div class=\"elementor-element elementor-element-562d6b36 elementor-widget elementor-widget-text-editor\" data-id=\"562d6b36\" data-element_type=\"widget\" data-e-type=\"widget\" data-widget_type=\"text-editor.default\">\n\t\t\t\t<div class=\"elementor-widget-container\">\n\t\t\t\t\t\t\t\t\t<p>Jos etsit miellytt\u00e4v\u00e4\u00e4 tunnelmaa ja aitoja makuja, Tallinnan vanhassa kaupungissa Raatihuoneentorilla sijaitseva Maikrahv on juuri oikea paikka ryhm\u00e4ruokailuun.<\/p>\t\t\t\t\t\t\t\t<\/div>\n\t\t\t\t<\/div>\n\t\t\t\t<div class=\"elementor-element elementor-element-c970163 elementor-widget elementor-widget-text-editor\" data-id=\"c970163\" data-element_type=\"widget\" data-e-type=\"widget\" data-widget_type=\"text-editor.default\">\n\t\t\t\t<div class=\"elementor-widget-container\">\n\t\t\t\t\t\t\t\t\t<h2>Juhla-ateriat ja ryhm\u00e4menut Tallinnassa<\/h2><p>Ravintolamme runsaiden ryhm\u00e4menujen joukosta l\u00f6yd\u00e4t sek\u00e4 perinteisi\u00e4 lounaita ett\u00e4 juhlaillallisia. Voimme vastaanottaa yhteens\u00e4 jopa 210 vierasta.<\/p><p>Isommille ryhmille on erillinen ryhm\u00e4menu, josta jokainen l\u00f6yt\u00e4\u00e4 itselleen sopivan. Valikoimasta l\u00f6ytyy usean ruokalajin lounaita ja illallisia sek\u00e4 runsaita aterioita, jotka on tarkoitettu jaettavaksi p\u00f6yt\u00e4seurueen kesken.<\/p><h3>Ryhm\u00e4ruokailu:<\/h3><ul><li>Maikrahvin juhla-ateriat<\/li><li>Kolmen ruokalajin menut<\/li><li>Perinteiset menut<\/li><li>Ryhm\u00e4menut<\/li><li>Joulu-ateriat<\/li><li>Juomapaketit<\/li><\/ul><p>Lis\u00e4ksi tarjoamme erikoismenun eli gluteenitonta tai laktoositonta ruokaa.<\/p><p>Ota yhteytt\u00e4, jos haluat tehd\u00e4 varauksen tai tutkia mahdollisuuksia.<\/p><p>Alempana esittelemme, mit\u00e4 j\u00e4nnitt\u00e4v\u00e4\u00e4 tarjotaan.<\/p>\t\t\t\t\t\t\t\t<\/div>\n\t\t\t\t<\/div>\n\t\t\t\t\t<\/div>\n\t\t<\/div>\n\t\t\t\t\t<\/div>\n\t\t<\/section>\n\t\t\t\t<section class=\"elementor-section elementor-top-section elementor-element elementor-element-1f2dc488 elementor-section-boxed elementor-section-height-default elementor-section-height-default\" data-id=\"1f2dc488\" data-element_type=\"section\" data-e-type=\"section\">\n\t\t\t\t\t\t<div class=\"elementor-container elementor-column-gap-default\">\n\t\t\t\t\t<div class=\"elementor-column elementor-col-50 elementor-top-column elementor-element elementor-element-237556cb\" data-id=\"237556cb\" data-element_type=\"column\" data-e-type=\"column\">\n\t\t\t<div class=\"elementor-widget-wrap elementor-element-populated\">\n\t\t\t\t\t\t<div class=\"elementor-element elementor-element-698f0a83 elementor-widget elementor-widget-text-editor\" data-id=\"698f0a83\" data-element_type=\"widget\" data-e-type=\"widget\" data-widget_type=\"text-editor.default\">\n\t\t\t\t<div class=\"elementor-widget-container\">\n\t\t\t\t\t\t\t\t\t<h2>Ota yhteytt\u00e4<\/h2><p>Haluaisitko tarjouksen tai onko sinulla kysytt\u00e4v\u00e4\u00e4?<\/p><p>L\u00e4het\u00e4 meille viesti, niin otamme yhteytt\u00e4 1 arkip\u00e4iv\u00e4n kuluessa.<\/p>\t\t\t\t\t\t\t\t<\/div>\n\t\t\t\t<\/div>\n\t\t\t\t<div class=\"elementor-element elementor-element-a414bbb elementor-widget elementor-widget-text-editor\" data-id=\"a414bbb\" data-element_type=\"widget\" data-e-type=\"widget\" data-widget_type=\"text-editor.default\">\n\t\t\t\t<div class=\"elementor-widget-container\">\n\t\t\t\t\t\t\t\t\t<p style=\"text-align: center;\">Maikrahv ravintola<br \/>\u202d+372 5664 1360\u202c<\/p>\t\t\t\t\t\t\t\t<\/div>\n\t\t\t\t<\/div>\n\t\t\t\t\t<\/div>\n\t\t<\/div>\n\t\t\t\t<div class=\"elementor-column elementor-col-50 elementor-top-column elementor-element elementor-element-1de81ab4\" data-id=\"1de81ab4\" data-element_type=\"column\" data-e-type=\"column\">\n\t\t\t<div class=\"elementor-widget-wrap elementor-element-populated\">\n\t\t\t\t\t\t<div class=\"elementor-element elementor-element-4da105bf elementor-widget elementor-widget-shortcode\" data-id=\"4da105bf\" data-element_type=\"widget\" data-e-type=\"widget\" data-widget_type=\"shortcode.default\">\n\t\t\t\t<div class=\"elementor-widget-container\">\n\t\t\t\t\t\t\t<div class=\"elementor-shortcode\">\n<div class=\"wpcf7 no-js\" id=\"wpcf7-f2476-o1\" lang=\"et\" dir=\"ltr\" data-wpcf7-id=\"2476\">\n<div class=\"screen-reader-response\"><p role=\"status\" aria-live=\"polite\" aria-atomic=\"true\"><\/p> <ul><\/ul><\/div>\n<form action=\"\/fi\/wp-json\/wp\/v2\/pages\/2291#wpcf7-f2476-o1\" method=\"post\" class=\"wpcf7-form init\" aria-label=\"Contact form\" novalidate=\"novalidate\" data-status=\"init\">\n<fieldset class=\"hidden-fields-container\"><input type=\"hidden\" name=\"_wpcf7\" value=\"2476\" \/><input type=\"hidden\" name=\"_wpcf7_version\" value=\"6.1.5\" \/><input type=\"hidden\" name=\"_wpcf7_locale\" value=\"et\" \/><input type=\"hidden\" name=\"_wpcf7_unit_tag\" value=\"wpcf7-f2476-o1\" \/><input type=\"hidden\" name=\"_wpcf7_container_post\" value=\"0\" \/><input type=\"hidden\" name=\"_wpcf7_posted_data_hash\" value=\"\" \/>\n<\/fieldset>\n<p><label> Sinun nimesi:<br \/>\n<span class=\"wpcf7-form-control-wrap\" data-name=\"your-name\"><input size=\"40\" maxlength=\"400\" class=\"wpcf7-form-control wpcf7-text wpcf7-validates-as-required\" aria-required=\"true\" aria-invalid=\"false\" value=\"\" type=\"text\" name=\"your-name\" \/><\/span> <\/label>\n<\/p>\n<p><label> Puhelimesi:<br \/>\n<span class=\"wpcf7-form-control-wrap\" data-name=\"your-phone\"><input size=\"40\" maxlength=\"400\" class=\"wpcf7-form-control wpcf7-tel wpcf7-validates-as-required wpcf7-text wpcf7-validates-as-tel\" aria-required=\"true\" aria-invalid=\"false\" value=\"\" type=\"tel\" name=\"your-phone\" \/><\/span> <\/label>\n<\/p>\n<p><label> S\u00e4hk\u00f6postiosoiteesi:<br \/>\n<span class=\"wpcf7-form-control-wrap\" data-name=\"your-email\"><input size=\"40\" maxlength=\"400\" class=\"wpcf7-form-control wpcf7-email wpcf7-validates-as-required wpcf7-text wpcf7-validates-as-email\" aria-required=\"true\" aria-invalid=\"false\" value=\"\" type=\"email\" name=\"your-email\" \/><\/span> <\/label>\n<\/p>\n<p><label> Kirjoita, miten voimme auttaa<br \/>\n<span class=\"wpcf7-form-control-wrap\" data-name=\"your-message\"><textarea cols=\"40\" rows=\"10\" maxlength=\"2000\" class=\"wpcf7-form-control wpcf7-textarea\" aria-invalid=\"false\" name=\"your-message\"><\/textarea><\/span> <\/label>\n<\/p>\n<p><span class=\"wpcf7-form-control-wrap\" data-name=\"acceptance\"><span class=\"wpcf7-form-control wpcf7-acceptance\"><span class=\"wpcf7-list-item\"><label><input type=\"checkbox\" name=\"acceptance\" value=\"1\" aria-invalid=\"false\" \/><span class=\"wpcf7-list-item-label\">Hyv\u00e4ksyn <a href=\"https:\/\/maikrahv.ee\/fi\/tietosuojaehdot\/\" target=\"_blank\">tietosuojaehdot<\/a><\/span><\/label><\/span><\/span><\/span>\n<\/p>\n<p><input class=\"wpcf7-form-control wpcf7-submit has-spinner\" type=\"submit\" value=\"L\u00e4het\u00e4\" \/>\n<\/p><div class=\"wpcf7-response-output\" aria-hidden=\"true\"><\/div>\n<\/form>\n<\/div>\n<\/div>\n\t\t\t\t\t\t<\/div>\n\t\t\t\t<\/div>\n\t\t\t\t\t<\/div>\n\t\t<\/div>\n\t\t\t\t\t<\/div>\n\t\t<\/section>\n\t\t\t\t<section class=\"elementor-section elementor-top-section elementor-element elementor-element-0d9cc07 elementor-section-boxed elementor-section-height-default elementor-section-height-default\" data-id=\"0d9cc07\" data-element_type=\"section\" data-e-type=\"section\">\n\t\t\t\t\t\t<div class=\"elementor-container elementor-column-gap-default\">\n\t\t\t\t\t<div class=\"elementor-column elementor-col-100 elementor-top-column elementor-element elementor-element-18ff53a\" data-id=\"18ff53a\" data-element_type=\"column\" data-e-type=\"column\">\n\t\t\t<div class=\"elementor-widget-wrap elementor-element-populated\">\n\t\t\t\t\t\t<div class=\"elementor-element elementor-element-aa2bfd2 elementor-widget elementor-widget-text-editor\" data-id=\"aa2bfd2\" data-element_type=\"widget\" data-e-type=\"widget\" data-widget_type=\"text-editor.default\">\n\t\t\t\t<div class=\"elementor-widget-container\">\n\t\t\t\t\t\t\t\t\t<h2>Mit\u00e4 ateriat sis\u00e4lt\u00e4v\u00e4t?<\/h2><p>Juhla-aterian aikana Maikrahvin tiimi hemmottelee vieraita herkullisella ruoalla.<\/p><p><strong>Aterioinnin luo kuuluu tutustuminen Maikrahvin legendaan ja tarjottavien ruokien esittely.<\/strong><\/p><p>Maikrahv ravintolan suosituin paketti on juhla-ateria, joka on yksi Tallinnan monipuolisimmista ryhm\u00e4menuista. Juhla-aterian ruoat tuodaan suoraan p\u00f6yt\u00e4\u00e4n, josta jokainen voi poimia lautaselleen mieleiset palat. Jos jokin ruoista loppuu, niin sit\u00e4 tuodaan lis\u00e4\u00e4 maksutta.<\/p><p><strong>Tietysti kuuluu juhla-ateriaan talon snapsi.<\/strong> Ryhmille on tarjolla juomapaketteja ja oluen maistajaisia.<\/p><p>Maikrahvin kolmen ruokalajin menut sis\u00e4lt\u00e4v\u00e4t alkupalan, p\u00e4\u00e4ruoan ja j\u00e4lkiruoan. Hintaan sis\u00e4ltyy vesi, kahvi ja tee.<\/p><p><strong>Perinteiset ryhm\u00e4menut on tarkoitettu niille, jotka haluavat tutustua virolaiseen ruokakulttuuriin.<\/strong><\/p><p>Perinteiset menut sopivat erityisen hyvin ulkomaisille vieraillemme l\u00e4helt\u00e4 ja kaukaa. Osana menua esittelemme vanhoja virolaisia \u200b\u200bmakuja nykyaikaisella tavalla. Hernesosekeitto, syltty piparjuurivaahdolla ja savustettu porsaan potka punaviinikastikkeessa ovat vain muutamia esimerkkej\u00e4 ruoista, joita voi kokeilla perinteisen ryhm\u00e4menun tilaaja.<\/p><h2>Erikoismenut<\/h2><p>Ryhm\u00e4menu on mahdollista koota asiakkaiden toiveiden mukaan.<\/p><p>Talvikaudella tarjoamme my\u00f6s perinteisten joulumakujen inspiroimia joulu-aterioita.<\/p>\t\t\t\t\t\t\t\t<\/div>\n\t\t\t\t<\/div>\n\t\t\t\t\t<\/div>\n\t\t<\/div>\n\t\t\t\t\t<\/div>\n\t\t<\/section>\n\t\t\t\t<section class=\"elementor-section elementor-top-section elementor-element elementor-element-8819da8 elementor-section-boxed elementor-section-height-default elementor-section-height-default\" data-id=\"8819da8\" data-element_type=\"section\" data-e-type=\"section\">\n\t\t\t\t\t\t<div class=\"elementor-container elementor-column-gap-default\">\n\t\t\t\t\t<div class=\"elementor-column elementor-col-50 elementor-top-column elementor-element elementor-element-309794a\" data-id=\"309794a\" data-element_type=\"column\" data-e-type=\"column\">\n\t\t\t<div class=\"elementor-widget-wrap elementor-element-populated\">\n\t\t\t\t\t\t<div class=\"elementor-element elementor-element-8b7dd7e elementor-widget elementor-widget-text-editor\" data-id=\"8b7dd7e\" data-element_type=\"widget\" data-e-type=\"widget\" data-widget_type=\"text-editor.default\">\n\t\t\t\t<div class=\"elementor-widget-container\">\n\t\t\t\t\t\t\t\t\t<h2>Miten muodostuu ryhm\u00e4menun hinta?<\/h2>\nRyhm\u00e4menun hinta per henkil\u00f6 riippuu tilauksen sis\u00e4ll\u00f6st\u00e4. Ryhm\u00e4-aterioita tilattaessa ryhm\u00e4saattaja ja opas sy\u00f6v\u00e4t talossamme ilmaiseksi.\t\t\t\t\t\t\t\t<\/div>\n\t\t\t\t<\/div>\n\t\t\t\t\t<\/div>\n\t\t<\/div>\n\t\t\t\t<div class=\"elementor-column elementor-col-50 elementor-top-column elementor-element elementor-element-a43e592\" data-id=\"a43e592\" data-element_type=\"column\" data-e-type=\"column\">\n\t\t\t<div class=\"elementor-widget-wrap elementor-element-populated\">\n\t\t\t\t\t\t<div class=\"elementor-element elementor-element-e3ccf15 elementor-widget elementor-widget-text-editor\" data-id=\"e3ccf15\" data-element_type=\"widget\" data-e-type=\"widget\" data-widget_type=\"text-editor.default\">\n\t\t\t\t<div class=\"elementor-widget-container\">\n\t\t\t\t\t\t\t\t\t<h2>Haluatko ryhm\u00e4menun tarjouksen?<\/h2><p><strong>J\u00e4t\u00e4 meille yhteystietosi!<\/strong><\/p><p>Myyntiedustaja Julia ottaa sinuun yhteytt\u00e4 1 arkip\u00e4iv\u00e4n sis\u00e4ll\u00e4.<\/p>\t\t\t\t\t\t\t\t<\/div>\n\t\t\t\t<\/div>\n\t\t\t\t\t<\/div>\n\t\t<\/div>\n\t\t\t\t\t<\/div>\n\t\t<\/section>\n\t\t\t\t<\/div>\n\t\t","protected":false},"excerpt":{"rendered":"<p>Ryhm\u00e4ruokailu Ryhm\u00e4ruokailut ja ryhm\u00e4menut Maikrahv ravintolassa. Nauti runsaasta ateriasta seurueesi kanssa. Maikrahv ravintola odottaa kaikkia raatiherroja, kaupunkiherroja, ulkomaalaisia \u200b\u200bkauppiaita ja [&hellip;]<\/p>\n","protected":false},"author":2,"featured_media":0,"parent":2294,"menu_order":0,"comment_status":"closed","ping_status":"closed","template":"elementor_header_footer","meta":{"site-sidebar-layout":"no-sidebar","site-content-layout":"boxed-container","ast-site-content-layout":"normal-width-container","site-content-style":"boxed","site-sidebar-style":"boxed","ast-global-header-display":"","ast-banner-title-visibility":"","ast-main-header-display":"","ast-hfb-above-header-display":"","ast-hfb-below-header-display":"","ast-hfb-mobile-header-display":"","site-post-title":"disabled","ast-breadcrumbs-content":"","ast-featured-img":"disabled","footer-sml-layout":"","ast-disable-related-posts":"","theme-transparent-header-meta":"default","adv-header-id-meta":"","stick-header-meta":"default","header-above-stick-meta":"","header-main-stick-meta":"","header-below-stick-meta":"","astra-migrate-meta-layouts":"default","ast-page-background-enabled":"default","ast-page-background-meta":{"desktop":{"background-color":"","background-image":"","background-repeat":"repeat","background-position":"center center","background-size":"auto","background-attachment":"scroll","background-type":"","background-media":"","overlay-type":"","overlay-color":"","overlay-opacity":"","overlay-gradient":""},"tablet":{"background-color":"","background-image":"","background-repeat":"repeat","background-position":"center center","background-size":"auto","background-attachment":"scroll","background-type":"","background-media":"","overlay-type":"","overlay-color":"","overlay-opacity":"","overlay-gradient":""},"mobile":{"background-color":"","background-image":"","background-repeat":"repeat","background-position":"center center","background-size":"auto","background-attachment":"scroll","background-type":"","background-media":"","overlay-type":"","overlay-color":"","overlay-opacity":"","overlay-gradient":""}},"ast-content-background-meta":{"desktop":{"background-color":"var(--ast-global-color-5)","background-image":"","background-repeat":"repeat","background-position":"center center","background-size":"auto","background-attachment":"scroll","background-type":"","background-media":"","overlay-type":"","overlay-color":"","overlay-opacity":"","overlay-gradient":""},"tablet":{"background-color":"var(--ast-global-color-5)","background-image":"","background-repeat":"repeat","background-position":"center center","background-size":"auto","background-attachment":"scroll","background-type":"","background-media":"","overlay-type":"","overlay-color":"","overlay-opacity":"","overlay-gradient":""},"mobile":{"background-color":"var(--ast-global-color-5)","background-image":"","background-repeat":"repeat","background-position":"center center","background-size":"auto","background-attachment":"scroll","background-type":"","background-media":"","overlay-type":"","overlay-color":"","overlay-opacity":"","overlay-gradient":""}},"footnotes":""},"class_list":["post-2291","page","type-page","status-publish","hentry"],"_links":{"self":[{"href":"https:\/\/maikrahv.ee\/fi\/wp-json\/wp\/v2\/pages\/2291","targetHints":{"allow":["GET"]}}],"collection":[{"href":"https:\/\/maikrahv.ee\/fi\/wp-json\/wp\/v2\/pages"}],"about":[{"href":"https:\/\/maikrahv.ee\/fi\/wp-json\/wp\/v2\/types\/page"}],"author":[{"embeddable":true,"href":"https:\/\/maikrahv.ee\/fi\/wp-json\/wp\/v2\/users\/2"}],"replies":[{"embeddable":true,"href":"https:\/\/maikrahv.ee\/fi\/wp-json\/wp\/v2\/comments?post=2291"}],"version-history":[{"count":29,"href":"https:\/\/maikrahv.ee\/fi\/wp-json\/wp\/v2\/pages\/2291\/revisions"}],"predecessor-version":[{"id":6351,"href":"https:\/\/maikrahv.ee\/fi\/wp-json\/wp\/v2\/pages\/2291\/revisions\/6351"}],"up":[{"embeddable":true,"href":"https:\/\/maikrahv.ee\/fi\/wp-json\/wp\/v2\/pages\/2294"}],"wp:attachment":[{"href":"https:\/\/maikrahv.ee\/fi\/wp-json\/wp\/v2\/media?parent=2291"}],"curies":[{"name":"wp","href":"https:\/\/api.w.org\/{rel}","templated":true}]}}