{"id":2289,"date":"2022-08-02T14:15:49","date_gmt":"2022-08-02T14:15:49","guid":{"rendered":"https:\/\/maikrahv.ee\/sundmused\/synnipaeva-pidamine\/"},"modified":"2025-09-10T14:43:24","modified_gmt":"2025-09-10T14:43:24","slug":"synttareiden-juhliminen","status":"publish","type":"page","link":"https:\/\/maikrahv.ee\/fi\/tapahtumat\/synttareiden-juhliminen\/","title":{"rendered":"Syntym\u00e4p\u00e4iv\u00e4n viett\u00e4minen"},"content":{"rendered":"\t\t<div data-elementor-type=\"wp-page\" data-elementor-id=\"2289\" class=\"elementor elementor-2289 elementor-975\">\n\t\t\t\t\t\t<section class=\"elementor-section elementor-top-section elementor-element elementor-element-453bca8f elementor-section-boxed elementor-section-height-default elementor-section-height-default\" data-id=\"453bca8f\" data-element_type=\"section\" data-e-type=\"section\" data-settings=\"{&quot;background_background&quot;:&quot;classic&quot;}\">\n\t\t\t\t\t\t<div class=\"elementor-container elementor-column-gap-default\">\n\t\t\t\t\t<div class=\"elementor-column elementor-col-50 elementor-top-column elementor-element elementor-element-6dc83f61\" data-id=\"6dc83f61\" data-element_type=\"column\" data-e-type=\"column\">\n\t\t\t<div class=\"elementor-widget-wrap elementor-element-populated\">\n\t\t\t\t\t\t<div class=\"elementor-element elementor-element-758c4309 elementor-widget elementor-widget-text-editor\" data-id=\"758c4309\" data-element_type=\"widget\" data-e-type=\"widget\" data-widget_type=\"text-editor.default\">\n\t\t\t\t<div class=\"elementor-widget-container\">\n\t\t\t\t\t\t\t\t\t<h1>Viihtyis\u00e4 ravintola syntym\u00e4p\u00e4iv\u00e4n viett\u00e4miseen Tallinnassa<\/h1><p>Kutsumme sinut juhlimaan syntym\u00e4p\u00e4iv\u00e4\u00e4si tai vuosip\u00e4iv\u00e4\u00e4si Maikrahv ravintolaan. Syntym\u00e4p\u00e4iv\u00e4 ravintolassa tarjoaa hyv\u00e4n el\u00e4myksen ja halutessasi my\u00f6s viihdett\u00e4.<\/p><p>Jos aiot juhlia syntym\u00e4p\u00e4iv\u00e4\u00e4si Tallinnasta, olet tervetullut perheen tai yst\u00e4vien kanssa.<\/p>\t\t\t\t\t\t\t\t<\/div>\n\t\t\t\t<\/div>\n\t\t\t\t\t<\/div>\n\t\t<\/div>\n\t\t\t\t<div class=\"elementor-column elementor-col-50 elementor-top-column elementor-element elementor-element-15e39e37\" data-id=\"15e39e37\" data-element_type=\"column\" data-e-type=\"column\">\n\t\t\t<div class=\"elementor-widget-wrap elementor-element-populated\">\n\t\t\t\t\t\t<div class=\"elementor-element elementor-element-3dc792d6 elementor-widget elementor-widget-image\" data-id=\"3dc792d6\" data-element_type=\"widget\" data-e-type=\"widget\" data-widget_type=\"image.default\">\n\t\t\t\t<div class=\"elementor-widget-container\">\n\t\t\t\t\t\t\t\t\t\t\t\t\t\t\t<img fetchpriority=\"high\" decoding=\"async\" width=\"800\" height=\"400\" src=\"https:\/\/maikrahv.ee\/wp-content\/uploads\/2022\/08\/synnipaeva-korraldamine-tallinnas-restoranis-maikrahv.jpg\" class=\"attachment-full size-full wp-image-2217\" alt=\"\" srcset=\"https:\/\/maikrahv.ee\/wp-content\/uploads\/2022\/08\/synnipaeva-korraldamine-tallinnas-restoranis-maikrahv.jpg 800w, https:\/\/maikrahv.ee\/wp-content\/uploads\/2022\/08\/synnipaeva-korraldamine-tallinnas-restoranis-maikrahv-300x150.jpg 300w, https:\/\/maikrahv.ee\/wp-content\/uploads\/2022\/08\/synnipaeva-korraldamine-tallinnas-restoranis-maikrahv-768x384.jpg 768w\" sizes=\"(max-width: 800px) 100vw, 800px\" \/>\t\t\t\t\t\t\t\t\t\t\t\t\t\t\t<\/div>\n\t\t\t\t<\/div>\n\t\t\t\t\t<\/div>\n\t\t<\/div>\n\t\t\t\t\t<\/div>\n\t\t<\/section>\n\t\t\t\t<section class=\"elementor-section elementor-top-section elementor-element elementor-element-271fff5 elementor-section-boxed elementor-section-height-default elementor-section-height-default\" data-id=\"271fff5\" data-element_type=\"section\" data-e-type=\"section\">\n\t\t\t\t\t\t<div class=\"elementor-container elementor-column-gap-default\">\n\t\t\t\t\t<div class=\"elementor-column elementor-col-50 elementor-top-column elementor-element elementor-element-68a0704\" data-id=\"68a0704\" data-element_type=\"column\" data-e-type=\"column\">\n\t\t\t<div class=\"elementor-widget-wrap elementor-element-populated\">\n\t\t\t\t\t\t<div class=\"elementor-element elementor-element-bda05d7 elementor-widget elementor-widget-text-editor\" data-id=\"bda05d7\" data-element_type=\"widget\" data-e-type=\"widget\" data-widget_type=\"text-editor.default\">\n\t\t\t\t<div class=\"elementor-widget-container\">\n\t\t\t\t\t\t\t\t\t<h2>Viet\u00e4 syntym\u00e4p\u00e4iv\u00e4si Maikrahv ravintolassa<\/h2><p>Juhlap\u00e4iv\u00e4n tai syntym\u00e4p\u00e4iv\u00e4n viett\u00e4minen Maikrahv ravintolassa on mahdollista niin isommalla kuin pienemm\u00e4ll\u00e4kin porukalla. Voit varata koko ravintolan tai jonkun pienemm\u00e4n salin.<\/p><p>Ravintolassa on yhteens\u00e4 4 salia ja kaikki tarvittavat laitteet. Voimme vastaanottaa yhteens\u00e4 jopa 210 vierasta.<\/p><p>Bonuksena on paikan p\u00e4\u00e4ll\u00e4 valokuvaboxi, jotta voisit ikuistaa syntym\u00e4p\u00e4iv\u00e4juhlaasi hauskalla tavalla.<\/p>\t\t\t\t\t\t\t\t<\/div>\n\t\t\t\t<\/div>\n\t\t\t\t\t<\/div>\n\t\t<\/div>\n\t\t\t\t<div class=\"elementor-column elementor-col-50 elementor-top-column elementor-element elementor-element-228c27a\" data-id=\"228c27a\" data-element_type=\"column\" data-e-type=\"column\">\n\t\t\t<div class=\"elementor-widget-wrap elementor-element-populated\">\n\t\t\t\t\t\t<div class=\"elementor-element elementor-element-38fc980 elementor-widget elementor-widget-text-editor\" data-id=\"38fc980\" data-element_type=\"widget\" data-e-type=\"widget\" data-widget_type=\"text-editor.default\">\n\t\t\t\t<div class=\"elementor-widget-container\">\n\t\t\t\t\t\t\t\t\t<h2>Vanhakaupunki &#8211; paras paikka juhlia syntym\u00e4p\u00e4iv\u00e4\u00e4 Tallinnassa<\/h2><p>Kun pohdit syntym\u00e4p\u00e4iv\u00e4n juhlimisen paikkoja Tallinnassa, niin vanhakaupunki maagisella tunnelmallaan on yksi parhaista vaihtoehdoista.<\/p><p>Tallinnan vanhakaupunki on kaunis jokaisena vuodenaikana. Kes\u00e4isin on auki terassit ja kadut ovat vilkkaita. Talvella voit kokea todellista joulun taikaa juuri vanhassa kaupungissa.<\/p><p>Maikrahv ravintola sijaitsee aivan Raatihuoneentorin vieress\u00e4. Sijainti Tallinnan vanhankaupungin syd\u00e4mess\u00e4 lis\u00e4\u00e4 tapahtumaasi juhlallisuutta.<\/p>\t\t\t\t\t\t\t\t<\/div>\n\t\t\t\t<\/div>\n\t\t\t\t\t<\/div>\n\t\t<\/div>\n\t\t\t\t\t<\/div>\n\t\t<\/section>\n\t\t\t\t<section class=\"elementor-section elementor-top-section elementor-element elementor-element-2a22a92b elementor-section-boxed elementor-section-height-default elementor-section-height-default\" data-id=\"2a22a92b\" data-element_type=\"section\" data-e-type=\"section\">\n\t\t\t\t\t\t<div class=\"elementor-container elementor-column-gap-default\">\n\t\t\t\t\t<div class=\"elementor-column elementor-col-50 elementor-top-column elementor-element elementor-element-4b241815\" data-id=\"4b241815\" data-element_type=\"column\" data-e-type=\"column\">\n\t\t\t<div class=\"elementor-widget-wrap elementor-element-populated\">\n\t\t\t\t\t\t<div class=\"elementor-element elementor-element-937790f elementor-widget elementor-widget-text-editor\" data-id=\"937790f\" data-element_type=\"widget\" data-e-type=\"widget\" data-widget_type=\"text-editor.default\">\n\t\t\t\t<div class=\"elementor-widget-container\">\n\t\t\t\t\t\t\t\t\t<h2>Ota yhteytt\u00e4<\/h2><p>Jos harkitset syntym\u00e4p\u00e4iv\u00e4si j\u00e4rjest\u00e4mist\u00e4 meid\u00e4n luonamme, ota meihin yhteytt\u00e4.<\/p><p>Vastaamme 1 arkip\u00e4iv\u00e4n kuluessa ja tarkennamme t\u00e4rkeit\u00e4 yksityiskohtia.<\/p><p>N\u00e4in ymm\u00e4rr\u00e4mme paremmin suunnittelemasi tapahtuman ja voimme tarjota sopivimmat ratkaisut todella ikimuistoiseen tapahtumaan, jota muistetaan l\u00e4mm\u00f6ll\u00e4 my\u00f6hemminkin.<\/p>\t\t\t\t\t\t\t\t<\/div>\n\t\t\t\t<\/div>\n\t\t\t\t<div class=\"elementor-element elementor-element-26d2323 elementor-widget elementor-widget-text-editor\" data-id=\"26d2323\" data-element_type=\"widget\" data-e-type=\"widget\" data-widget_type=\"text-editor.default\">\n\t\t\t\t<div class=\"elementor-widget-container\">\n\t\t\t\t\t\t\t\t\t<p style=\"text-align: center;\">Maikrahv ravintola<br \/>\u202d+372 5664 1360\u202c<\/p>\t\t\t\t\t\t\t\t<\/div>\n\t\t\t\t<\/div>\n\t\t\t\t\t<\/div>\n\t\t<\/div>\n\t\t\t\t<div class=\"elementor-column elementor-col-50 elementor-top-column elementor-element elementor-element-28b2258d\" data-id=\"28b2258d\" data-element_type=\"column\" data-e-type=\"column\">\n\t\t\t<div class=\"elementor-widget-wrap elementor-element-populated\">\n\t\t\t\t\t\t<div class=\"elementor-element elementor-element-6ce4ce7b elementor-widget elementor-widget-shortcode\" data-id=\"6ce4ce7b\" data-element_type=\"widget\" data-e-type=\"widget\" data-widget_type=\"shortcode.default\">\n\t\t\t\t<div class=\"elementor-widget-container\">\n\t\t\t\t\t\t\t<div class=\"elementor-shortcode\">\n<div class=\"wpcf7 no-js\" id=\"wpcf7-f2476-o1\" lang=\"et\" dir=\"ltr\" data-wpcf7-id=\"2476\">\n<div class=\"screen-reader-response\"><p role=\"status\" aria-live=\"polite\" aria-atomic=\"true\"><\/p> <ul><\/ul><\/div>\n<form action=\"\/fi\/wp-json\/wp\/v2\/pages\/2289#wpcf7-f2476-o1\" method=\"post\" class=\"wpcf7-form init\" aria-label=\"Contact form\" novalidate=\"novalidate\" data-status=\"init\">\n<fieldset class=\"hidden-fields-container\"><input type=\"hidden\" name=\"_wpcf7\" value=\"2476\" \/><input type=\"hidden\" name=\"_wpcf7_version\" value=\"6.1.5\" \/><input type=\"hidden\" name=\"_wpcf7_locale\" value=\"et\" \/><input type=\"hidden\" name=\"_wpcf7_unit_tag\" value=\"wpcf7-f2476-o1\" \/><input type=\"hidden\" name=\"_wpcf7_container_post\" value=\"0\" \/><input type=\"hidden\" name=\"_wpcf7_posted_data_hash\" value=\"\" \/>\n<\/fieldset>\n<p><label> Sinun nimesi:<br \/>\n<span class=\"wpcf7-form-control-wrap\" data-name=\"your-name\"><input size=\"40\" maxlength=\"400\" class=\"wpcf7-form-control wpcf7-text wpcf7-validates-as-required\" aria-required=\"true\" aria-invalid=\"false\" value=\"\" type=\"text\" name=\"your-name\" \/><\/span> <\/label>\n<\/p>\n<p><label> Puhelimesi:<br \/>\n<span class=\"wpcf7-form-control-wrap\" data-name=\"your-phone\"><input size=\"40\" maxlength=\"400\" class=\"wpcf7-form-control wpcf7-tel wpcf7-validates-as-required wpcf7-text wpcf7-validates-as-tel\" aria-required=\"true\" aria-invalid=\"false\" value=\"\" type=\"tel\" name=\"your-phone\" \/><\/span> <\/label>\n<\/p>\n<p><label> S\u00e4hk\u00f6postiosoiteesi:<br \/>\n<span class=\"wpcf7-form-control-wrap\" data-name=\"your-email\"><input size=\"40\" maxlength=\"400\" class=\"wpcf7-form-control wpcf7-email wpcf7-validates-as-required wpcf7-text wpcf7-validates-as-email\" aria-required=\"true\" aria-invalid=\"false\" value=\"\" type=\"email\" name=\"your-email\" \/><\/span> <\/label>\n<\/p>\n<p><label> Kirjoita, miten voimme auttaa<br \/>\n<span class=\"wpcf7-form-control-wrap\" data-name=\"your-message\"><textarea cols=\"40\" rows=\"10\" maxlength=\"2000\" class=\"wpcf7-form-control wpcf7-textarea\" aria-invalid=\"false\" name=\"your-message\"><\/textarea><\/span> <\/label>\n<\/p>\n<p><span class=\"wpcf7-form-control-wrap\" data-name=\"acceptance\"><span class=\"wpcf7-form-control wpcf7-acceptance\"><span class=\"wpcf7-list-item\"><label><input type=\"checkbox\" name=\"acceptance\" value=\"1\" aria-invalid=\"false\" \/><span class=\"wpcf7-list-item-label\">Hyv\u00e4ksyn <a href=\"https:\/\/maikrahv.ee\/fi\/tietosuojaehdot\/\" target=\"_blank\">tietosuojaehdot<\/a><\/span><\/label><\/span><\/span><\/span>\n<\/p>\n<p><input class=\"wpcf7-form-control wpcf7-submit has-spinner\" type=\"submit\" value=\"L\u00e4het\u00e4\" \/>\n<\/p><div class=\"wpcf7-response-output\" aria-hidden=\"true\"><\/div>\n<\/form>\n<\/div>\n<\/div>\n\t\t\t\t\t\t<\/div>\n\t\t\t\t<\/div>\n\t\t\t\t\t<\/div>\n\t\t<\/div>\n\t\t\t\t\t<\/div>\n\t\t<\/section>\n\t\t\t\t<section class=\"elementor-section elementor-top-section elementor-element elementor-element-30e73d9 elementor-section-boxed elementor-section-height-default elementor-section-height-default\" data-id=\"30e73d9\" data-element_type=\"section\" data-e-type=\"section\">\n\t\t\t\t\t\t<div class=\"elementor-container elementor-column-gap-default\">\n\t\t\t\t\t<div class=\"elementor-column elementor-col-50 elementor-top-column elementor-element elementor-element-07056a5\" data-id=\"07056a5\" data-element_type=\"column\" data-e-type=\"column\">\n\t\t\t<div class=\"elementor-widget-wrap elementor-element-populated\">\n\t\t\t\t\t\t<div class=\"elementor-element elementor-element-db3871d elementor-widget elementor-widget-text-editor\" data-id=\"db3871d\" data-element_type=\"widget\" data-e-type=\"widget\" data-widget_type=\"text-editor.default\">\n\t\t\t\t<div class=\"elementor-widget-container\">\n\t\t\t\t\t\t\t\t\t<h2>Syntym\u00e4p\u00e4iv\u00e4menu ja juhla Maikrahv ravintolassa<\/h2><p>Syntym\u00e4p\u00e4iv\u00e4juhliin tarjoamme erilaisia \u200b\u200bmenuja. Jos aiot viett\u00e4\u00e4 mink\u00e4 tahansa vuotisjuhlat Tallinnassa, on paras valinta Maikrahvin juhlamenu, joka on eritt\u00e4in runsasta.<\/p><p>Juhla-aterian aikana tarjoamme ruoat suoraan p\u00f6yt\u00e4\u00e4n, josta jokainen vieras voi niit\u00e4 poimia lautaselleen. Ruokalista on niin runsas, ett\u00e4 sielt\u00e4 l\u00f6ytyy jokaiselle jotakin sopivaa. Juhla-ateriaan sis\u00e4ltyy talon snapsi. Lis\u00e4ksi on mahdollista tilata viinej\u00e4 ja muita juomia.<\/p><p>Syntym\u00e4p\u00e4iville ja merkkip\u00e4iville on my\u00f6s mahdollista valita perinteinen menu, buffetp\u00f6yt\u00e4 tai 3 ruokalajin illallinen. Meid\u00e4n sokerileipurimme valmistaa herkullisia leivonnaisia \u200b\u200bja syntym\u00e4p\u00e4iv\u00e4kakkuja.<\/p>\t\t\t\t\t\t\t\t<\/div>\n\t\t\t\t<\/div>\n\t\t\t\t\t<\/div>\n\t\t<\/div>\n\t\t\t\t<div class=\"elementor-column elementor-col-50 elementor-top-column elementor-element elementor-element-3933e1c\" data-id=\"3933e1c\" data-element_type=\"column\" data-e-type=\"column\">\n\t\t\t<div class=\"elementor-widget-wrap elementor-element-populated\">\n\t\t\t\t\t\t<div class=\"elementor-element elementor-element-b51b72a elementor-widget elementor-widget-text-editor\" data-id=\"b51b72a\" data-element_type=\"widget\" data-e-type=\"widget\" data-widget_type=\"text-editor.default\">\n\t\t\t\t<div class=\"elementor-widget-container\">\n\t\t\t\t\t\t\t\t\t<h2>Aikuisten syntym\u00e4p\u00e4iv\u00e4t Tallinnassa<\/h2><p>Maikrahv ravintolassa voit nauttia herkullisten ruokien lis\u00e4ksi erilaisia \u200b\u200bjuomia ja viihdett\u00e4. Aikuisen syntym\u00e4p\u00e4iv\u00e4ksi voit valita esimerkiksi el\u00e4mysillallisen tai oluen maistajaiset.<\/p><p>Ravintolassa on my\u00f6s runsas viinikellari, josta viinitarjoilija voi auttaa l\u00f6yt\u00e4m\u00e4\u00e4n parhaat viinit valittujen ruokien pariksi.<\/p>\t\t\t\t\t\t\t\t<\/div>\n\t\t\t\t<\/div>\n\t\t\t\t\t<\/div>\n\t\t<\/div>\n\t\t\t\t\t<\/div>\n\t\t<\/section>\n\t\t\t\t<section class=\"elementor-section elementor-top-section elementor-element elementor-element-9ce96be elementor-section-boxed elementor-section-height-default elementor-section-height-default\" data-id=\"9ce96be\" data-element_type=\"section\" data-e-type=\"section\">\n\t\t\t\t\t\t<div class=\"elementor-container elementor-column-gap-default\">\n\t\t\t\t\t<div class=\"elementor-column elementor-col-100 elementor-top-column elementor-element elementor-element-5eeb3eb\" data-id=\"5eeb3eb\" data-element_type=\"column\" data-e-type=\"column\">\n\t\t\t<div class=\"elementor-widget-wrap elementor-element-populated\">\n\t\t\t\t\t\t<div class=\"elementor-element elementor-element-237490f elementor-widget elementor-widget-text-editor\" data-id=\"237490f\" data-element_type=\"widget\" data-e-type=\"widget\" data-widget_type=\"text-editor.default\">\n\t\t\t\t<div class=\"elementor-widget-container\">\n\t\t\t\t\t\t\t\t\t<h2>3 syntym\u00e4p\u00e4iv\u00e4juhlan ideaa aikuisille<\/h2><p>El\u00e4mystapahtumien j\u00e4rjest\u00e4j\u00e4n\u00e4 autamme my\u00f6s syntym\u00e4p\u00e4ivien viihdeohjelman kokoamisessa.<\/p><p>Voit tilata kauttamme esiintym\u00e4\u00e4n esimerkiksi laulajia ja tanssijoita, samoin illan juontajan tai pelien vet\u00e4j\u00e4n.<\/p><p>Valinnan helpottamiseksi olemme lis\u00e4nneet t\u00e4h\u00e4n kolme syntym\u00e4p\u00e4iv\u00e4juhlan ideaa aikuisille.<\/p>\t\t\t\t\t\t\t\t<\/div>\n\t\t\t\t<\/div>\n\t\t\t\t\t<\/div>\n\t\t<\/div>\n\t\t\t\t\t<\/div>\n\t\t<\/section>\n\t\t\t\t<section class=\"elementor-section elementor-top-section elementor-element elementor-element-88a7b9b elementor-section-boxed elementor-section-height-default elementor-section-height-default\" data-id=\"88a7b9b\" data-element_type=\"section\" data-e-type=\"section\">\n\t\t\t\t\t\t<div class=\"elementor-container elementor-column-gap-default\">\n\t\t\t\t\t<div class=\"elementor-column elementor-col-50 elementor-top-column elementor-element elementor-element-9713437\" data-id=\"9713437\" data-element_type=\"column\" data-e-type=\"column\">\n\t\t\t<div class=\"elementor-widget-wrap elementor-element-populated\">\n\t\t\t\t\t\t<div class=\"elementor-element elementor-element-6251b5b elementor-widget elementor-widget-text-editor\" data-id=\"6251b5b\" data-element_type=\"widget\" data-e-type=\"widget\" data-widget_type=\"text-editor.default\">\n\t\t\t\t<div class=\"elementor-widget-container\">\n\t\t\t\t\t\t\t\t\t<h3>1. Syntym\u00e4p\u00e4iv\u00e4 t\u00e4ynn\u00e4 musiikkia ja viihdett\u00e4<\/h3><blockquote><p>Syntym\u00e4p\u00e4iv\u00e4 b\u00e4ndin tai artistin seurassa on aina varma valinta.<\/p><\/blockquote><p>Jos seurueessa on tanssin harrastajia, niin syntt\u00e4reille kannattaa kutsua jokin tanssittaja.<\/p><p><strong>Jos et suunnittele pitk\u00e4\u00e4 esitysohjelmaa, voit tilata lyhyen \u201cv\u00e4lipalan\u201d<\/strong>, esimerkiksi tanssiryhm\u00e4n, joka antaa syntym\u00e4p\u00e4iv\u00e4juhliin hieman loistetta.<\/p><h3>2. Illallinen pime\u00e4ss\u00e4 yst\u00e4vien kanssa<\/h3><p>Haluatko yll\u00e4tt\u00e4\u00e4 yst\u00e4v\u00e4si jollakin t\u00e4ysin erilaisella tavalla?<\/p><p><strong>Yksi tapa siihen on j\u00e4rjest\u00e4\u00e4 pienelle ryhm\u00e4lle illallinen pime\u00e4ss\u00e4.<\/strong><\/p><p>Illallinen pime\u00e4ss\u00e4 antaa tilaisuuden nauttia mauista yst\u00e4viesi kanssa aivan eri tavalla.<\/p><p>Illallisen j\u00e4lkeen voivat juhlat jatkua reippaalla tanssilla tai rennommalla tavalla.<\/p>\t\t\t\t\t\t\t\t<\/div>\n\t\t\t\t<\/div>\n\t\t\t\t\t<\/div>\n\t\t<\/div>\n\t\t\t\t<div class=\"elementor-column elementor-col-50 elementor-top-column elementor-element elementor-element-8da4727\" data-id=\"8da4727\" data-element_type=\"column\" data-e-type=\"column\">\n\t\t\t<div class=\"elementor-widget-wrap elementor-element-populated\">\n\t\t\t\t\t\t<div class=\"elementor-element elementor-element-5593aab elementor-widget elementor-widget-text-editor\" data-id=\"5593aab\" data-element_type=\"widget\" data-e-type=\"widget\" data-widget_type=\"text-editor.default\">\n\t\t\t\t<div class=\"elementor-widget-container\">\n\t\t\t\t\t\t\t\t\t<h3>3. Iloiset syntt\u00e4ripelit<\/h3><p>Tarjoamme yhteisty\u00f6ss\u00e4 kumppanimme BlueDrumin kanssa syntym\u00e4p\u00e4iville ja vuosip\u00e4iville erilaisia \u200b\u200bviihdytt\u00e4vi\u00e4 pelej\u00e4.<\/p><h4>Toukokuun kreivin turnaus<\/h4><p>T\u00e4m\u00e4 pitk\u00e4perinteinen turnaus kest\u00e4\u00e4 koko illan ja osallistujat voivat haastaa itsens\u00e4 erilaisissa aktiviteeteissa, kuten papukaijan ammunta, ratsastus, miekkataistelu, maalaaminen, kirjonta ja runon lausuminen.<\/p><p>Kilpailut suoritetaan ruoan tarjoamisen v\u00e4liaikoina.<\/p><p>Illan p\u00e4\u00e4tteeksi turnauksen voittaja saa kunniakkaan ja halutun toukokuun kreivin tittelin.<\/p><h4>Kiinnostava tietokilpailu<\/h4><p>Tapahtumaasi varten kootaan mukaansatempaava ja interaktiivinen \u00e4lypeli\/tietovisa.<\/p><p>Peliss\u00e4 k\u00e4ytet\u00e4\u00e4n tabletteja ja p\u00f6yt\u00e4seurueella tulee suorittaa erilaisia \u200b\u200bteht\u00e4vi\u00e4, kuten kuvata, videoida, olla tarkkaavainen, reagoida nopeasti, tanssia, vastata erilaisiin faktakysymyksiin jne.<\/p><p>Yhteens\u00e4 on peliss\u00e4 12-15 teht\u00e4v\u00e4\u00e4.<\/p>\t\t\t\t\t\t\t\t<\/div>\n\t\t\t\t<\/div>\n\t\t\t\t\t<\/div>\n\t\t<\/div>\n\t\t\t\t\t<\/div>\n\t\t<\/section>\n\t\t\t\t<section class=\"elementor-section elementor-top-section elementor-element elementor-element-24294fa elementor-section-boxed elementor-section-height-default elementor-section-height-default\" data-id=\"24294fa\" data-element_type=\"section\" data-e-type=\"section\">\n\t\t\t\t\t\t<div class=\"elementor-container elementor-column-gap-default\">\n\t\t\t\t\t<div class=\"elementor-column elementor-col-100 elementor-top-column elementor-element elementor-element-79304a3\" data-id=\"79304a3\" data-element_type=\"column\" data-e-type=\"column\">\n\t\t\t<div class=\"elementor-widget-wrap elementor-element-populated\">\n\t\t\t\t\t\t<div class=\"elementor-element elementor-element-b9aafcb elementor-widget elementor-widget-text-editor\" data-id=\"b9aafcb\" data-element_type=\"widget\" data-e-type=\"widget\" data-widget_type=\"text-editor.default\">\n\t\t\t\t<div class=\"elementor-widget-container\">\n\t\t\t\t\t\t\t\t\t<h2>Maikrahv ravintolan hyv\u00e4t puolet<\/h2><ul><li>hyv\u00e4 sijainti Tallinnan vanhassa kaupungissa<\/li><li>viihtyis\u00e4 tunnelma<\/li><li>\u00e4\u00e4ni- ja videolaitteet<\/li><li>valokuvauspiste<\/li><li>herkullinen ruoka<\/li><li>ep\u00e4ilem\u00e4tt\u00e4 mieleenpainuva kokemus<\/li><\/ul><p><strong>Viet\u00e4 syntym\u00e4p\u00e4iv\u00e4si tai mink\u00e4 tahansa vuosip\u00e4iv\u00e4si Maikrahv ravintolassa!<\/strong><\/p><p>Meill\u00e4 on yli 10 vuoden kokemus tapahtumien j\u00e4rjest\u00e4misest\u00e4. Autamme tekem\u00e4\u00e4n syntym\u00e4p\u00e4iv\u00e4si tai vuosip\u00e4iv\u00e4si erityiseksi ja ikimuistoiseksi.<\/p><p>J\u00e4t\u00e4 meille yhteystietosi, niin myyntiedustaja Julia ottaa sinuun yhteytt\u00e4 1 arkip\u00e4iv\u00e4n sis\u00e4ll\u00e4.<\/p>\t\t\t\t\t\t\t\t<\/div>\n\t\t\t\t<\/div>\n\t\t\t\t\t<\/div>\n\t\t<\/div>\n\t\t\t\t\t<\/div>\n\t\t<\/section>\n\t\t\t\t<\/div>\n\t\t","protected":false},"excerpt":{"rendered":"<p>Viihtyis\u00e4 ravintola syntym\u00e4p\u00e4iv\u00e4n viett\u00e4miseen Tallinnassa Kutsumme sinut juhlimaan syntym\u00e4p\u00e4iv\u00e4\u00e4si tai vuosip\u00e4iv\u00e4\u00e4si Maikrahv ravintolaan. Syntym\u00e4p\u00e4iv\u00e4 ravintolassa tarjoaa hyv\u00e4n el\u00e4myksen ja halutessasi [&hellip;]<\/p>\n","protected":false},"author":2,"featured_media":2217,"parent":2285,"menu_order":0,"comment_status":"closed","ping_status":"closed","template":"elementor_header_footer","meta":{"site-sidebar-layout":"no-sidebar","site-content-layout":"default","ast-site-content-layout":"default","site-content-style":"default","site-sidebar-style":"default","ast-global-header-display":"","ast-banner-title-visibility":"","ast-main-header-display":"","ast-hfb-above-header-display":"","ast-hfb-below-header-display":"","ast-hfb-mobile-header-display":"","site-post-title":"disabled","ast-breadcrumbs-content":"","ast-featured-img":"disabled","footer-sml-layout":"","ast-disable-related-posts":"","theme-transparent-header-meta":"default","adv-header-id-meta":"","stick-header-meta":"default","header-above-stick-meta":"","header-main-stick-meta":"","header-below-stick-meta":"","astra-migrate-meta-layouts":"default","ast-page-background-enabled":"default","ast-page-background-meta":{"desktop":{"background-color":"","background-image":"","background-repeat":"repeat","background-position":"center center","background-size":"auto","background-attachment":"scroll","background-type":"","background-media":"","overlay-type":"","overlay-color":"","overlay-opacity":"","overlay-gradient":""},"tablet":{"background-color":"","background-image":"","background-repeat":"repeat","background-position":"center center","background-size":"auto","background-attachment":"scroll","background-type":"","background-media":"","overlay-type":"","overlay-color":"","overlay-opacity":"","overlay-gradient":""},"mobile":{"background-color":"","background-image":"","background-repeat":"repeat","background-position":"center center","background-size":"auto","background-attachment":"scroll","background-type":"","background-media":"","overlay-type":"","overlay-color":"","overlay-opacity":"","overlay-gradient":""}},"ast-content-background-meta":{"desktop":{"background-color":"var(--ast-global-color-5)","background-image":"","background-repeat":"repeat","background-position":"center center","background-size":"auto","background-attachment":"scroll","background-type":"","background-media":"","overlay-type":"","overlay-color":"","overlay-opacity":"","overlay-gradient":""},"tablet":{"background-color":"var(--ast-global-color-5)","background-image":"","background-repeat":"repeat","background-position":"center center","background-size":"auto","background-attachment":"scroll","background-type":"","background-media":"","overlay-type":"","overlay-color":"","overlay-opacity":"","overlay-gradient":""},"mobile":{"background-color":"var(--ast-global-color-5)","background-image":"","background-repeat":"repeat","background-position":"center center","background-size":"auto","background-attachment":"scroll","background-type":"","background-media":"","overlay-type":"","overlay-color":"","overlay-opacity":"","overlay-gradient":""}},"footnotes":""},"class_list":["post-2289","page","type-page","status-publish","has-post-thumbnail","hentry"],"_links":{"self":[{"href":"https:\/\/maikrahv.ee\/fi\/wp-json\/wp\/v2\/pages\/2289","targetHints":{"allow":["GET"]}}],"collection":[{"href":"https:\/\/maikrahv.ee\/fi\/wp-json\/wp\/v2\/pages"}],"about":[{"href":"https:\/\/maikrahv.ee\/fi\/wp-json\/wp\/v2\/types\/page"}],"author":[{"embeddable":true,"href":"https:\/\/maikrahv.ee\/fi\/wp-json\/wp\/v2\/users\/2"}],"replies":[{"embeddable":true,"href":"https:\/\/maikrahv.ee\/fi\/wp-json\/wp\/v2\/comments?post=2289"}],"version-history":[{"count":30,"href":"https:\/\/maikrahv.ee\/fi\/wp-json\/wp\/v2\/pages\/2289\/revisions"}],"predecessor-version":[{"id":6825,"href":"https:\/\/maikrahv.ee\/fi\/wp-json\/wp\/v2\/pages\/2289\/revisions\/6825"}],"up":[{"embeddable":true,"href":"https:\/\/maikrahv.ee\/fi\/wp-json\/wp\/v2\/pages\/2285"}],"wp:featuredmedia":[{"embeddable":true,"href":"https:\/\/maikrahv.ee\/fi\/wp-json\/wp\/v2\/media\/2217"}],"wp:attachment":[{"href":"https:\/\/maikrahv.ee\/fi\/wp-json\/wp\/v2\/media?parent=2289"}],"curies":[{"name":"wp","href":"https:\/\/api.w.org\/{rel}","templated":true}]}}