{"id":2288,"date":"2022-08-02T14:16:19","date_gmt":"2022-08-02T14:16:19","guid":{"rendered":"https:\/\/maikrahv.ee\/sundmused\/firmaurituste-korraldamine\/"},"modified":"2025-09-10T14:43:49","modified_gmt":"2025-09-10T14:43:49","slug":"yritystapahtumien-jarjestaminen","status":"publish","type":"page","link":"https:\/\/maikrahv.ee\/fi\/tapahtumat\/yritystapahtumien-jarjestaminen\/","title":{"rendered":"Yritystapahtumien j\u00e4rjest\u00e4minen"},"content":{"rendered":"\t\t<div data-elementor-type=\"wp-page\" data-elementor-id=\"2288\" class=\"elementor elementor-2288 elementor-977\">\n\t\t\t\t\t\t<section class=\"elementor-section elementor-top-section elementor-element elementor-element-3faf1e8c elementor-section-boxed elementor-section-height-default elementor-section-height-default\" data-id=\"3faf1e8c\" data-element_type=\"section\" data-e-type=\"section\" data-settings=\"{&quot;background_background&quot;:&quot;classic&quot;}\">\n\t\t\t\t\t\t<div class=\"elementor-container elementor-column-gap-default\">\n\t\t\t\t\t<div class=\"elementor-column elementor-col-50 elementor-top-column elementor-element elementor-element-528f621c\" data-id=\"528f621c\" data-element_type=\"column\" data-e-type=\"column\">\n\t\t\t<div class=\"elementor-widget-wrap elementor-element-populated\">\n\t\t\t\t\t\t<div class=\"elementor-element elementor-element-6d127083 elementor-widget elementor-widget-text-editor\" data-id=\"6d127083\" data-element_type=\"widget\" data-e-type=\"widget\" data-widget_type=\"text-editor.default\">\n\t\t\t\t<div class=\"elementor-widget-container\">\n\t\t\t\t\t\t\t\t\t<h1 style=\"text-align: center;\">Yritystapahtumien j\u00e4rjest\u00e4minen<\/h1><p style=\"text-align: center;\">Koulutukset, yritystapahtumat, seminaarit, yritysjuhlat.<\/p><p style=\"text-align: center;\">J\u00e4rjest\u00e4 yritystapahtumasi Tallinnassa Maikrahv ravintolassa!<\/p><p style=\"text-align: center;\">Viihtyis\u00e4t tilat, joihin mahtuu jopa 210 vierasta.<\/p>\t\t\t\t\t\t\t\t<\/div>\n\t\t\t\t<\/div>\n\t\t\t\t\t<\/div>\n\t\t<\/div>\n\t\t\t\t<div class=\"elementor-column elementor-col-50 elementor-top-column elementor-element elementor-element-53d5949e\" data-id=\"53d5949e\" data-element_type=\"column\" data-e-type=\"column\">\n\t\t\t<div class=\"elementor-widget-wrap elementor-element-populated\">\n\t\t\t\t\t\t<div class=\"elementor-element elementor-element-1b476aca elementor-widget elementor-widget-image\" data-id=\"1b476aca\" data-element_type=\"widget\" data-e-type=\"widget\" data-widget_type=\"image.default\">\n\t\t\t\t<div class=\"elementor-widget-container\">\n\t\t\t\t\t\t\t\t\t\t\t\t\t\t\t<img fetchpriority=\"high\" decoding=\"async\" width=\"800\" height=\"400\" src=\"https:\/\/maikrahv.ee\/wp-content\/uploads\/2022\/08\/firmaurituste-korraldamine-tallinnas-restoranis-maikrahv.jpg\" class=\"attachment-full size-full wp-image-2216\" alt=\"\" srcset=\"https:\/\/maikrahv.ee\/wp-content\/uploads\/2022\/08\/firmaurituste-korraldamine-tallinnas-restoranis-maikrahv.jpg 800w, https:\/\/maikrahv.ee\/wp-content\/uploads\/2022\/08\/firmaurituste-korraldamine-tallinnas-restoranis-maikrahv-300x150.jpg 300w, https:\/\/maikrahv.ee\/wp-content\/uploads\/2022\/08\/firmaurituste-korraldamine-tallinnas-restoranis-maikrahv-768x384.jpg 768w\" sizes=\"(max-width: 800px) 100vw, 800px\" \/>\t\t\t\t\t\t\t\t\t\t\t\t\t\t\t<\/div>\n\t\t\t\t<\/div>\n\t\t\t\t\t<\/div>\n\t\t<\/div>\n\t\t\t\t\t<\/div>\n\t\t<\/section>\n\t\t\t\t<section class=\"elementor-section elementor-top-section elementor-element elementor-element-56806586 elementor-section-boxed elementor-section-height-default elementor-section-height-default\" data-id=\"56806586\" data-element_type=\"section\" data-e-type=\"section\">\n\t\t\t\t\t\t<div class=\"elementor-container elementor-column-gap-default\">\n\t\t\t\t\t<div class=\"elementor-column elementor-col-100 elementor-top-column elementor-element elementor-element-7d4b7170\" data-id=\"7d4b7170\" data-element_type=\"column\" data-e-type=\"column\">\n\t\t\t<div class=\"elementor-widget-wrap elementor-element-populated\">\n\t\t\t\t\t\t<div class=\"elementor-element elementor-element-251ef41a elementor-widget elementor-widget-text-editor\" data-id=\"251ef41a\" data-element_type=\"widget\" data-e-type=\"widget\" data-widget_type=\"text-editor.default\">\n\t\t\t\t<div class=\"elementor-widget-container\">\n\t\t\t\t\t\t\t\t\t<p>Yritystapahtuman j\u00e4rjest\u00e4minen on helppoa, kun valitset oikean paikan ja toteutat sen yhdess\u00e4 alan ammattilaisten kanssa.<\/p><p><strong>Jos etsit sopivan kokoista ja samalla erityisell\u00e4 sisustuksella<\/strong> paikkaa yritystapahtuman j\u00e4rjest\u00e4mist\u00e4 varten, on Maikrahv ravintola ihanteellinen ratkaisu.<\/p>\t\t\t\t\t\t\t\t<\/div>\n\t\t\t\t<\/div>\n\t\t\t\t<div class=\"elementor-element elementor-element-9f4f807 elementor-widget elementor-widget-text-editor\" data-id=\"9f4f807\" data-element_type=\"widget\" data-e-type=\"widget\" data-widget_type=\"text-editor.default\">\n\t\t\t\t<div class=\"elementor-widget-container\">\n\t\t\t\t\t\t\t\t\t<h2>Yritystapahtuma Tallinnassa Maikrahv ravintolassa<\/h2><p><span style=\"font-weight: 400;\">Monien mahdollisuuksien ansiosta Maikrahv on loistava paikka j\u00e4rjest\u00e4\u00e4 yritystapahtuma Tallinnassa.<\/span><\/p><p><span style=\"font-weight: 400;\">Se on hyv\u00e4 valinta, onpa kyseess\u00e4 koulutus, ty\u00f6paja, tiimitilaisuus, motivaatiop\u00e4iv\u00e4, yrityksen vuosip\u00e4iv\u00e4 tai pikkujoulu.<\/span><\/p><p><span style=\"font-weight: 400;\">Maikrahv ravintolassa odottaa 4 salia, joista 3 on yhdistett\u00e4viss\u00e4.<\/span><\/p><p><span style=\"font-weight: 400;\">Ravintolamme sijaitsee hienolla paikalla, Tallinnan vanhassa kaupungissa, aivan Raatihuoneentorin vieress\u00e4.<\/span><\/p><p><span style=\"font-weight: 400;\">Voimme kerralla ottaaa vastaan yhteens\u00e4 210 vierasta.<\/span><\/p>\t\t\t\t\t\t\t\t<\/div>\n\t\t\t\t<\/div>\n\t\t\t\t<div class=\"elementor-element elementor-element-e1c59bd elementor-widget elementor-widget-text-editor\" data-id=\"e1c59bd\" data-element_type=\"widget\" data-e-type=\"widget\" data-widget_type=\"text-editor.default\">\n\t\t\t\t<div class=\"elementor-widget-container\">\n\t\t\t\t\t\t\t\t\t<p><strong>Paikan p\u00e4\u00e4ll\u00e4 on kaikki tarvittavat laitteet ja avulias tiimi varmistamaan, ett\u00e4 yritystapahtuman j\u00e4rjest\u00e4minen sujuu ongelmitta.<\/strong><\/p><p>Kokoustaukojen aikana voimme tarjota valittuja suolaisia ja makeita v\u00e4lipaloja.<\/p><p>Ravintola tarjoaa tietenkin monipuolisia ruokailuvaihtoehtoja.<\/p><p>Voit valita lounaan tai jaettavan menun mutta my\u00f6skin 3 ruokalajin juhlaillallisen<\/p><blockquote><p>Maikrahv merkitsee paljon enemm\u00e4n kuin vain tiloja ja ravintolaa.<br \/>Liiketapaamisten lis\u00e4ksi voi t\u00e4\u00e4ll\u00e4 nauttia my\u00f6s Viron parhaista viihdeohjelmista.<\/p><\/blockquote><p>Kokoamme tapahtuman ohjelman toiveidesi mukaan.<\/p><p>Tietenkin on ravintolassa on viinikellari ja hieno viinilista, josta viinitarjoilija voi sovittaa juuri oikeat viinit valitsemiisi ruokiin.<\/p>\t\t\t\t\t\t\t\t<\/div>\n\t\t\t\t<\/div>\n\t\t\t\t\t<\/div>\n\t\t<\/div>\n\t\t\t\t\t<\/div>\n\t\t<\/section>\n\t\t\t\t<section class=\"elementor-section elementor-top-section elementor-element elementor-element-f828104 elementor-section-boxed elementor-section-height-default elementor-section-height-default\" data-id=\"f828104\" data-element_type=\"section\" data-e-type=\"section\">\n\t\t\t\t\t\t<div class=\"elementor-container elementor-column-gap-default\">\n\t\t\t\t\t<div class=\"elementor-column elementor-col-50 elementor-top-column elementor-element elementor-element-b8c11a9\" data-id=\"b8c11a9\" data-element_type=\"column\" data-e-type=\"column\">\n\t\t\t<div class=\"elementor-widget-wrap elementor-element-populated\">\n\t\t\t\t\t\t<div class=\"elementor-element elementor-element-8419be2 elementor-widget elementor-widget-text-editor\" data-id=\"8419be2\" data-element_type=\"widget\" data-e-type=\"widget\" data-widget_type=\"text-editor.default\">\n\t\t\t\t<div class=\"elementor-widget-container\">\n\t\t\t\t\t\t\t\t\t<h2>Aloita t\u00e4st\u00e4 varataksesi yritystapahtuman Maikrahv ravintolassa Tallinnassa<\/h2><p>Onnistuneen tapahtuman j\u00e4rjest\u00e4misess\u00e4 on t\u00e4rkeint\u00e4, ett\u00e4 yritystilaisuuteen tai yritysjuhliin on varattu paikka hyviss\u00e4 ajoin.<\/p><p><strong>Tapahtuman j\u00e4rjest\u00e4miseen Maikrahvissa: <\/strong><\/p><ul><li>1. Ilmoita meille yhteystietosi.<\/li><li>2. Otamme yhteytt\u00e4 ja<br \/>selvit\u00e4mme, mit\u00e4 palveluita<br \/>tarvitset.<\/li><li>3. J\u00e4rjest\u00e4mme kaiken<br \/>tarvittavan, jotta<br \/>tapahtumaan osallistujat<br \/>saisivat parhaat palvelut.<\/li><\/ul>\t\t\t\t\t\t\t\t<\/div>\n\t\t\t\t<\/div>\n\t\t\t\t\t<\/div>\n\t\t<\/div>\n\t\t\t\t<div class=\"elementor-column elementor-col-50 elementor-top-column elementor-element elementor-element-27cda2a\" data-id=\"27cda2a\" data-element_type=\"column\" data-e-type=\"column\">\n\t\t\t<div class=\"elementor-widget-wrap elementor-element-populated\">\n\t\t\t\t\t\t<div class=\"elementor-element elementor-element-9232da4 elementor-widget elementor-widget-text-editor\" data-id=\"9232da4\" data-element_type=\"widget\" data-e-type=\"widget\" data-widget_type=\"text-editor.default\">\n\t\t\t\t<div class=\"elementor-widget-container\">\n\t\t\t\t\t\t\t\t\t<h2>Maikrahv ravintolassa hyv\u00e4t puolet:<\/h2><ul><li style=\"font-weight: 400;\" aria-level=\"1\"><span style=\"font-weight: 400;\">hyv\u00e4 sijainti<\/span><\/li><li style=\"font-weight: 400;\" aria-level=\"1\"><span style=\"font-weight: 400;\">viihtyis\u00e4 tunnelma<\/span><\/li><li style=\"font-weight: 400;\" aria-level=\"1\"><span style=\"font-weight: 400;\">4 erikokoista salia<\/span><\/li><li style=\"font-weight: 400;\" aria-level=\"1\"><span style=\"font-weight: 400;\">nykyaikaiset laitteet jokaisessa tilassa<\/span><\/li><li style=\"font-weight: 400;\" aria-level=\"1\"><span style=\"font-weight: 400;\">herkullinen ruoka<\/span><\/li><li style=\"font-weight: 400;\" aria-level=\"1\"><span style=\"font-weight: 400;\">ep\u00e4ilem\u00e4tt\u00e4 mieleenpainuva kokemus<\/span><\/li><\/ul>\t\t\t\t\t\t\t\t<\/div>\n\t\t\t\t<\/div>\n\t\t\t\t\t<\/div>\n\t\t<\/div>\n\t\t\t\t\t<\/div>\n\t\t<\/section>\n\t\t\t\t<section class=\"elementor-section elementor-top-section elementor-element elementor-element-366b6c91 elementor-section-boxed elementor-section-height-default elementor-section-height-default\" data-id=\"366b6c91\" data-element_type=\"section\" data-e-type=\"section\">\n\t\t\t\t\t\t<div class=\"elementor-container elementor-column-gap-default\">\n\t\t\t\t\t<div class=\"elementor-column elementor-col-50 elementor-top-column elementor-element elementor-element-4c28c455\" data-id=\"4c28c455\" data-element_type=\"column\" data-e-type=\"column\">\n\t\t\t<div class=\"elementor-widget-wrap elementor-element-populated\">\n\t\t\t\t\t\t<div class=\"elementor-element elementor-element-526763c5 elementor-widget elementor-widget-text-editor\" data-id=\"526763c5\" data-element_type=\"widget\" data-e-type=\"widget\" data-widget_type=\"text-editor.default\">\n\t\t\t\t<div class=\"elementor-widget-container\">\n\t\t\t\t\t\t\t\t\t<h2>Ota yhteytt\u00e4<\/h2><p>Jos harkitset yritysjuhlien j\u00e4rjest\u00e4mist\u00e4 ravintolassamme, ota yhteytt\u00e4.<\/p><p>Vastaamme 1 ty\u00f6p\u00e4iv\u00e4n kuluessa ja tarkennamme t\u00e4rkeimpi\u00e4 asioita.<\/p><p>N\u00e4in ymm\u00e4rr\u00e4mme paremmin tulevan tapahtuman yksityiskohtia ja voimme tarjota sopivimman ratkaisun, joka tekee yritystilaisuudestasi todella unohtumattoman.<\/p>\t\t\t\t\t\t\t\t<\/div>\n\t\t\t\t<\/div>\n\t\t\t\t<div class=\"elementor-element elementor-element-257f067 elementor-widget elementor-widget-text-editor\" data-id=\"257f067\" data-element_type=\"widget\" data-e-type=\"widget\" data-widget_type=\"text-editor.default\">\n\t\t\t\t<div class=\"elementor-widget-container\">\n\t\t\t\t\t\t\t\t\t<p style=\"text-align: center;\">Maikrahv ravintola<br \/>\u202d+372 5664 1360\u202c<\/p>\t\t\t\t\t\t\t\t<\/div>\n\t\t\t\t<\/div>\n\t\t\t\t\t<\/div>\n\t\t<\/div>\n\t\t\t\t<div class=\"elementor-column elementor-col-50 elementor-top-column elementor-element elementor-element-9750af8\" data-id=\"9750af8\" data-element_type=\"column\" data-e-type=\"column\">\n\t\t\t<div class=\"elementor-widget-wrap elementor-element-populated\">\n\t\t\t\t\t\t<div class=\"elementor-element elementor-element-758727c5 elementor-widget elementor-widget-shortcode\" data-id=\"758727c5\" data-element_type=\"widget\" data-e-type=\"widget\" data-widget_type=\"shortcode.default\">\n\t\t\t\t<div class=\"elementor-widget-container\">\n\t\t\t\t\t\t\t<div class=\"elementor-shortcode\">\n<div class=\"wpcf7 no-js\" id=\"wpcf7-f2475-o1\" lang=\"et\" dir=\"ltr\" data-wpcf7-id=\"2475\">\n<div class=\"screen-reader-response\"><p role=\"status\" aria-live=\"polite\" aria-atomic=\"true\"><\/p> <ul><\/ul><\/div>\n<form action=\"\/fi\/wp-json\/wp\/v2\/pages\/2288#wpcf7-f2475-o1\" method=\"post\" class=\"wpcf7-form init\" aria-label=\"Contact form\" novalidate=\"novalidate\" data-status=\"init\">\n<fieldset class=\"hidden-fields-container\"><input type=\"hidden\" name=\"_wpcf7\" value=\"2475\" \/><input type=\"hidden\" name=\"_wpcf7_version\" value=\"6.1.5\" \/><input type=\"hidden\" name=\"_wpcf7_locale\" value=\"et\" \/><input type=\"hidden\" name=\"_wpcf7_unit_tag\" value=\"wpcf7-f2475-o1\" \/><input type=\"hidden\" name=\"_wpcf7_container_post\" value=\"0\" \/><input type=\"hidden\" name=\"_wpcf7_posted_data_hash\" value=\"\" \/>\n<\/fieldset>\n<p><label> Sinun nimesi:<br \/>\n<span class=\"wpcf7-form-control-wrap\" data-name=\"your-name\"><input size=\"40\" maxlength=\"400\" class=\"wpcf7-form-control wpcf7-text wpcf7-validates-as-required\" aria-required=\"true\" aria-invalid=\"false\" value=\"\" type=\"text\" name=\"your-name\" \/><\/span> <\/label>\n<\/p>\n<p><label> Puhelimesi:<br \/>\n<span class=\"wpcf7-form-control-wrap\" data-name=\"your-phone\"><input size=\"40\" maxlength=\"400\" class=\"wpcf7-form-control wpcf7-tel wpcf7-validates-as-required wpcf7-text wpcf7-validates-as-tel\" aria-required=\"true\" aria-invalid=\"false\" value=\"\" type=\"tel\" name=\"your-phone\" \/><\/span> <\/label>\n<\/p>\n<p><label> S\u00e4hk\u00f6postiosoiteesi:<br \/>\n<span class=\"wpcf7-form-control-wrap\" data-name=\"your-email\"><input size=\"40\" maxlength=\"400\" class=\"wpcf7-form-control wpcf7-email wpcf7-validates-as-required wpcf7-text wpcf7-validates-as-email\" aria-required=\"true\" aria-invalid=\"false\" value=\"\" type=\"email\" name=\"your-email\" \/><\/span> <\/label>\n<\/p>\n<p><label> Suunniteltavan tapahtuman (yritysjuhlat joulujuhla) arvioitu p\u00e4iv\u00e4m\u00e4\u00e4r\u00e4:<br \/>\n<span class=\"wpcf7-form-control-wrap\" data-name=\"your-date\"><input class=\"wpcf7-form-control wpcf7-date wpcf7-validates-as-required wpcf7-validates-as-date\" aria-required=\"true\" aria-invalid=\"false\" value=\"\" type=\"date\" name=\"your-date\" \/><\/span> <\/label>\n<\/p>\n<p><label> Lis\u00e4tietoja - Lis\u00e4\u00e4 halutessasi tarkempia tietoja:<br \/>\n<span class=\"wpcf7-form-control-wrap\" data-name=\"your-message\"><textarea cols=\"40\" rows=\"10\" maxlength=\"2000\" class=\"wpcf7-form-control wpcf7-textarea\" aria-invalid=\"false\" name=\"your-message\"><\/textarea><\/span> <\/label>\n<\/p>\n<p><span class=\"wpcf7-form-control-wrap\" data-name=\"acceptance\"><span class=\"wpcf7-form-control wpcf7-acceptance\"><span class=\"wpcf7-list-item\"><label><input type=\"checkbox\" name=\"acceptance\" value=\"1\" aria-invalid=\"false\" \/><span class=\"wpcf7-list-item-label\">Hyv\u00e4ksyn <a href=\"https:\/\/maikrahv.ee\/fi\/tietosuojaehdot\/\" target=\"_blank\">tietosuojaehdot<\/a><\/span><\/label><\/span><\/span><\/span>\n<\/p>\n<p><input class=\"wpcf7-form-control wpcf7-submit has-spinner\" type=\"submit\" value=\"L\u00e4het\u00e4\" \/>\n<\/p><div class=\"wpcf7-response-output\" aria-hidden=\"true\"><\/div>\n<\/form>\n<\/div>\n<\/div>\n\t\t\t\t\t\t<\/div>\n\t\t\t\t<\/div>\n\t\t\t\t\t<\/div>\n\t\t<\/div>\n\t\t\t\t\t<\/div>\n\t\t<\/section>\n\t\t\t\t<section class=\"elementor-section elementor-top-section elementor-element elementor-element-83196f4 elementor-section-boxed elementor-section-height-default elementor-section-height-default\" data-id=\"83196f4\" data-element_type=\"section\" data-e-type=\"section\">\n\t\t\t\t\t\t<div class=\"elementor-container elementor-column-gap-default\">\n\t\t\t\t\t<div class=\"elementor-column elementor-col-100 elementor-top-column elementor-element elementor-element-19f2fbe\" data-id=\"19f2fbe\" data-element_type=\"column\" data-e-type=\"column\">\n\t\t\t<div class=\"elementor-widget-wrap elementor-element-populated\">\n\t\t\t\t\t\t<div class=\"elementor-element elementor-element-c98efd3 elementor-widget elementor-widget-text-editor\" data-id=\"c98efd3\" data-element_type=\"widget\" data-e-type=\"widget\" data-widget_type=\"text-editor.default\">\n\t\t\t\t<div class=\"elementor-widget-container\">\n\t\t\t\t\t\t\t\t\t<p>Viihtyisien tilojen ja maukkaan ruoan lis\u00e4ksi tarjoamme korkeatasoista tapahtumien j\u00e4rjestelyn palvelua.<\/p><p>K\u00e4yt\u00f6ss\u00e4si on yli 10 vuoden kokemuksella j\u00e4rjestelytiimi, joka ratkaisee kaikki tarvittavat yksityiskohdat, jotta yritysjuhlat toteutuvat juuri niin kuin suunnittelit.<\/p><h2>J\u00e4rjest\u00e4 onnistunut yritystapahtuma Maikrahv ravintolassa!<\/h2><p>Huoneita voi vuokrata tuntiperusteisesti tai koko p\u00e4iv\u00e4ksi.<\/p><p>Lis\u00e4ksi ravintolan tiimi auttaa valitsemaan sopivan menuvaihtoehdon, avustaa viihdeohjelman suunnittelussa ja esiintyjien l\u00f6yt\u00e4misess\u00e4.<\/p><p><strong>Annamme 100 % rahat takaisin -takuun.<\/strong> Mik\u00e4li valtio asettaa rajoituksia tapahtuman ajaksi, palautamme sinulle 100 % maksetusta summasta.<\/p>\t\t\t\t\t\t\t\t<\/div>\n\t\t\t\t<\/div>\n\t\t\t\t<div class=\"elementor-element elementor-element-5f782ae elementor-widget elementor-widget-text-editor\" data-id=\"5f782ae\" data-element_type=\"widget\" data-e-type=\"widget\" data-widget_type=\"text-editor.default\">\n\t\t\t\t<div class=\"elementor-widget-container\">\n\t\t\t\t\t\t\t\t\t<h2>Paras paikka yritysjuhliin on Tallinnassa Raatihuoneentorin vieress\u00e4<\/h2><p>Yksi Maikrahv ravintolan eduista on muun muassa sen ainutlaatuinen sisustus ja sijainti Raatihuoneentorilla.<\/p><blockquote><p>Maikrahvin tilat ovat keskiajan henkisi\u00e4, mutta kuitenkin nykyaikaisia.<\/p><\/blockquote><p>Kun ajatellaan niin t\u00e4rke\u00e4\u00e4 asiaa kuin yritysjuhlien j\u00e4rjest\u00e4minen Tallinnassa ja paikan valinta, niin Raatihuoneentori on solmukohta, jota on helppo l\u00f6yt\u00e4\u00e4, tulevatko osallistujat l\u00e4helt\u00e4 vai kaukaa.<\/p><p><strong>Ravintolan jokaisessa salissa on kunnon \u00e4\u00e4nentoistoj\u00e4rjestelm\u00e4, projektori ja valkoinen sein\u00e4.<\/strong><\/p><p>Samoin on Maikrahvissa oma valokuvaboxi, jota voi tapahtumien aikana k\u00e4ytt\u00e4\u00e4 tallentaakseen tapahtuman hetki\u00e4.<\/p><p>Valokuvaboxiin on mahdollista liitt\u00e4\u00e4 valokuvaussein\u00e4 yrityksen tunnuksella.<\/p>\t\t\t\t\t\t\t\t<\/div>\n\t\t\t\t<\/div>\n\t\t\t\t\t<\/div>\n\t\t<\/div>\n\t\t\t\t\t<\/div>\n\t\t<\/section>\n\t\t\t\t<\/div>\n\t\t","protected":false},"excerpt":{"rendered":"<p>Yritystapahtumien j\u00e4rjest\u00e4minen Koulutukset, yritystapahtumat, seminaarit, yritysjuhlat. J\u00e4rjest\u00e4 yritystapahtumasi Tallinnassa Maikrahv ravintolassa! Viihtyis\u00e4t tilat, joihin mahtuu jopa 210 vierasta. Yritystapahtuman j\u00e4rjest\u00e4minen [&hellip;]<\/p>\n","protected":false},"author":2,"featured_media":0,"parent":2285,"menu_order":0,"comment_status":"closed","ping_status":"closed","template":"elementor_header_footer","meta":{"site-sidebar-layout":"no-sidebar","site-content-layout":"boxed-container","ast-site-content-layout":"normal-width-container","site-content-style":"boxed","site-sidebar-style":"boxed","ast-global-header-display":"","ast-banner-title-visibility":"","ast-main-header-display":"","ast-hfb-above-header-display":"","ast-hfb-below-header-display":"","ast-hfb-mobile-header-display":"","site-post-title":"disabled","ast-breadcrumbs-content":"","ast-featured-img":"disabled","footer-sml-layout":"","ast-disable-related-posts":"","theme-transparent-header-meta":"default","adv-header-id-meta":"","stick-header-meta":"default","header-above-stick-meta":"","header-main-stick-meta":"","header-below-stick-meta":"","astra-migrate-meta-layouts":"default","ast-page-background-enabled":"default","ast-page-background-meta":{"desktop":{"background-color":"","background-image":"","background-repeat":"repeat","background-position":"center center","background-size":"auto","background-attachment":"scroll","background-type":"","background-media":"","overlay-type":"","overlay-color":"","overlay-opacity":"","overlay-gradient":""},"tablet":{"background-color":"","background-image":"","background-repeat":"repeat","background-position":"center center","background-size":"auto","background-attachment":"scroll","background-type":"","background-media":"","overlay-type":"","overlay-color":"","overlay-opacity":"","overlay-gradient":""},"mobile":{"background-color":"","background-image":"","background-repeat":"repeat","background-position":"center center","background-size":"auto","background-attachment":"scroll","background-type":"","background-media":"","overlay-type":"","overlay-color":"","overlay-opacity":"","overlay-gradient":""}},"ast-content-background-meta":{"desktop":{"background-color":"var(--ast-global-color-5)","background-image":"","background-repeat":"repeat","background-position":"center center","background-size":"auto","background-attachment":"scroll","background-type":"","background-media":"","overlay-type":"","overlay-color":"","overlay-opacity":"","overlay-gradient":""},"tablet":{"background-color":"var(--ast-global-color-5)","background-image":"","background-repeat":"repeat","background-position":"center center","background-size":"auto","background-attachment":"scroll","background-type":"","background-media":"","overlay-type":"","overlay-color":"","overlay-opacity":"","overlay-gradient":""},"mobile":{"background-color":"var(--ast-global-color-5)","background-image":"","background-repeat":"repeat","background-position":"center center","background-size":"auto","background-attachment":"scroll","background-type":"","background-media":"","overlay-type":"","overlay-color":"","overlay-opacity":"","overlay-gradient":""}},"footnotes":""},"class_list":["post-2288","page","type-page","status-publish","hentry"],"_links":{"self":[{"href":"https:\/\/maikrahv.ee\/fi\/wp-json\/wp\/v2\/pages\/2288","targetHints":{"allow":["GET"]}}],"collection":[{"href":"https:\/\/maikrahv.ee\/fi\/wp-json\/wp\/v2\/pages"}],"about":[{"href":"https:\/\/maikrahv.ee\/fi\/wp-json\/wp\/v2\/types\/page"}],"author":[{"embeddable":true,"href":"https:\/\/maikrahv.ee\/fi\/wp-json\/wp\/v2\/users\/2"}],"replies":[{"embeddable":true,"href":"https:\/\/maikrahv.ee\/fi\/wp-json\/wp\/v2\/comments?post=2288"}],"version-history":[{"count":33,"href":"https:\/\/maikrahv.ee\/fi\/wp-json\/wp\/v2\/pages\/2288\/revisions"}],"predecessor-version":[{"id":6824,"href":"https:\/\/maikrahv.ee\/fi\/wp-json\/wp\/v2\/pages\/2288\/revisions\/6824"}],"up":[{"embeddable":true,"href":"https:\/\/maikrahv.ee\/fi\/wp-json\/wp\/v2\/pages\/2285"}],"wp:attachment":[{"href":"https:\/\/maikrahv.ee\/fi\/wp-json\/wp\/v2\/media?parent=2288"}],"curies":[{"name":"wp","href":"https:\/\/api.w.org\/{rel}","templated":true}]}}