{"id":2287,"date":"2022-08-02T14:16:34","date_gmt":"2022-08-02T14:16:34","guid":{"rendered":"https:\/\/maikrahv.ee\/sundmused\/joulupidude-korraldamine\/"},"modified":"2025-12-30T13:02:46","modified_gmt":"2025-12-30T13:02:46","slug":"joulujuhlien-jarjestaminen","status":"publish","type":"page","link":"https:\/\/maikrahv.ee\/fi\/tapahtumat\/joulujuhlien-jarjestaminen\/","title":{"rendered":"Joulujuhlien j\u00e4rjest\u00e4minen"},"content":{"rendered":"\t\t<div data-elementor-type=\"wp-page\" data-elementor-id=\"2287\" class=\"elementor elementor-2287 elementor-979\">\n\t\t\t\t\t\t<section class=\"elementor-section elementor-top-section elementor-element elementor-element-07ee86a elementor-section-boxed elementor-section-height-default elementor-section-height-default\" data-id=\"07ee86a\" data-element_type=\"section\" data-e-type=\"section\" data-settings=\"{&quot;background_background&quot;:&quot;classic&quot;}\">\n\t\t\t\t\t\t<div class=\"elementor-container elementor-column-gap-default\">\n\t\t\t\t\t<div class=\"elementor-column elementor-col-50 elementor-top-column elementor-element elementor-element-44471aa\" data-id=\"44471aa\" data-element_type=\"column\" data-e-type=\"column\">\n\t\t\t<div class=\"elementor-widget-wrap elementor-element-populated\">\n\t\t\t\t\t\t<div class=\"elementor-element elementor-element-bf36ee7 elementor-widget elementor-widget-text-editor\" data-id=\"bf36ee7\" data-element_type=\"widget\" data-e-type=\"widget\" data-widget_type=\"text-editor.default\">\n\t\t\t\t<div class=\"elementor-widget-container\">\n\t\t\t\t\t\t\t\t\t<h1 style=\"text-align: center;\">Yrityksen joulujuhlien j\u00e4rjest\u00e4minen Tallinnan vanhassa kaupungissa<\/h1>\n<p style=\"text-align: center;\">Etsitk\u00f6 todellista joulutunnelmaa? J\u00e4rjest\u00e4 yrityksen pikkujoulu Maikrahv ravintolassa Raatihuoneentorilla.<\/p>\n<p style=\"text-align: center;\"><strong>Varaa paikka siihen ajoissa!<\/strong><\/p>\t\t\t\t\t\t\t\t<\/div>\n\t\t\t\t<\/div>\n\t\t\t\t\t<\/div>\n\t\t<\/div>\n\t\t\t\t<div class=\"elementor-column elementor-col-50 elementor-top-column elementor-element elementor-element-99c666e\" data-id=\"99c666e\" data-element_type=\"column\" data-e-type=\"column\">\n\t\t\t<div class=\"elementor-widget-wrap elementor-element-populated\">\n\t\t\t\t\t\t<div class=\"elementor-element elementor-element-e4c10f5 elementor-widget elementor-widget-image\" data-id=\"e4c10f5\" data-element_type=\"widget\" data-e-type=\"widget\" data-widget_type=\"image.default\">\n\t\t\t\t<div class=\"elementor-widget-container\">\n\t\t\t\t\t\t\t\t\t\t\t\t\t\t\t<img fetchpriority=\"high\" decoding=\"async\" width=\"800\" height=\"400\" src=\"https:\/\/maikrahv.ee\/wp-content\/uploads\/2022\/08\/korraldada-joulupidu-maikrahvis.jpg\" class=\"attachment-full size-full wp-image-2220\" alt=\"\" srcset=\"https:\/\/maikrahv.ee\/wp-content\/uploads\/2022\/08\/korraldada-joulupidu-maikrahvis.jpg 800w, https:\/\/maikrahv.ee\/wp-content\/uploads\/2022\/08\/korraldada-joulupidu-maikrahvis-300x150.jpg 300w, https:\/\/maikrahv.ee\/wp-content\/uploads\/2022\/08\/korraldada-joulupidu-maikrahvis-768x384.jpg 768w\" sizes=\"(max-width: 800px) 100vw, 800px\" \/>\t\t\t\t\t\t\t\t\t\t\t\t\t\t\t<\/div>\n\t\t\t\t<\/div>\n\t\t\t\t\t<\/div>\n\t\t<\/div>\n\t\t\t\t\t<\/div>\n\t\t<\/section>\n\t\t\t\t<section class=\"elementor-section elementor-top-section elementor-element elementor-element-4cf61d2 elementor-section-boxed elementor-section-height-default elementor-section-height-default\" data-id=\"4cf61d2\" data-element_type=\"section\" data-e-type=\"section\">\n\t\t\t\t\t\t<div class=\"elementor-container elementor-column-gap-default\">\n\t\t\t\t\t<div class=\"elementor-column elementor-col-100 elementor-top-column elementor-element elementor-element-f3972ea\" data-id=\"f3972ea\" data-element_type=\"column\" data-e-type=\"column\">\n\t\t\t<div class=\"elementor-widget-wrap elementor-element-populated\">\n\t\t\t\t\t\t<div class=\"elementor-element elementor-element-b1ebadf elementor-widget elementor-widget-text-editor\" data-id=\"b1ebadf\" data-element_type=\"widget\" data-e-type=\"widget\" data-widget_type=\"text-editor.default\">\n\t\t\t\t<div class=\"elementor-widget-container\">\n\t\t\t\t\t\t\t\t\t<p>Yrityksen pikkujoulun j\u00e4rjest\u00e4minen Maikrahv ravintolassa on varmaan upea kokemus.<\/p><p>Maaginen sijainti Tallinnan vanhassa kaupungissa yhdess\u00e4 viihtyis\u00e4n sisustuksen, hyv\u00e4n palvelun ja ensiluokkaisen ruoan ja viihteen kanssa takaavat, ett\u00e4 yrityksesi pikkujoulu Tallinnassa kulkee sinulle sopivaan tyyliin ja joulutunnelmin.<\/p><p><strong>HUOM! 100 % rahat takaisin -takuu!<\/strong> Mik\u00e4li valtio asettaa rajoituksia tapahtuman ajaksi, lupaamme palauttaa 100 % maksetusta summasta.<\/p>\t\t\t\t\t\t\t\t<\/div>\n\t\t\t\t<\/div>\n\t\t\t\t<div class=\"elementor-element elementor-element-c5df762 elementor-widget elementor-widget-text-editor\" data-id=\"c5df762\" data-element_type=\"widget\" data-e-type=\"widget\" data-widget_type=\"text-editor.default\">\n\t\t\t\t<div class=\"elementor-widget-container\">\n\t\t\t\t\t\t\t\t\t<h2>Viihtyis\u00e4 ravintola, jossa voit j\u00e4rjest\u00e4\u00e4 yrityksesi pikkujoulun<\/h2><p>Maikrahv ravintola mahdollistaa pikkujoulun j\u00e4rjest\u00e4misen Tallinnan jouluisemmassa paikassa.<\/p><p>Odotamme sinua Tallinnan vanhan kaupungin syd\u00e4mess\u00e4, aivan Raatihuoneentorin vieress\u00e4.<\/p><p>Joulun aikana on torilla joulumarkkinat ja voit siell\u00e4 kokea todellista joulutunnelmaa.<\/p><p>Keskell\u00e4 Raatihuoneentoria s\u00e4teilee joka vuosi kaupungin upein joulukuusi.<\/p><p>Joulujuhlien j\u00e4rjest\u00e4minen Maikrahv ravintolassa sopii niin suurille kuin pienillekin yrityksille.<\/p><p>Ravintolassa on <strong>4 viihtyis\u00e4\u00e4 keskiajan henkist\u00e4 salia<\/strong>, joista 3 voidaan yhdist\u00e4\u00e4 toisiinsa. <strong>Ravintolaan mahtuu enint\u00e4\u00e4n 250 vierasta.<\/strong><\/p>\t\t\t\t\t\t\t\t<\/div>\n\t\t\t\t<\/div>\n\t\t\t\t\t<\/div>\n\t\t<\/div>\n\t\t\t\t\t<\/div>\n\t\t<\/section>\n\t\t\t\t<section class=\"elementor-section elementor-top-section elementor-element elementor-element-bb02f00 elementor-section-boxed elementor-section-height-default elementor-section-height-default\" data-id=\"bb02f00\" data-element_type=\"section\" data-e-type=\"section\">\n\t\t\t\t\t\t<div class=\"elementor-container elementor-column-gap-default\">\n\t\t\t\t\t<div class=\"elementor-column elementor-col-50 elementor-top-column elementor-element elementor-element-02f3edb\" data-id=\"02f3edb\" data-element_type=\"column\" data-e-type=\"column\">\n\t\t\t<div class=\"elementor-widget-wrap elementor-element-populated\">\n\t\t\t\t\t\t<div class=\"elementor-element elementor-element-9814a19 elementor-widget elementor-widget-text-editor\" data-id=\"9814a19\" data-element_type=\"widget\" data-e-type=\"widget\" data-widget_type=\"text-editor.default\">\n\t\t\t\t<div class=\"elementor-widget-container\">\n\t\t\t\t\t\t\t\t\t<h2>Varaa pikkujoulun paikka Tallinnasta hyviss\u00e4 ajoin<\/h2><ol><li>J\u00e4t\u00e4 meille yhteystietosi.<\/li><li>Otamme sinuun yhteytt\u00e4 saadaksemme enemm\u00e4n tietoja toiveistasi.<\/li><li>Teemme parhaamme, jotta yrityksesi joulujuhla tarjoaisi mahtavan el\u00e4myksen.<\/li><\/ol><p>Jotta pikkujoulun j\u00e4rjest\u00e4minen ei j\u00e4isi viime hetkelle, suosittelemme l\u00e4hett\u00e4m\u00e4\u00e4n hakemuksesi ajoissa, sill\u00e4 ajat t\u00e4yttyv\u00e4t nopeasti!<\/p><p><strong>Annamme sinulle 100 % rahat takaisin -takuun.<\/strong><\/p><p>Mik\u00e4li valtio asettaa rajoituksia tapahtuman ajaksi, lupaamme palauttaa 100 % maksetusta summasta.<\/p>\t\t\t\t\t\t\t\t<\/div>\n\t\t\t\t<\/div>\n\t\t\t\t\t<\/div>\n\t\t<\/div>\n\t\t\t\t<div class=\"elementor-column elementor-col-50 elementor-top-column elementor-element elementor-element-26a6623\" data-id=\"26a6623\" data-element_type=\"column\" data-e-type=\"column\">\n\t\t\t<div class=\"elementor-widget-wrap elementor-element-populated\">\n\t\t\t\t\t\t<div class=\"elementor-element elementor-element-d4fe6a9 elementor-widget elementor-widget-text-editor\" data-id=\"d4fe6a9\" data-element_type=\"widget\" data-e-type=\"widget\" data-widget_type=\"text-editor.default\">\n\t\t\t\t<div class=\"elementor-widget-container\">\n\t\t\t\t\t\t\t\t\t<h2>Maikrahv ravintolan mahdollisuudet<\/h2><ul><li>4 isoa salia, joista 3 on kesken\u00e4\u00e4n yhdistett\u00e4vi\u00e4<\/li><li>monipuolinen ruoka- ja juomamenu<\/li><li>modernit \u00e4\u00e4nilaitteet<\/li><li>projektorit, mahdollisuus l\u00e4hett\u00e4\u00e4 kamerakuva jokaiseen saliin<\/li><li>iso n\u00e4ytt\u00e4m\u00f6<\/li><li>avulias tiimi<\/li><li>valokuvboxi tunnelmallisten valokuvien ottamiseen<\/li><li>tilauksesta tapahtuman koko viihdeohjelma<\/li><\/ul>\t\t\t\t\t\t\t\t<\/div>\n\t\t\t\t<\/div>\n\t\t\t\t\t<\/div>\n\t\t<\/div>\n\t\t\t\t\t<\/div>\n\t\t<\/section>\n\t\t\t\t<section class=\"elementor-section elementor-top-section elementor-element elementor-element-7ef33dbc elementor-section-boxed elementor-section-height-default elementor-section-height-default\" data-id=\"7ef33dbc\" data-element_type=\"section\" data-e-type=\"section\">\n\t\t\t\t\t\t<div class=\"elementor-container elementor-column-gap-default\">\n\t\t\t\t\t<div class=\"elementor-column elementor-col-50 elementor-top-column elementor-element elementor-element-5103a2a5\" data-id=\"5103a2a5\" data-element_type=\"column\" data-e-type=\"column\">\n\t\t\t<div class=\"elementor-widget-wrap elementor-element-populated\">\n\t\t\t\t\t\t<div class=\"elementor-element elementor-element-72f9d5c0 elementor-widget elementor-widget-text-editor\" data-id=\"72f9d5c0\" data-element_type=\"widget\" data-e-type=\"widget\" data-widget_type=\"text-editor.default\">\n\t\t\t\t<div class=\"elementor-widget-container\">\n\t\t\t\t\t\t\t\t\t<h2>Ota yhteytt\u00e4<\/h2><p>Jos harkitset joulujuhlan j\u00e4rjest\u00e4mist\u00e4 meid\u00e4n luonamme, ota meihin yhteytt\u00e4.<\/p><p>Vastaamme 1 arkip\u00e4iv\u00e4n kuluessa ja tarkennamme t\u00e4rkeit\u00e4 yksityiskohtia.<\/p><p>N\u00e4in ymm\u00e4rr\u00e4mme paremmin suunnittelemasi tapahtuman ja voimme tarjota sopivimmat ratkaisut todella ikimuistoiseen joulujuhlaan, jota muistetaan l\u00e4mm\u00f6ll\u00e4 my\u00f6hemminkin.<\/p>\t\t\t\t\t\t\t\t<\/div>\n\t\t\t\t<\/div>\n\t\t\t\t<div class=\"elementor-element elementor-element-b2f67e2 elementor-widget elementor-widget-text-editor\" data-id=\"b2f67e2\" data-element_type=\"widget\" data-e-type=\"widget\" data-widget_type=\"text-editor.default\">\n\t\t\t\t<div class=\"elementor-widget-container\">\n\t\t\t\t\t\t\t\t\t<p style=\"text-align: center;\">Maikrahv ravintola<br \/>\u202d+372 5664 1360\u202c<\/p>\t\t\t\t\t\t\t\t<\/div>\n\t\t\t\t<\/div>\n\t\t\t\t\t<\/div>\n\t\t<\/div>\n\t\t\t\t<div class=\"elementor-column elementor-col-50 elementor-top-column elementor-element elementor-element-5e5b308d\" data-id=\"5e5b308d\" data-element_type=\"column\" data-e-type=\"column\">\n\t\t\t<div class=\"elementor-widget-wrap elementor-element-populated\">\n\t\t\t\t\t\t<div class=\"elementor-element elementor-element-1cc85521 elementor-widget elementor-widget-shortcode\" data-id=\"1cc85521\" data-element_type=\"widget\" data-e-type=\"widget\" data-widget_type=\"shortcode.default\">\n\t\t\t\t<div class=\"elementor-widget-container\">\n\t\t\t\t\t\t\t<div class=\"elementor-shortcode\">\n<div class=\"wpcf7 no-js\" id=\"wpcf7-f2475-o1\" lang=\"et\" dir=\"ltr\" data-wpcf7-id=\"2475\">\n<div class=\"screen-reader-response\"><p role=\"status\" aria-live=\"polite\" aria-atomic=\"true\"><\/p> <ul><\/ul><\/div>\n<form action=\"\/fi\/wp-json\/wp\/v2\/pages\/2287#wpcf7-f2475-o1\" method=\"post\" class=\"wpcf7-form init\" aria-label=\"Contact form\" novalidate=\"novalidate\" data-status=\"init\">\n<fieldset class=\"hidden-fields-container\"><input type=\"hidden\" name=\"_wpcf7\" value=\"2475\" \/><input type=\"hidden\" name=\"_wpcf7_version\" value=\"6.1.5\" \/><input type=\"hidden\" name=\"_wpcf7_locale\" value=\"et\" \/><input type=\"hidden\" name=\"_wpcf7_unit_tag\" value=\"wpcf7-f2475-o1\" \/><input type=\"hidden\" name=\"_wpcf7_container_post\" value=\"0\" \/><input type=\"hidden\" name=\"_wpcf7_posted_data_hash\" value=\"\" \/>\n<\/fieldset>\n<p><label> Sinun nimesi:<br \/>\n<span class=\"wpcf7-form-control-wrap\" data-name=\"your-name\"><input size=\"40\" maxlength=\"400\" class=\"wpcf7-form-control wpcf7-text wpcf7-validates-as-required\" aria-required=\"true\" aria-invalid=\"false\" value=\"\" type=\"text\" name=\"your-name\" \/><\/span> <\/label>\n<\/p>\n<p><label> Puhelimesi:<br \/>\n<span class=\"wpcf7-form-control-wrap\" data-name=\"your-phone\"><input size=\"40\" maxlength=\"400\" class=\"wpcf7-form-control wpcf7-tel wpcf7-validates-as-required wpcf7-text wpcf7-validates-as-tel\" aria-required=\"true\" aria-invalid=\"false\" value=\"\" type=\"tel\" name=\"your-phone\" \/><\/span> <\/label>\n<\/p>\n<p><label> S\u00e4hk\u00f6postiosoiteesi:<br \/>\n<span class=\"wpcf7-form-control-wrap\" data-name=\"your-email\"><input size=\"40\" maxlength=\"400\" class=\"wpcf7-form-control wpcf7-email wpcf7-validates-as-required wpcf7-text wpcf7-validates-as-email\" aria-required=\"true\" aria-invalid=\"false\" value=\"\" type=\"email\" name=\"your-email\" \/><\/span> <\/label>\n<\/p>\n<p><label> Suunniteltavan tapahtuman (yritysjuhlat joulujuhla) arvioitu p\u00e4iv\u00e4m\u00e4\u00e4r\u00e4:<br \/>\n<span class=\"wpcf7-form-control-wrap\" data-name=\"your-date\"><input class=\"wpcf7-form-control wpcf7-date wpcf7-validates-as-required wpcf7-validates-as-date\" aria-required=\"true\" aria-invalid=\"false\" value=\"\" type=\"date\" name=\"your-date\" \/><\/span> <\/label>\n<\/p>\n<p><label> Lis\u00e4tietoja - Lis\u00e4\u00e4 halutessasi tarkempia tietoja:<br \/>\n<span class=\"wpcf7-form-control-wrap\" data-name=\"your-message\"><textarea cols=\"40\" rows=\"10\" maxlength=\"2000\" class=\"wpcf7-form-control wpcf7-textarea\" aria-invalid=\"false\" name=\"your-message\"><\/textarea><\/span> <\/label>\n<\/p>\n<p><span class=\"wpcf7-form-control-wrap\" data-name=\"acceptance\"><span class=\"wpcf7-form-control wpcf7-acceptance\"><span class=\"wpcf7-list-item\"><label><input type=\"checkbox\" name=\"acceptance\" value=\"1\" aria-invalid=\"false\" \/><span class=\"wpcf7-list-item-label\">Hyv\u00e4ksyn <a href=\"https:\/\/maikrahv.ee\/fi\/tietosuojaehdot\/\" target=\"_blank\">tietosuojaehdot<\/a><\/span><\/label><\/span><\/span><\/span>\n<\/p>\n<p><input class=\"wpcf7-form-control wpcf7-submit has-spinner\" type=\"submit\" value=\"L\u00e4het\u00e4\" \/>\n<\/p><div class=\"wpcf7-response-output\" aria-hidden=\"true\"><\/div>\n<\/form>\n<\/div>\n<\/div>\n\t\t\t\t\t\t<\/div>\n\t\t\t\t<\/div>\n\t\t\t\t\t<\/div>\n\t\t<\/div>\n\t\t\t\t\t<\/div>\n\t\t<\/section>\n\t\t\t\t<section class=\"elementor-section elementor-top-section elementor-element elementor-element-55e53d7a elementor-section-boxed elementor-section-height-default elementor-section-height-default\" data-id=\"55e53d7a\" data-element_type=\"section\" data-e-type=\"section\">\n\t\t\t\t\t\t<div class=\"elementor-container elementor-column-gap-default\">\n\t\t\t\t\t<div class=\"elementor-column elementor-col-100 elementor-top-column elementor-element elementor-element-175a50ef\" data-id=\"175a50ef\" data-element_type=\"column\" data-e-type=\"column\">\n\t\t\t<div class=\"elementor-widget-wrap elementor-element-populated\">\n\t\t\t\t\t\t<div class=\"elementor-element elementor-element-985cb01 elementor-widget elementor-widget-text-editor\" data-id=\"985cb01\" data-element_type=\"widget\" data-e-type=\"widget\" data-widget_type=\"text-editor.default\">\n\t\t\t\t<div class=\"elementor-widget-container\">\n\t\t\t\t\t\t\t\t\t<h2>Monipuolinen valikoima makuja<\/h2><p>Herkulliset maut ja jouluruoat ovat olennainen osa hyv\u00e4\u00e4 joulujuhlaa.<\/p><p>Kokoa sopiva menu \u2013 nauti klassisista virolaisista jouluruoista, kuten possupaistista ja hapankaalista, tai valitse jotain ep\u00e4tavallisempaa, kuten kala- ja \u00e4yri\u00e4islautaset tai jaettava menu yll\u00e4tt\u00e4\u00e4ksesi ty\u00f6ntekij\u00e4si.<\/p><p>Autamme l\u00f6yt\u00e4m\u00e4\u00e4n valittuihin ruokiin parhaat viinit ja muut juomat.<\/p><blockquote><p>Jokaisen joulujuhlan p\u00e4\u00e4tteeksi on aina makea yll\u00e4tys, jonka voimme valmistaa toiveidesi mukaan.<\/p><\/blockquote>\t\t\t\t\t\t\t\t<\/div>\n\t\t\t\t<\/div>\n\t\t\t\t<div class=\"elementor-element elementor-element-73c9f8b0 elementor-widget elementor-widget-text-editor\" data-id=\"73c9f8b0\" data-element_type=\"widget\" data-e-type=\"widget\" data-widget_type=\"text-editor.default\">\n\t\t\t\t<div class=\"elementor-widget-container\">\n\t\t\t\t\t\t\t\t\t<h2>K\u00e4tev\u00e4t videoratkaisut, \u00e4\u00e4nilaitteet ja valokuvaboxi<\/h2><p>Maikrahv ravintolan tilat on varustettu kaikilla nykyaikaisilla audio- ja videoratkaisuilla, jotka tekev\u00e4t yrityksen joulujuhlista todella eloisan.<\/p><p>Jokaisessa salissa on omat \u00e4\u00e4nilaitteet, projektori ja sein\u00e4 kuvan n\u00e4ytt\u00e4miseen.<\/p><p>Yrityksen joulutapahtumiin kuuluu aina puheita ja esityksi\u00e4, samoin sopii kunnon joulujuhlaan valokuvaus.<\/p><p>Maikrahv ravintolassa on valokuvaboxi paikan p\u00e4\u00e4ll\u00e4.<\/p><p>Valokuvaboxi voidaan koristaa yrityksen tunnuksilla tai tehd\u00e4 sinne kiva kokoontumispaikka.<\/p><p>Mahdollista on lis\u00e4t\u00e4 kuviin koristeita: tonttuhattuja, joulupukin pukuja, p\u00e4\u00e4koruja, silm\u00e4laseja ja paljon muuta j\u00e4nnitt\u00e4v\u00e4\u00e4.<\/p>\t\t\t\t\t\t\t\t<\/div>\n\t\t\t\t<\/div>\n\t\t\t\t<div class=\"elementor-element elementor-element-f466a09 elementor-widget elementor-widget-text-editor\" data-id=\"f466a09\" data-element_type=\"widget\" data-e-type=\"widget\" data-widget_type=\"text-editor.default\">\n\t\t\t\t<div class=\"elementor-widget-container\">\n\t\t\t\t\t\t\t\t\t<h2>T\u00e4ydenn\u00e4 yrityksesi joulutapahtumaa parhaalla viihdeohjelmalla<\/h2><p>Tuntuuko joulutapahtuman viihdeosuuden suunnittelu vaikealta? Jos j\u00e4rjest\u00e4t yrityksesi joulujuhlat Tallinnan Maikrahv ravintolassa, voit ostaa my\u00f6s koko j\u00e4rjestelypuolen.<\/p><p>Autamme mielell\u00e4mme viihdeohjelman kokoamisessa, jotta joulujuhlien j\u00e4rjest\u00e4minen ei j\u00e4isi vain 1-2 ty\u00f6ntekij\u00e4n harteille.<\/p><p>Meid\u00e4n tiimill\u00e4mme on yli 10 vuoden kokemukset erilaisten tapahtumien j\u00e4rjest\u00e4misest\u00e4.<\/p><p>V\u00e4lit\u00e4mme Viron parhaita artisteja.<\/p><p>Meid\u00e4n kauttamme on mahdollista kutsua esiintym\u00e4\u00e4n taikureita, tanssijoita ja n\u00e4yttelij\u00f6it\u00e4, jotta yrityksesi joulutapahtuma olisi j\u00e4nnitt\u00e4v\u00e4\u00e4.<\/p><p><strong>Kerro meille toiveesi ja yrityksesi pikkujoulu sujuu mutkattomasti!<\/strong><\/p><p>Tanssittajaksi on mahdollista tilata akustista musiikkia sek\u00e4 t\u00e4ysikokoisia live-b\u00e4ndej\u00e4.<\/p>\t\t\t\t\t\t\t\t<\/div>\n\t\t\t\t<\/div>\n\t\t\t\t\t<\/div>\n\t\t<\/div>\n\t\t\t\t\t<\/div>\n\t\t<\/section>\n\t\t\t\t<\/div>\n\t\t","protected":false},"excerpt":{"rendered":"<p>Yrityksen joulujuhlien j\u00e4rjest\u00e4minen Tallinnan vanhassa kaupungissa Etsitk\u00f6 todellista joulutunnelmaa? J\u00e4rjest\u00e4 yrityksen pikkujoulu Maikrahv ravintolassa Raatihuoneentorilla. Varaa paikka siihen ajoissa! Yrityksen [&hellip;]<\/p>\n","protected":false},"author":2,"featured_media":0,"parent":2285,"menu_order":0,"comment_status":"closed","ping_status":"closed","template":"elementor_header_footer","meta":{"site-sidebar-layout":"no-sidebar","site-content-layout":"boxed-container","ast-site-content-layout":"normal-width-container","site-content-style":"boxed","site-sidebar-style":"boxed","ast-global-header-display":"","ast-banner-title-visibility":"","ast-main-header-display":"","ast-hfb-above-header-display":"","ast-hfb-below-header-display":"","ast-hfb-mobile-header-display":"","site-post-title":"disabled","ast-breadcrumbs-content":"","ast-featured-img":"disabled","footer-sml-layout":"","ast-disable-related-posts":"","theme-transparent-header-meta":"default","adv-header-id-meta":"","stick-header-meta":"default","header-above-stick-meta":"","header-main-stick-meta":"","header-below-stick-meta":"","astra-migrate-meta-layouts":"default","ast-page-background-enabled":"default","ast-page-background-meta":{"desktop":{"background-color":"","background-image":"","background-repeat":"repeat","background-position":"center center","background-size":"auto","background-attachment":"scroll","background-type":"","background-media":"","overlay-type":"","overlay-color":"","overlay-opacity":"","overlay-gradient":""},"tablet":{"background-color":"","background-image":"","background-repeat":"repeat","background-position":"center center","background-size":"auto","background-attachment":"scroll","background-type":"","background-media":"","overlay-type":"","overlay-color":"","overlay-opacity":"","overlay-gradient":""},"mobile":{"background-color":"","background-image":"","background-repeat":"repeat","background-position":"center center","background-size":"auto","background-attachment":"scroll","background-type":"","background-media":"","overlay-type":"","overlay-color":"","overlay-opacity":"","overlay-gradient":""}},"ast-content-background-meta":{"desktop":{"background-color":"var(--ast-global-color-5)","background-image":"","background-repeat":"repeat","background-position":"center center","background-size":"auto","background-attachment":"scroll","background-type":"","background-media":"","overlay-type":"","overlay-color":"","overlay-opacity":"","overlay-gradient":""},"tablet":{"background-color":"var(--ast-global-color-5)","background-image":"","background-repeat":"repeat","background-position":"center center","background-size":"auto","background-attachment":"scroll","background-type":"","background-media":"","overlay-type":"","overlay-color":"","overlay-opacity":"","overlay-gradient":""},"mobile":{"background-color":"var(--ast-global-color-5)","background-image":"","background-repeat":"repeat","background-position":"center center","background-size":"auto","background-attachment":"scroll","background-type":"","background-media":"","overlay-type":"","overlay-color":"","overlay-opacity":"","overlay-gradient":""}},"footnotes":""},"class_list":["post-2287","page","type-page","status-publish","hentry"],"_links":{"self":[{"href":"https:\/\/maikrahv.ee\/fi\/wp-json\/wp\/v2\/pages\/2287","targetHints":{"allow":["GET"]}}],"collection":[{"href":"https:\/\/maikrahv.ee\/fi\/wp-json\/wp\/v2\/pages"}],"about":[{"href":"https:\/\/maikrahv.ee\/fi\/wp-json\/wp\/v2\/types\/page"}],"author":[{"embeddable":true,"href":"https:\/\/maikrahv.ee\/fi\/wp-json\/wp\/v2\/users\/2"}],"replies":[{"embeddable":true,"href":"https:\/\/maikrahv.ee\/fi\/wp-json\/wp\/v2\/comments?post=2287"}],"version-history":[{"count":50,"href":"https:\/\/maikrahv.ee\/fi\/wp-json\/wp\/v2\/pages\/2287\/revisions"}],"predecessor-version":[{"id":6911,"href":"https:\/\/maikrahv.ee\/fi\/wp-json\/wp\/v2\/pages\/2287\/revisions\/6911"}],"up":[{"embeddable":true,"href":"https:\/\/maikrahv.ee\/fi\/wp-json\/wp\/v2\/pages\/2285"}],"wp:attachment":[{"href":"https:\/\/maikrahv.ee\/fi\/wp-json\/wp\/v2\/media?parent=2287"}],"curies":[{"name":"wp","href":"https:\/\/api.w.org\/{rel}","templated":true}]}}