{"id":2283,"date":"2022-08-06T17:55:39","date_gmt":"2022-08-06T17:55:39","guid":{"rendered":"https:\/\/maikrahv.ee\/b2b\/"},"modified":"2025-09-10T14:47:01","modified_gmt":"2025-09-10T14:47:01","slug":"b2b","status":"publish","type":"page","link":"https:\/\/maikrahv.ee\/fi\/palvelut\/b2b\/","title":{"rendered":"Matkailualan yrityksille"},"content":{"rendered":"\t\t<div data-elementor-type=\"wp-page\" data-elementor-id=\"2283\" class=\"elementor elementor-2283 elementor-1153\">\n\t\t\t\t\t\t<section class=\"elementor-section elementor-top-section elementor-element elementor-element-232d4183 elementor-section-boxed elementor-section-height-default elementor-section-height-default\" data-id=\"232d4183\" data-element_type=\"section\" data-e-type=\"section\" data-settings=\"{&quot;background_background&quot;:&quot;classic&quot;}\">\n\t\t\t\t\t\t<div class=\"elementor-container elementor-column-gap-default\">\n\t\t\t\t\t<div class=\"elementor-column elementor-col-50 elementor-top-column elementor-element elementor-element-333bff6e\" data-id=\"333bff6e\" data-element_type=\"column\" data-e-type=\"column\">\n\t\t\t<div class=\"elementor-widget-wrap elementor-element-populated\">\n\t\t\t\t\t\t<div class=\"elementor-element elementor-element-f52af18 elementor-widget elementor-widget-text-editor\" data-id=\"f52af18\" data-element_type=\"widget\" data-e-type=\"widget\" data-widget_type=\"text-editor.default\">\n\t\t\t\t<div class=\"elementor-widget-container\">\n\t\t\t\t\t\t\t\t\t<h1>Matkatoimistoille (B2B)<\/h1><p>Olemme avoimia kaikenlaiselle B2B-yhteisty\u00f6lle.<\/p><p>Halutaanko tilata ryhm\u00e4ruokailua, j\u00e4rjest\u00e4\u00e4 kivoja tapahtumia tiloissamme tai jotain muuta?<\/p>\t\t\t\t\t\t\t\t<\/div>\n\t\t\t\t<\/div>\n\t\t\t\t\t<\/div>\n\t\t<\/div>\n\t\t\t\t<div class=\"elementor-column elementor-col-50 elementor-top-column elementor-element elementor-element-13a6cd09\" data-id=\"13a6cd09\" data-element_type=\"column\" data-e-type=\"column\">\n\t\t\t<div class=\"elementor-widget-wrap elementor-element-populated\">\n\t\t\t\t\t\t<div class=\"elementor-element elementor-element-71914549 elementor-widget elementor-widget-image\" data-id=\"71914549\" data-element_type=\"widget\" data-e-type=\"widget\" data-widget_type=\"image.default\">\n\t\t\t\t<div class=\"elementor-widget-container\">\n\t\t\t\t\t\t\t\t\t\t\t\t\t\t\t<img fetchpriority=\"high\" decoding=\"async\" width=\"800\" height=\"400\" src=\"https:\/\/maikrahv.ee\/wp-content\/uploads\/2022\/08\/b2b.jpg\" class=\"attachment-full size-full wp-image-2222\" alt=\"\" srcset=\"https:\/\/maikrahv.ee\/wp-content\/uploads\/2022\/08\/b2b.jpg 800w, https:\/\/maikrahv.ee\/wp-content\/uploads\/2022\/08\/b2b-300x150.jpg 300w, https:\/\/maikrahv.ee\/wp-content\/uploads\/2022\/08\/b2b-768x384.jpg 768w\" sizes=\"(max-width: 800px) 100vw, 800px\" \/>\t\t\t\t\t\t\t\t\t\t\t\t\t\t\t<\/div>\n\t\t\t\t<\/div>\n\t\t\t\t\t<\/div>\n\t\t<\/div>\n\t\t\t\t\t<\/div>\n\t\t<\/section>\n\t\t\t\t<section class=\"elementor-section elementor-top-section elementor-element elementor-element-55f2c9d0 elementor-section-boxed elementor-section-height-default elementor-section-height-default\" data-id=\"55f2c9d0\" data-element_type=\"section\" data-e-type=\"section\">\n\t\t\t\t\t\t<div class=\"elementor-container elementor-column-gap-default\">\n\t\t\t\t\t<div class=\"elementor-column elementor-col-100 elementor-top-column elementor-element elementor-element-68619652\" data-id=\"68619652\" data-element_type=\"column\" data-e-type=\"column\">\n\t\t\t<div class=\"elementor-widget-wrap elementor-element-populated\">\n\t\t\t\t\t\t<div class=\"elementor-element elementor-element-1d246942 elementor-widget elementor-widget-text-editor\" data-id=\"1d246942\" data-element_type=\"widget\" data-e-type=\"widget\" data-widget_type=\"text-editor.default\">\n\t\t\t\t<div class=\"elementor-widget-container\">\n\t\t\t\t\t\t\t\t\t<h2>Kutsumme tekem\u00e4\u00e4n yhteisty\u00f6t\u00e4!<\/h2><p>Toivotamme matkatoimistot ja kaikki muut yritykset tervetulleiksi kaikenkokoisilla ryhmill\u00e4.<\/p><p>Tarjoamme ryhm\u00e4ruokailua ja mahdollisuutta vuokrata tiloja. Voimme vastaanottaa yhteens\u00e4 jopa 210 vierasta.<\/p><p>Teemme yhteisty\u00f6t\u00e4 monien eri matkailuyritysten kanssa ja palvelemme vieraita Virosta ja kauempaakin.<\/p><p>Tarjoamme nopeaa ja joustavaa B2B-yhteisty\u00f6t\u00e4. Ratkaisemme nopeasti kaikki kysymykset, tarjoamme pyynn\u00f6st\u00e4 erikoismenun ja olemme joustavia, kun henkil\u00f6m\u00e4\u00e4r\u00e4 muuttuu tai joku sairastuu.<\/p><p><strong>Haluamme tarjota asiakkaillemme upean ruokakokemuksen.<\/strong><\/p><p>Esittelemme mielell\u00e4mme Viron ruokakulttuuria ja Maikrahvin tarinaa.<\/p><h2>Lounaat ja illalliset ryhmille<\/h2><p>Maikrahv ravintola on valmis tarjoamaan sek\u00e4 lounaita ett\u00e4 illallisia ryhmille.<br \/>Valittavana on 1-4 ruokalajin lounaita ja illallisia, lis\u00e4ksi runsaita aterioita, jotka on tarkoitettu jaettavaksi suoraan p\u00f6ydille. Pyynn\u00f6st\u00e4 huolehdimme siit\u00e4kin, ett\u00e4 tapahtumassa olisi viihdett\u00e4.<\/p><p>Meilt\u00e4 on my\u00f6s mahdollista tilata oluen maistajaisia. Oluen lis\u00e4ksi tuomme p\u00f6yt\u00e4\u00e4n joko perinteist\u00e4 virolaista pikkupurtavaa tai tarjoamme runsaamman lounaan.<\/p>\t\t\t\t\t\t\t\t<\/div>\n\t\t\t\t<\/div>\n\t\t\t\t\t<\/div>\n\t\t<\/div>\n\t\t\t\t\t<\/div>\n\t\t<\/section>\n\t\t\t\t<section class=\"elementor-section elementor-top-section elementor-element elementor-element-1f4cac5 elementor-section-boxed elementor-section-height-default elementor-section-height-default\" data-id=\"1f4cac5\" data-element_type=\"section\" data-e-type=\"section\">\n\t\t\t\t\t\t<div class=\"elementor-container elementor-column-gap-default\">\n\t\t\t\t\t<div class=\"elementor-column elementor-col-50 elementor-top-column elementor-element elementor-element-075d6e7\" data-id=\"075d6e7\" data-element_type=\"column\" data-e-type=\"column\">\n\t\t\t<div class=\"elementor-widget-wrap elementor-element-populated\">\n\t\t\t\t\t\t<div class=\"elementor-element elementor-element-d3aa827 elementor-widget elementor-widget-text-editor\" data-id=\"d3aa827\" data-element_type=\"widget\" data-e-type=\"widget\" data-widget_type=\"text-editor.default\">\n\t\t\t\t<div class=\"elementor-widget-container\">\n\t\t\t\t\t\t\t\t\t<h2>Tilojen vuokraus<\/h2><p>Tarjoamme tiloja tapahtumien ja seminaarien j\u00e4rjest\u00e4miseen.<\/p><p>Maikrahv ravintolassa on yhteens\u00e4 4 salia, jotka sopivat turistiryhmien vastaanottamiseen, yritystilaisuuksiin sek\u00e4 merkkip\u00e4ivien ja suurtapahtumien viettoon.<\/p><p>P\u00e4\u00e4saliin mahtuu 110 vierasta. Holvisali, Mustap\u00e4iden sali ja Kiltasali sopivat pienempiin tilaisuuksiin. Salit on varustettu nykyaikaisilla laitteilla, jotka mahdollistavat kuvan ja \u00e4\u00e4nen toistoa useassa salissa yht\u00e4 aikaa.<\/p><p><a href=\"https:\/\/maikrahv.ee\/fi\/palvelut\/tilojen-vuokraus-tallinnassa\/\">Lue lis\u00e4\u00e4<\/a>.<\/p>\t\t\t\t\t\t\t\t<\/div>\n\t\t\t\t<\/div>\n\t\t\t\t\t<\/div>\n\t\t<\/div>\n\t\t\t\t<div class=\"elementor-column elementor-col-50 elementor-top-column elementor-element elementor-element-95f8069\" data-id=\"95f8069\" data-element_type=\"column\" data-e-type=\"column\">\n\t\t\t<div class=\"elementor-widget-wrap elementor-element-populated\">\n\t\t\t\t\t\t<div class=\"elementor-element elementor-element-5165305 elementor-widget elementor-widget-text-editor\" data-id=\"5165305\" data-element_type=\"widget\" data-e-type=\"widget\" data-widget_type=\"text-editor.default\">\n\t\t\t\t<div class=\"elementor-widget-container\">\n\t\t\t\t\t\t\t\t\t<h2>Ryhm\u00e4menut<\/h2><p>Isommille ryhmille tarjoamme ryhm\u00e4menuja.<\/p><p>Ryhm\u00e4menun hinta riippuu ruokailijoiden m\u00e4\u00e4r\u00e4st\u00e4 ja yhteisty\u00f6n tiheydest\u00e4.<\/p><p>Ryhm\u00e4n opas ja saattaja sy\u00f6v\u00e4t ilmaiseksi talon kustannuksella.<\/p><p><a href=\"https:\/\/maikrahv.ee\/fi\/palvelut\/ryhmaruokailu\/\">Lue lis\u00e4\u00e4<\/a>.<\/p>\t\t\t\t\t\t\t\t<\/div>\n\t\t\t\t<\/div>\n\t\t\t\t\t<\/div>\n\t\t<\/div>\n\t\t\t\t\t<\/div>\n\t\t<\/section>\n\t\t\t\t<section class=\"elementor-section elementor-top-section elementor-element elementor-element-9f2ef56 elementor-section-boxed elementor-section-height-default elementor-section-height-default\" data-id=\"9f2ef56\" data-element_type=\"section\" data-e-type=\"section\">\n\t\t\t\t\t\t<div class=\"elementor-container elementor-column-gap-default\">\n\t\t\t\t\t<div class=\"elementor-column elementor-col-50 elementor-top-column elementor-element elementor-element-507692b8\" data-id=\"507692b8\" data-element_type=\"column\" data-e-type=\"column\">\n\t\t\t<div class=\"elementor-widget-wrap elementor-element-populated\">\n\t\t\t\t\t\t<div class=\"elementor-element elementor-element-67b2bb19 elementor-widget elementor-widget-text-editor\" data-id=\"67b2bb19\" data-element_type=\"widget\" data-e-type=\"widget\" data-widget_type=\"text-editor.default\">\n\t\t\t\t<div class=\"elementor-widget-container\">\n\t\t\t\t\t\t\t\t\t<h2>Ota yhteytt\u00e4<\/h2><p>Mik\u00e4li olet kiinnostunut yhteisty\u00f6st\u00e4, j\u00e4t\u00e4 yhteystietosi.<\/p><p>Myyntiedustajamme Julia ottaa sinuun yhteytt\u00e4 yhden arkip\u00e4iv\u00e4n kuluessa, jonka j\u00e4lkeen l\u00e4het\u00e4mme sinulle mielell\u00e4mme ryhm\u00e4menun ja yhteisty\u00f6tarjouksen.<\/p>\t\t\t\t\t\t\t\t<\/div>\n\t\t\t\t<\/div>\n\t\t\t\t<div class=\"elementor-element elementor-element-34a2ddc elementor-widget elementor-widget-text-editor\" data-id=\"34a2ddc\" data-element_type=\"widget\" data-e-type=\"widget\" data-widget_type=\"text-editor.default\">\n\t\t\t\t<div class=\"elementor-widget-container\">\n\t\t\t\t\t\t\t\t\t<p style=\"text-align: center;\">Maikrahv ravintola<\/p><p style=\"text-align: center;\">\u202d+372 5664 1360\u202c<\/p>\t\t\t\t\t\t\t\t<\/div>\n\t\t\t\t<\/div>\n\t\t\t\t\t<\/div>\n\t\t<\/div>\n\t\t\t\t<div class=\"elementor-column elementor-col-50 elementor-top-column elementor-element elementor-element-2ae73db8\" data-id=\"2ae73db8\" data-element_type=\"column\" data-e-type=\"column\">\n\t\t\t<div class=\"elementor-widget-wrap elementor-element-populated\">\n\t\t\t\t\t\t<div class=\"elementor-element elementor-element-606f84b2 elementor-widget elementor-widget-shortcode\" data-id=\"606f84b2\" data-element_type=\"widget\" data-e-type=\"widget\" data-widget_type=\"shortcode.default\">\n\t\t\t\t<div class=\"elementor-widget-container\">\n\t\t\t\t\t\t\t<div class=\"elementor-shortcode\">\n<div class=\"wpcf7 no-js\" id=\"wpcf7-f2474-o1\" lang=\"et\" dir=\"ltr\" data-wpcf7-id=\"2474\">\n<div class=\"screen-reader-response\"><p role=\"status\" aria-live=\"polite\" aria-atomic=\"true\"><\/p> <ul><\/ul><\/div>\n<form action=\"\/fi\/wp-json\/wp\/v2\/pages\/2283#wpcf7-f2474-o1\" method=\"post\" class=\"wpcf7-form init\" aria-label=\"Contact form\" novalidate=\"novalidate\" data-status=\"init\">\n<fieldset class=\"hidden-fields-container\"><input type=\"hidden\" name=\"_wpcf7\" value=\"2474\" \/><input type=\"hidden\" name=\"_wpcf7_version\" value=\"6.1.5\" \/><input type=\"hidden\" name=\"_wpcf7_locale\" value=\"et\" \/><input type=\"hidden\" name=\"_wpcf7_unit_tag\" value=\"wpcf7-f2474-o1\" \/><input type=\"hidden\" name=\"_wpcf7_container_post\" value=\"0\" \/><input type=\"hidden\" name=\"_wpcf7_posted_data_hash\" value=\"\" \/>\n<\/fieldset>\n<p><label> Sinun nimesi:<br \/>\n<span class=\"wpcf7-form-control-wrap\" data-name=\"your-name\"><input size=\"40\" maxlength=\"400\" class=\"wpcf7-form-control wpcf7-text wpcf7-validates-as-required\" aria-required=\"true\" aria-invalid=\"false\" value=\"\" type=\"text\" name=\"your-name\" \/><\/span> <\/label>\n<\/p>\n<p><label> Yrityksen nimi:<br \/>\n<span class=\"wpcf7-form-control-wrap\" data-name=\"your-company\"><input size=\"40\" maxlength=\"400\" class=\"wpcf7-form-control wpcf7-text wpcf7-validates-as-required\" aria-required=\"true\" aria-invalid=\"false\" value=\"\" type=\"text\" name=\"your-company\" \/><\/span> <\/label>\n<\/p>\n<p><label> Puhelimesi:<br \/>\n<span class=\"wpcf7-form-control-wrap\" data-name=\"your-phone\"><input size=\"40\" maxlength=\"400\" class=\"wpcf7-form-control wpcf7-tel wpcf7-validates-as-required wpcf7-text wpcf7-validates-as-tel\" aria-required=\"true\" aria-invalid=\"false\" value=\"\" type=\"tel\" name=\"your-phone\" \/><\/span> <\/label>\n<\/p>\n<p><label> S\u00e4hk\u00f6postiosoiteesi:<br \/>\n<span class=\"wpcf7-form-control-wrap\" data-name=\"your-email\"><input size=\"40\" maxlength=\"400\" class=\"wpcf7-form-control wpcf7-email wpcf7-validates-as-required wpcf7-text wpcf7-validates-as-email\" aria-required=\"true\" aria-invalid=\"false\" value=\"\" type=\"email\" name=\"your-email\" \/><\/span> <\/label>\n<\/p>\n<p><label> Kirjoita, miten voimme auttaa<br \/>\n<span class=\"wpcf7-form-control-wrap\" data-name=\"your-message\"><textarea cols=\"40\" rows=\"10\" maxlength=\"2000\" class=\"wpcf7-form-control wpcf7-textarea\" aria-invalid=\"false\" name=\"your-message\"><\/textarea><\/span> <\/label>\n<\/p>\n<p><span class=\"wpcf7-form-control-wrap\" data-name=\"acceptance\"><span class=\"wpcf7-form-control wpcf7-acceptance\"><span class=\"wpcf7-list-item\"><label><input type=\"checkbox\" name=\"acceptance\" value=\"1\" aria-invalid=\"false\" \/><span class=\"wpcf7-list-item-label\">Hyv\u00e4ksyn <a href=\"https:\/\/maikrahv.ee\/fi\/tietosuojaehdot\/\" target=\"_blank\">tietosuojaehdot<\/a><\/span><\/label><\/span><\/span><\/span>\n<\/p>\n<p><input class=\"wpcf7-form-control wpcf7-submit has-spinner\" type=\"submit\" value=\"L\u00e4het\u00e4\" \/>\n<\/p><div class=\"wpcf7-response-output\" aria-hidden=\"true\"><\/div>\n<\/form>\n<\/div>\n<\/div>\n\t\t\t\t\t\t<\/div>\n\t\t\t\t<\/div>\n\t\t\t\t\t<\/div>\n\t\t<\/div>\n\t\t\t\t\t<\/div>\n\t\t<\/section>\n\t\t\t\t<\/div>\n\t\t","protected":false},"excerpt":{"rendered":"<p>Matkatoimistoille (B2B) Olemme avoimia kaikenlaiselle B2B-yhteisty\u00f6lle. Halutaanko tilata ryhm\u00e4ruokailua, j\u00e4rjest\u00e4\u00e4 kivoja tapahtumia tiloissamme tai jotain muuta? Kutsumme tekem\u00e4\u00e4n yhteisty\u00f6t\u00e4! Toivotamme [&hellip;]<\/p>\n","protected":false},"author":2,"featured_media":0,"parent":2294,"menu_order":0,"comment_status":"closed","ping_status":"closed","template":"elementor_header_footer","meta":{"site-sidebar-layout":"no-sidebar","site-content-layout":"boxed-container","ast-site-content-layout":"normal-width-container","site-content-style":"boxed","site-sidebar-style":"boxed","ast-global-header-display":"","ast-banner-title-visibility":"","ast-main-header-display":"","ast-hfb-above-header-display":"","ast-hfb-below-header-display":"","ast-hfb-mobile-header-display":"","site-post-title":"disabled","ast-breadcrumbs-content":"","ast-featured-img":"","footer-sml-layout":"","ast-disable-related-posts":"","theme-transparent-header-meta":"default","adv-header-id-meta":"","stick-header-meta":"default","header-above-stick-meta":"","header-main-stick-meta":"","header-below-stick-meta":"","astra-migrate-meta-layouts":"default","ast-page-background-enabled":"default","ast-page-background-meta":{"desktop":{"background-color":"","background-image":"","background-repeat":"repeat","background-position":"center center","background-size":"auto","background-attachment":"scroll","background-type":"","background-media":"","overlay-type":"","overlay-color":"","overlay-opacity":"","overlay-gradient":""},"tablet":{"background-color":"","background-image":"","background-repeat":"repeat","background-position":"center center","background-size":"auto","background-attachment":"scroll","background-type":"","background-media":"","overlay-type":"","overlay-color":"","overlay-opacity":"","overlay-gradient":""},"mobile":{"background-color":"","background-image":"","background-repeat":"repeat","background-position":"center center","background-size":"auto","background-attachment":"scroll","background-type":"","background-media":"","overlay-type":"","overlay-color":"","overlay-opacity":"","overlay-gradient":""}},"ast-content-background-meta":{"desktop":{"background-color":"var(--ast-global-color-5)","background-image":"","background-repeat":"repeat","background-position":"center center","background-size":"auto","background-attachment":"scroll","background-type":"","background-media":"","overlay-type":"","overlay-color":"","overlay-opacity":"","overlay-gradient":""},"tablet":{"background-color":"var(--ast-global-color-5)","background-image":"","background-repeat":"repeat","background-position":"center center","background-size":"auto","background-attachment":"scroll","background-type":"","background-media":"","overlay-type":"","overlay-color":"","overlay-opacity":"","overlay-gradient":""},"mobile":{"background-color":"var(--ast-global-color-5)","background-image":"","background-repeat":"repeat","background-position":"center center","background-size":"auto","background-attachment":"scroll","background-type":"","background-media":"","overlay-type":"","overlay-color":"","overlay-opacity":"","overlay-gradient":""}},"footnotes":""},"class_list":["post-2283","page","type-page","status-publish","hentry"],"_links":{"self":[{"href":"https:\/\/maikrahv.ee\/fi\/wp-json\/wp\/v2\/pages\/2283","targetHints":{"allow":["GET"]}}],"collection":[{"href":"https:\/\/maikrahv.ee\/fi\/wp-json\/wp\/v2\/pages"}],"about":[{"href":"https:\/\/maikrahv.ee\/fi\/wp-json\/wp\/v2\/types\/page"}],"author":[{"embeddable":true,"href":"https:\/\/maikrahv.ee\/fi\/wp-json\/wp\/v2\/users\/2"}],"replies":[{"embeddable":true,"href":"https:\/\/maikrahv.ee\/fi\/wp-json\/wp\/v2\/comments?post=2283"}],"version-history":[{"count":47,"href":"https:\/\/maikrahv.ee\/fi\/wp-json\/wp\/v2\/pages\/2283\/revisions"}],"predecessor-version":[{"id":6354,"href":"https:\/\/maikrahv.ee\/fi\/wp-json\/wp\/v2\/pages\/2283\/revisions\/6354"}],"up":[{"embeddable":true,"href":"https:\/\/maikrahv.ee\/fi\/wp-json\/wp\/v2\/pages\/2294"}],"wp:attachment":[{"href":"https:\/\/maikrahv.ee\/fi\/wp-json\/wp\/v2\/media?parent=2283"}],"curies":[{"name":"wp","href":"https:\/\/api.w.org\/{rel}","templated":true}]}}