{"id":2282,"date":"2022-08-09T06:45:05","date_gmt":"2022-08-09T06:45:05","guid":{"rendered":"https:\/\/maikrahv.ee\/tingimused\/"},"modified":"2022-10-28T15:36:49","modified_gmt":"2022-10-28T15:36:49","slug":"kayttoehdot","status":"publish","type":"page","link":"https:\/\/maikrahv.ee\/fi\/kayttoehdot\/","title":{"rendered":"K\u00e4ytt\u00f6ehdot"},"content":{"rendered":"<p><strong>K\u00e4ytt\u00f6ehdot<\/strong><\/p>\n<p>Vierailemalla <a href=\"https:\/\/maikrahv.ee\/\">maikrahv.ee<\/a>\u00a0 -sivustolla sitoudut noudattamaan t\u00e4ss\u00e4 asiakirjassa esitettyj\u00e4 k\u00e4ytt\u00f6ehtoja. Jos et hyv\u00e4ksy k\u00e4ytt\u00f6ehtoja, poistu verkkosivustolta v\u00e4litt\u00f6m\u00e4sti. T\u00e4m\u00e4n sivuston aineisto on suojattu tavaramerkki- ja tekij\u00e4noikeuslailla.<\/p>\n<p>P\u00e4\u00e4sy palveluun ja sen k\u00e4ytt\u00f6 riippuu my\u00f6s siit\u00e4, hyv\u00e4ksytk\u00f6 ja noudatatko Maikrahv ravintolan (Laagna Invest O\u00dc) tietosuojak\u00e4yt\u00e4nt\u00f6\u00e4. Tietosuojaehdot kuvaavat periaatteitamme ja k\u00e4yt\u00e4nt\u00f6j\u00e4mme, jotka koskevat henkil\u00f6tietojesi ker\u00e4\u00e4mist\u00e4, k\u00e4ytt\u00f6\u00e4 ja paljastamista meid\u00e4n sovellustamme tai verkkosivustoamme k\u00e4ytt\u00e4ess\u00e4si. Ennen kuin k\u00e4yt\u00e4t sivustoamme tai palveluitamme, lue tietosuojaehdot huolellisesti.<\/p>\n<p><strong>Ev\u00e4steet<\/strong><\/p>\n<p>Kuten useimmat nykyaikaiset verkkosivustot my\u00f6s meid\u00e4n sivustomme k\u00e4ytt\u00e4\u00e4 ev\u00e4steit\u00e4. K\u00e4yt\u00e4mme ev\u00e4steit\u00e4 parantaaksemme tiettyjen sivujen toimivuutta ja tehd\u00e4ksemme vierailijoille sivustomme k\u00e4yt\u00f6st\u00e4 helpompaa ja mukavampaa. Jotkut kumppanisivustoistamme voivat my\u00f6s k\u00e4ytt\u00e4\u00e4 ev\u00e4steit\u00e4. Lue lis\u00e4\u00e4 ev\u00e4steist\u00e4 tietosuojaehdoistamme.<\/p>\n<p><strong>Lisenssi<\/strong><\/p>\n<p>Ellei toisin mainita, Maikrahv ravintola (Laagna Invest O\u00dc) omistaa kaikki <a href=\"https:\/\/maikrahv.ee\/\">maikrahv.ee<\/a>\u00a0 -sivustolla n\u00e4kyv\u00e4t immateriaalioikeudet. Kaikki oikeudet pid\u00e4tet\u00e4\u00e4n.<\/p>\n<p>K\u00e4ytt\u00e4j\u00e4 ei saa:<\/p>\n<ul>\n<li>Julkaista \u200b\u200bverkkosivuilla <a href=\"https:\/\/maikrahv.ee\/\">maikrahv.ee<\/a> n\u00e4kyv\u00e4\u00e4 aineistoa (teksti\u00e4, kuvia, videoita jne.) muualla.<\/li>\n<li>Myyd\u00e4, vuokrata tai lisensoida t\u00e4t\u00e4 aineistoa.<\/li>\n<li>Kopioida sivuston sis\u00e4lt\u00f6\u00e4.<\/li>\n<li>Jakaa verkkosivuston <a href=\"https:\/\/maikrahv.ee\/\">maikrahv.ee<\/a> aineistoa ilman kirjallista lupaa.<\/li>\n<\/ul>\n<p>T\u00e4m\u00e4 sopimus on voimassa 5.8.2022 alkaen.<\/p>\n<p>Jotkut t\u00e4m\u00e4n verkkosivuston sivut voivat antaa k\u00e4ytt\u00e4jille mahdollisuuden kommentoida ja vaihtaa mielipiteit\u00e4\/tietoja. N\u00e4m\u00e4 kommentit eiv\u00e4t heijasta Maikrahv ravintolan (Laagna Invest O\u00dc), sen edustajien ja\/tai sidosyrityksien n\u00e4kemyksi\u00e4 ja mielipiteit\u00e4. Kommentit heijastavat niit\u00e4 julkaisseiden henkil\u00f6iden n\u00e4kemyksi\u00e4 ja mielipiteit\u00e4. Maikrahv ravintola (Laagna Invest O\u00dc) ei ole vastuussa verkkosivuilla olevien kommenttien sis\u00e4ll\u00f6st\u00e4 tai niist\u00e4 aiheutuvista aineellisista tai moraalisista vahingoista.<\/p>\n<p>Maikrahv ravintola (Laagna Invest O\u00dc) pid\u00e4tt\u00e4\u00e4 oikeuden seurata kaikkia kommentteja ja poistaa ne, joita pit\u00e4\u00e4 sopimattomina, loukkaavina tai ehtojen vastaisina.<\/p>\n<p>Kun vierailet verkkosivustollamme:<\/p>\n<ul>\n<li>Sinulla on oikeus lis\u00e4t\u00e4 kommentteja verkkosivustollemme;<\/li>\n<li>Vahvistat, ett\u00e4 lis\u00e4\u00e4m\u00e4si kommentit eiv\u00e4t loukkaa mink\u00e4\u00e4n kolmannen osapuolen immateriaalioikeuksia, tekij\u00e4noikeuksia, patentteja tai tavaramerkki\u00e4;<\/li>\n<li>Vahvistat, ett\u00e4 kommenttisi eiv\u00e4t sis\u00e4ll\u00e4 herjaavaa, loukkaavaa, sopimatonta tai muuten laitonta aineistoa;<\/li>\n<li>Sitoudut olemaan k\u00e4ytt\u00e4m\u00e4tt\u00e4 kommentoimisen oikeutta kaupallisen tai laittoman toiminnan tarjoamiseen tai mainostamiseen.<\/li>\n<\/ul>\n<p>My\u00f6nn\u00e4t t\u00e4ten Maikrahv ravintolalle (Laagna Invest O\u00dc) yksinoikeuden k\u00e4ytt\u00e4\u00e4, j\u00e4ljent\u00e4\u00e4, muokata ja valtuuttaa muille henkil\u00f6ille kommenttejasi miss\u00e4 tahansa muodossa, tavalla, v\u00e4lineell\u00e4 tai medialla.<\/p>\n<p><strong>Vastuuvapauslauseke<\/strong><\/p>\n<p>Emme takaa, ett\u00e4 t\u00e4ll\u00e4 sivustolla olevat tiedot ovat oikeita, t\u00e4ydellisi\u00e4 tai tarkkoja. Emme my\u00f6sk\u00e4\u00e4n lupaa, ett\u00e4 sivusto on aina saatavilla tai ett\u00e4 sill\u00e4 olevat tiedot pidet\u00e4\u00e4n ajan tasalla.<br \/>\nJos verkkosivustolla tarjottuja tietoja ja\/tai palveluita tarjotaan ilmaiseksi, emme ole vastuussa mist\u00e4\u00e4n menetyksist\u00e4 tai vahingoista.<\/p>\n<p><strong>Erimielisyyksien ratkaiseminen<\/strong><\/p>\n<p>Mik\u00e4li sinulla on palvelua koskevia ongelmia tai erimielisyyksi\u00e4, sitoudut ensin yritt\u00e4m\u00e4\u00e4n ratkaista kiistan ep\u00e4virallisesti ottamalla yhteytt\u00e4 Maikrahv ravintolaan (Laagna Invest O\u00dc).<\/p>\n<p><strong>Rajoitukset<\/strong><\/p>\n<p>Maikrahv ravintola (Laagna Invest O\u00dc) tai sen toimittajat eiv\u00e4t ole vastuussa vahingoista, jotka johtuvat Maikrahv ravintolan (Laagna Invest O\u00dc) verkkosivujen aineistojen k\u00e4yt\u00f6st\u00e4 tai kyvytt\u00f6myydest\u00e4 k\u00e4ytt\u00e4\u00e4 niit\u00e4. T\u00e4m\u00e4 p\u00e4tee my\u00f6s tapauksessa, jossa Maikrahv ravintolalle (Laagna Invest O\u00dc) tai sen valtuutetulle edustajalle on ilmoitettu suullisesti tai kirjallisesti vahingon mahdollisuudesta.<\/p>\n<p><strong>Muutokset ja virheet<\/strong><\/p>\n<p>Maikrahv ravintolan (Laagna Invest O\u00dc) verkkosivuilla saattaa olla erilaisia \u200b\u200bvirheit\u00e4. Emme ole vastuussa sivustolla olevien tietojen tarkkuudesta, t\u00e4ydellisyydest\u00e4 tai tarkoituksenmukaisuudesta. Voimme muuttaa tai poistaa sivustolla olevia tietoja milloin tahansa ilman erillist\u00e4 ilmoitusta. Maikrahv ravintola (Laagna Invest O\u00dc) ei ole velvollinen pit\u00e4m\u00e4\u00e4n verkkosivuillaan olevia tietoja ajan tasalla.<\/p>\n<p><strong>Linkkej\u00e4 muille sivustoille<\/strong><\/p>\n<p>Palvelumme voi sis\u00e4lt\u00e4\u00e4 linkkej\u00e4 kolmansien osapuolien verkkosivustoille tai palveluihin. Meill\u00e4 ei ole vaikutusvaltaa n\u00e4iden verkkosivustojen palveluihin, sis\u00e4lt\u00f6\u00f6n ja tietosuojak\u00e4yt\u00e4nt\u00f6ihin emmek\u00e4 ole niist\u00e4 vastuussa. T\u00e4m\u00e4n asiakirjan perusteella ymm\u00e4rr\u00e4t ja hyv\u00e4ksyt my\u00f6s sen, ett\u00e4 Maikrahv ravintola (Laagna Invest O\u00dc) ei ole suoraan tai v\u00e4lillisesti vastuussa mist\u00e4\u00e4n vahingoista, joita voi aiheutua kolmansien osapuolien verkkosivustojen k\u00e4yt\u00f6st\u00e4.<\/p>\n<p>Suosittelemme, ett\u00e4 tutustuisit kaikkien vierailemiesi kolmansien osapuolien verkkosivustojen k\u00e4ytt\u00f6ehtoihin ja tietosuojaehtoihin.<\/p>\n<p><strong>Linkkien poistaminen sivustoltamme<\/strong><\/p>\n<p>Jos l\u00f6yd\u00e4t nettisivuiltamme linkin, joka on jostain syyst\u00e4 sopimaton, voit ottaa meihin yhteytt\u00e4 ja ilmoittaa siit\u00e4. K\u00e4sittelemme linkkien poistopyynn\u00f6t ja vastaamme niihin 5 arkip\u00e4iv\u00e4n kuluessa, mutta meill\u00e4 ei ole velvollisuutta poistaa linkkej\u00e4.<\/p>\n<p>Vaikka yrit\u00e4mme varmistaa, ett\u00e4 verkkosivustollamme olevat tiedot ovat oikeita, emme voi taata niiden t\u00e4ydellisyytt\u00e4 tai tarkkuutta; emme my\u00f6sk\u00e4\u00e4n ole velvollisia varmistamaan verkkosivuston saatavuutta tai verkkosivustolla olevan aineiston ajantasaisuutta.<\/p>\n<p><strong>Ehtojen erotettavuus<\/strong><\/p>\n<p>Mik\u00e4li jokin n\u00e4iden palveluehtojen kohta todetaan p\u00e4tem\u00e4tt\u00f6m\u00e4ksi, t\u00e4t\u00e4 ehtoa muutetaan siten, ett\u00e4 se t\u00e4ytt\u00e4\u00e4 tarkoituksensa mahdollisimman suuressa m\u00e4\u00e4rin ja on lain mukainen ja p\u00e4tev\u00e4. Kaikki muut k\u00e4ytt\u00f6ehtoasiakirjan m\u00e4\u00e4r\u00e4ykset pysyv\u00e4t t\u00e4ysin voimassa.<\/p>\n<p><strong>Oikeuksista luopuminen<\/strong><\/p>\n<p>Ellei t\u00e4ss\u00e4 asiakirjassa toisin mainita, niin mink\u00e4\u00e4n t\u00e4ss\u00e4 mainitun oikeuden k\u00e4ytt\u00e4m\u00e4tt\u00e4 j\u00e4tt\u00e4minen ei tarkoita, ett\u00e4 samaa oikeutta ei voida k\u00e4ytt\u00e4\u00e4 my\u00f6hemmin.<\/p>\n<p><strong>K\u00e4ytt\u00f6ehtojen muutokset<\/strong><\/p>\n<p>Pid\u00e4t\u00e4mme oikeuden muuttaa n\u00e4it\u00e4 ehtoja milloin tahansa harkintamme perusteella. Jos muutos on olennainen, teemme parhaamme ilmoittaaksemme siit\u00e4 v\u00e4hint\u00e4\u00e4n 30 p\u00e4iv\u00e4\u00e4 ennen sen voimaantuloa.<\/p>\n<p>Se, mik\u00e4 on olennainen muutos, p\u00e4\u00e4tet\u00e4\u00e4n meid\u00e4n oman harkintamme mukaan.<\/p>\n<p>Jatkamallasi palveluidemme k\u00e4ytt\u00f6\u00e4 n\u00e4iden muutosten voimaantulon j\u00e4lkeen hyv\u00e4ksyt muutetut ehdot. Jos et hyv\u00e4ksy uusia ehtoja kokonaan tai osittain, pyyd\u00e4mme lopettamaan verkkosivustomme ja palvelumme k\u00e4ytt\u00f6.<\/p>\n<p><strong>P\u00e4\u00e4syn keskeytt\u00e4minen<\/strong><\/p>\n<p>Jos rikot t\u00e4ss\u00e4 asiakirjassa esitettyj\u00e4 ehtoja, voimme v\u00e4litt\u00f6m\u00e4sti est\u00e4\u00e4 p\u00e4\u00e4sysi sivustollemme ja palveluihimme. T\u00e4ss\u00e4 tapauksessa emme ole velvollisia ilmoittamaan siit\u00e4 sinulle. Jos p\u00e4\u00e4sy keskeytet\u00e4\u00e4n, menet\u00e4t v\u00e4litt\u00f6m\u00e4sti oikeuden k\u00e4ytt\u00e4\u00e4 palveluitamme.<\/p>\n<p><strong>Tietosuojaehdot<\/strong><\/p>\n<p>Tarkistaaksesi yksityisyytt\u00e4si koskevat s\u00e4\u00e4nn\u00f6kset, katso meid\u00e4n <a href=\"https:\/\/maikrahv.ee\/privaatsuspoliitika\/\">tietosuojaehtoja<\/a>.<\/p>\n<p><strong>Sovellettava laki<\/strong><\/p>\n<p>Kaikkiin Maikrahv ravintolan (Laagna Invest O\u00dc) verkkosivustoon liittyviin vaatimuksiin sovelletaan Viron tasavallan lakia.<\/p>\n<p><strong>Yhteystiedot<\/strong><\/p>\n<p>Jos sinulla on kysytt\u00e4v\u00e4\u00e4, ota meihin yhteytt\u00e4 s\u00e4hk\u00f6postilla: reserve@maikrahv.ee tai soita numeroon: +372 5455 0534.<\/p>\n<p>Maikrahv ravintola (Laagna Invest O\u00dc) pid\u00e4tt\u00e4\u00e4 oikeuden tehd\u00e4 tarvittaessa muutoksia verkkosivuston k\u00e4ytt\u00f6ehtoihin.<\/p>\n<p>Viimeksi p\u00e4ivitetty 5.8.2022<\/p>\n<p>&nbsp;<\/p>\n","protected":false},"excerpt":{"rendered":"<p>K\u00e4ytt\u00f6ehdot Vierailemalla maikrahv.ee\u00a0 -sivustolla sitoudut noudattamaan t\u00e4ss\u00e4 asiakirjassa esitettyj\u00e4 k\u00e4ytt\u00f6ehtoja. Jos et hyv\u00e4ksy k\u00e4ytt\u00f6ehtoja, poistu verkkosivustolta v\u00e4litt\u00f6m\u00e4sti. T\u00e4m\u00e4n sivuston aineisto [&hellip;]<\/p>\n","protected":false},"author":3,"featured_media":0,"parent":0,"menu_order":0,"comment_status":"closed","ping_status":"closed","template":"","meta":{"site-sidebar-layout":"default","site-content-layout":"default","ast-site-content-layout":"default","site-content-style":"default","site-sidebar-style":"default","ast-global-header-display":"","ast-banner-title-visibility":"","ast-main-header-display":"","ast-hfb-above-header-display":"","ast-hfb-below-header-display":"","ast-hfb-mobile-header-display":"","site-post-title":"","ast-breadcrumbs-content":"","ast-featured-img":"","footer-sml-layout":"","ast-disable-related-posts":"","theme-transparent-header-meta":"default","adv-header-id-meta":"","stick-header-meta":"default","header-above-stick-meta":"","header-main-stick-meta":"","header-below-stick-meta":"","astra-migrate-meta-layouts":"default","ast-page-background-enabled":"default","ast-page-background-meta":{"desktop":{"background-color":"","background-image":"","background-repeat":"repeat","background-position":"center center","background-size":"auto","background-attachment":"scroll","background-type":"","background-media":"","overlay-type":"","overlay-color":"","overlay-opacity":"","overlay-gradient":""},"tablet":{"background-color":"","background-image":"","background-repeat":"repeat","background-position":"center center","background-size":"auto","background-attachment":"scroll","background-type":"","background-media":"","overlay-type":"","overlay-color":"","overlay-opacity":"","overlay-gradient":""},"mobile":{"background-color":"","background-image":"","background-repeat":"repeat","background-position":"center center","background-size":"auto","background-attachment":"scroll","background-type":"","background-media":"","overlay-type":"","overlay-color":"","overlay-opacity":"","overlay-gradient":""}},"ast-content-background-meta":{"desktop":{"background-color":"var(--ast-global-color-5)","background-image":"","background-repeat":"repeat","background-position":"center center","background-size":"auto","background-attachment":"scroll","background-type":"","background-media":"","overlay-type":"","overlay-color":"","overlay-opacity":"","overlay-gradient":""},"tablet":{"background-color":"var(--ast-global-color-5)","background-image":"","background-repeat":"repeat","background-position":"center center","background-size":"auto","background-attachment":"scroll","background-type":"","background-media":"","overlay-type":"","overlay-color":"","overlay-opacity":"","overlay-gradient":""},"mobile":{"background-color":"var(--ast-global-color-5)","background-image":"","background-repeat":"repeat","background-position":"center center","background-size":"auto","background-attachment":"scroll","background-type":"","background-media":"","overlay-type":"","overlay-color":"","overlay-opacity":"","overlay-gradient":""}},"footnotes":""},"class_list":["post-2282","page","type-page","status-publish","hentry"],"_links":{"self":[{"href":"https:\/\/maikrahv.ee\/fi\/wp-json\/wp\/v2\/pages\/2282","targetHints":{"allow":["GET"]}}],"collection":[{"href":"https:\/\/maikrahv.ee\/fi\/wp-json\/wp\/v2\/pages"}],"about":[{"href":"https:\/\/maikrahv.ee\/fi\/wp-json\/wp\/v2\/types\/page"}],"author":[{"embeddable":true,"href":"https:\/\/maikrahv.ee\/fi\/wp-json\/wp\/v2\/users\/3"}],"replies":[{"embeddable":true,"href":"https:\/\/maikrahv.ee\/fi\/wp-json\/wp\/v2\/comments?post=2282"}],"version-history":[{"count":2,"href":"https:\/\/maikrahv.ee\/fi\/wp-json\/wp\/v2\/pages\/2282\/revisions"}],"predecessor-version":[{"id":2441,"href":"https:\/\/maikrahv.ee\/fi\/wp-json\/wp\/v2\/pages\/2282\/revisions\/2441"}],"wp:attachment":[{"href":"https:\/\/maikrahv.ee\/fi\/wp-json\/wp\/v2\/media?parent=2282"}],"curies":[{"name":"wp","href":"https:\/\/api.w.org\/{rel}","templated":true}]}}