{"id":4223,"date":"2024-06-02T16:50:51","date_gmt":"2024-06-02T16:50:51","guid":{"rendered":"https:\/\/maikrahv.ee\/?page_id=4223"},"modified":"2025-11-25T11:28:41","modified_gmt":"2025-11-25T11:28:41","slug":"menu","status":"publish","type":"page","link":"https:\/\/maikrahv.ee\/en\/menu\/","title":{"rendered":"Menu"},"content":{"rendered":"\t\t<div data-elementor-type=\"wp-page\" data-elementor-id=\"4223\" class=\"elementor elementor-4223 elementor-3532\">\n\t\t\t\t\t\t<section class=\"elementor-section elementor-top-section elementor-element elementor-element-0a3da3b elementor-section-boxed elementor-section-height-default elementor-section-height-default\" data-id=\"0a3da3b\" data-element_type=\"section\" data-e-type=\"section\" data-settings=\"{&quot;background_background&quot;:&quot;classic&quot;}\">\n\t\t\t\t\t\t<div class=\"elementor-container elementor-column-gap-default\">\n\t\t\t\t\t<div class=\"elementor-column elementor-col-100 elementor-top-column elementor-element elementor-element-5bc441c\" data-id=\"5bc441c\" data-element_type=\"column\" data-e-type=\"column\">\n\t\t\t<div class=\"elementor-widget-wrap elementor-element-populated\">\n\t\t\t\t\t\t<div class=\"elementor-element elementor-element-16224e3 elementor-widget elementor-widget-text-editor\" data-id=\"16224e3\" data-element_type=\"widget\" data-e-type=\"widget\" data-widget_type=\"text-editor.default\">\n\t\t\t\t<div class=\"elementor-widget-container\">\n\t\t\t\t\t\t\t\t\t<h1 style=\"text-align: center;\">Menu<\/h1><p style=\"text-align: center;\">We welcome all city councilmen, elegant ladies, and foreign visitors to our restaurant!<\/p><p style=\"text-align: center;\">We will treat you to the best food and ensure that the esteemed guests of Maikrahv feel good throughout the evening.<\/p><p style=\"text-align: center;\"><strong>We offer A la Carte menu on Saturdays and Sundays! You can order on the spot!<\/strong><\/p><p style=\"text-align: center;\"><span style=\"text-decoration: underline;\">Book a table<\/span><\/p>\t\t\t\t\t\t\t\t<\/div>\n\t\t\t\t<\/div>\n\t\t\t\t\t<\/div>\n\t\t<\/div>\n\t\t\t\t\t<\/div>\n\t\t<\/section>\n\t\t\t\t<section class=\"elementor-section elementor-top-section elementor-element elementor-element-a8d9c53 elementor-section-boxed elementor-section-height-default elementor-section-height-default\" data-id=\"a8d9c53\" data-element_type=\"section\" data-e-type=\"section\">\n\t\t\t\t\t\t<div class=\"elementor-container elementor-column-gap-default\">\n\t\t\t\t\t<div class=\"elementor-column elementor-col-25 elementor-top-column elementor-element elementor-element-3f186d8\" data-id=\"3f186d8\" data-element_type=\"column\" data-e-type=\"column\">\n\t\t\t<div class=\"elementor-widget-wrap elementor-element-populated\">\n\t\t\t\t\t\t<div class=\"elementor-element elementor-element-247b5eb8 elementor-widget elementor-widget-text-editor\" data-id=\"247b5eb8\" data-element_type=\"widget\" data-e-type=\"widget\" data-widget_type=\"text-editor.default\">\n\t\t\t\t<div class=\"elementor-widget-container\">\n\t\t\t\t\t\t\t\t\t<h2 style=\"text-align: center;\">Welcome!<\/h2>\t\t\t\t\t\t\t\t<\/div>\n\t\t\t\t<\/div>\n\t\t\t\t\t<\/div>\n\t\t<\/div>\n\t\t\t\t<div class=\"elementor-column elementor-col-25 elementor-top-column elementor-element elementor-element-39dee5a\" data-id=\"39dee5a\" data-element_type=\"column\" data-e-type=\"column\">\n\t\t\t<div class=\"elementor-widget-wrap elementor-element-populated\">\n\t\t\t\t\t\t<div class=\"elementor-element elementor-element-01b1e7e elementor-align-justify elementor-widget elementor-widget-button\" data-id=\"01b1e7e\" data-element_type=\"widget\" data-e-type=\"widget\" data-widget_type=\"button.default\">\n\t\t\t\t<div class=\"elementor-widget-container\">\n\t\t\t\t\t\t\t\t\t<div class=\"elementor-button-wrapper\">\n\t\t\t\t\t<a class=\"elementor-button elementor-button-link elementor-size-sm\" href=\"https:\/\/maikrahv.ee\/en\/menu\/group-menu\/\">\n\t\t\t\t\t\t<span class=\"elementor-button-content-wrapper\">\n\t\t\t\t\t\t\t\t\t<span class=\"elementor-button-text\">Group Menu<\/span>\n\t\t\t\t\t<\/span>\n\t\t\t\t\t<\/a>\n\t\t\t\t<\/div>\n\t\t\t\t\t\t\t\t<\/div>\n\t\t\t\t<\/div>\n\t\t\t\t\t<\/div>\n\t\t<\/div>\n\t\t\t\t<div class=\"elementor-column elementor-col-25 elementor-top-column elementor-element elementor-element-134a131\" data-id=\"134a131\" data-element_type=\"column\" data-e-type=\"column\">\n\t\t\t<div class=\"elementor-widget-wrap elementor-element-populated\">\n\t\t\t\t\t\t<div class=\"elementor-element elementor-element-b8f68c4 elementor-align-justify elementor-widget elementor-widget-button\" data-id=\"b8f68c4\" data-element_type=\"widget\" data-e-type=\"widget\" data-widget_type=\"button.default\">\n\t\t\t\t<div class=\"elementor-widget-container\">\n\t\t\t\t\t\t\t\t\t<div class=\"elementor-button-wrapper\">\n\t\t\t\t\t<a class=\"elementor-button elementor-button-link elementor-size-sm\" href=\"https:\/\/maikrahv.ee\/en\/menu\/christmas-menu-tallinn-restaurant-maikrahv\/\">\n\t\t\t\t\t\t<span class=\"elementor-button-content-wrapper\">\n\t\t\t\t\t\t\t\t\t<span class=\"elementor-button-text\">Christmas Menu<\/span>\n\t\t\t\t\t<\/span>\n\t\t\t\t\t<\/a>\n\t\t\t\t<\/div>\n\t\t\t\t\t\t\t\t<\/div>\n\t\t\t\t<\/div>\n\t\t\t\t\t<\/div>\n\t\t<\/div>\n\t\t\t\t<div class=\"elementor-column elementor-col-25 elementor-top-column elementor-element elementor-element-c4083fb\" data-id=\"c4083fb\" data-element_type=\"column\" data-e-type=\"column\">\n\t\t\t<div class=\"elementor-widget-wrap elementor-element-populated\">\n\t\t\t\t\t\t<div class=\"elementor-element elementor-element-43744864 elementor-align-justify elementor-widget elementor-widget-button\" data-id=\"43744864\" data-element_type=\"widget\" data-e-type=\"widget\" data-widget_type=\"button.default\">\n\t\t\t\t<div class=\"elementor-widget-container\">\n\t\t\t\t\t\t\t\t\t<div class=\"elementor-button-wrapper\">\n\t\t\t\t\t<a class=\"elementor-button elementor-button-link elementor-size-sm\" href=\"https:\/\/maikrahv.ee\/en\/contacts\/\">\n\t\t\t\t\t\t<span class=\"elementor-button-content-wrapper\">\n\t\t\t\t\t\t\t\t\t<span class=\"elementor-button-text\">Book Your Table<\/span>\n\t\t\t\t\t<\/span>\n\t\t\t\t\t<\/a>\n\t\t\t\t<\/div>\n\t\t\t\t\t\t\t\t<\/div>\n\t\t\t\t<\/div>\n\t\t\t\t\t<\/div>\n\t\t<\/div>\n\t\t\t\t\t<\/div>\n\t\t<\/section>\n\t\t\t\t<section class=\"elementor-section elementor-top-section elementor-element elementor-element-adebd3a elementor-section-boxed elementor-section-height-default elementor-section-height-default\" data-id=\"adebd3a\" data-element_type=\"section\" data-e-type=\"section\">\n\t\t\t\t\t\t<div class=\"elementor-container elementor-column-gap-default\">\n\t\t\t\t\t<div class=\"elementor-column elementor-col-100 elementor-top-column elementor-element elementor-element-0701ba6\" data-id=\"0701ba6\" data-element_type=\"column\" data-e-type=\"column\">\n\t\t\t<div class=\"elementor-widget-wrap elementor-element-populated\">\n\t\t\t\t\t\t<div class=\"elementor-element elementor-element-163f904 elementor-widget elementor-widget-text-editor\" data-id=\"163f904\" data-element_type=\"widget\" data-e-type=\"widget\" data-widget_type=\"text-editor.default\">\n\t\t\t\t<div class=\"elementor-widget-container\">\n\t\t\t\t\t\t\t\t\t<h2 class=\"p1\" style=\"text-align: center;\"><span class=\"s1\">\ud83c\udff0<\/span> Feast of Maikrahv <span class=\"s1\">\ud83c\udff0<\/span><\/h2><h5 class=\"p1\" style=\"text-align: center;\">A Medieval Banquet for Weary Travelers and Noble Guests<\/h5><h6 class=\"p2\" style=\"text-align: center;\"><span class=\"s2\">\ud83c\udf43<\/span> To Awaken the Appetite<\/h6><p class=\"p3\" style=\"text-align: center;\">Fresh garden salad with basil dressing 9\u20ac<\/p><p class=\"p3\" style=\"text-align: center;\">Garlic bread with herb sauce 7\u20ac<\/p><p class=\"p3\" style=\"text-align: center;\">Crispy potato fries with a creamy dip 7\u20ac<\/p><p class=\"p3\" style=\"text-align: center;\">Cheese balls with garlic sauce 8\u20ac<\/p><p class=\"p3\" style=\"text-align: center;\">Chicken wings with sweet chili sauce 9\u20ac<\/p><p class=\"p3\" style=\"text-align: center;\">Thinly sliced beef \u2013 Carpaccio 10\u20ac<\/p><p style=\"text-align: center;\">Creamy Wild Mushroom Soup 9\u20ac<\/p><h6 class=\"p2\" style=\"text-align: center;\"><span class=\"s2\">\ud83c\udf57<\/span> For the Hearty Feast<\/h6><p class=\"p3\" style=\"text-align: center;\">Hot-smoked salmon with Caesar salad and roasted potatoes 22\u20ac<\/p><p class=\"p3\" style=\"text-align: center;\">Duck breast with potato gratin, sugar snap peas, and cherry sauce 24\u20ac<\/p><p class=\"p3\" style=\"text-align: center;\">Risotto with truffle cream and shimeji mushrooms 19\u20ac<\/p><p class=\"p3\" style=\"text-align: center;\">Pork shank with oven-baked potatoes, braised sauerkraut, and mustard sauce 22\u20ac<\/p><h6 class=\"p2\" style=\"text-align: center;\"><span class=\"s2\">\ud83c\udf6e<\/span> To Sweeten the Ending<\/h6><p class=\"p3\" style=\"text-align: center;\">Chocolate fondant with vanilla ice cream and berry sauce 8\u20ac<\/p><p class=\"p3\" style=\"text-align: center;\">Cr\u00e8me br\u00fbl\u00e9e crowned with wine-poached pear 8\u20ac<\/p>\t\t\t\t\t\t\t\t<\/div>\n\t\t\t\t<\/div>\n\t\t\t\t\t<\/div>\n\t\t<\/div>\n\t\t\t\t\t<\/div>\n\t\t<\/section>\n\t\t\t\t<section class=\"elementor-section elementor-top-section elementor-element elementor-element-602c0cd elementor-section-boxed elementor-section-height-default elementor-section-height-default\" data-id=\"602c0cd\" data-element_type=\"section\" data-e-type=\"section\" data-settings=\"{&quot;background_background&quot;:&quot;classic&quot;}\">\n\t\t\t\t\t\t<div class=\"elementor-container elementor-column-gap-default\">\n\t\t\t\t\t<div class=\"elementor-column elementor-col-100 elementor-top-column elementor-element elementor-element-b2b2574\" data-id=\"b2b2574\" data-element_type=\"column\" data-e-type=\"column\">\n\t\t\t<div class=\"elementor-widget-wrap elementor-element-populated\">\n\t\t\t\t\t\t<div class=\"elementor-element elementor-element-e47a492 elementor-widget elementor-widget-text-editor\" data-id=\"e47a492\" data-element_type=\"widget\" data-e-type=\"widget\" data-widget_type=\"text-editor.default\">\n\t\t\t\t<div class=\"elementor-widget-container\">\n\t\t\t\t\t\t\t\t\t<p style=\"text-align: center;\"><strong>\ud83d\udc51 May your belly be full and your spirit merry \u2013 let the feast be as grand as a royal celebration!<\/strong><\/p>\t\t\t\t\t\t\t\t<\/div>\n\t\t\t\t<\/div>\n\t\t\t\t\t<\/div>\n\t\t<\/div>\n\t\t\t\t\t<\/div>\n\t\t<\/section>\n\t\t\t\t<\/div>\n\t\t","protected":false},"excerpt":{"rendered":"<p>Menu We welcome all city councilmen, elegant ladies, and foreign visitors to our restaurant! We will treat you to the [&hellip;]<\/p>\n","protected":false},"author":2,"featured_media":0,"parent":0,"menu_order":0,"comment_status":"closed","ping_status":"closed","template":"","meta":{"site-sidebar-layout":"no-sidebar","site-content-layout":"page-builder","ast-site-content-layout":"full-width-container","site-content-style":"default","site-sidebar-style":"default","ast-global-header-display":"","ast-banner-title-visibility":"","ast-main-header-display":"","ast-hfb-above-header-display":"","ast-hfb-below-header-display":"","ast-hfb-mobile-header-display":"","site-post-title":"disabled","ast-breadcrumbs-content":"","ast-featured-img":"disabled","footer-sml-layout":"","ast-disable-related-posts":"","theme-transparent-header-meta":"default","adv-header-id-meta":"","stick-header-meta":"default","header-above-stick-meta":"","header-main-stick-meta":"","header-below-stick-meta":"","astra-migrate-meta-layouts":"set","ast-page-background-enabled":"default","ast-page-background-meta":{"desktop":{"background-color":"","background-image":"","background-repeat":"repeat","background-position":"center center","background-size":"auto","background-attachment":"scroll","background-type":"","background-media":"","overlay-type":"","overlay-color":"","overlay-opacity":"","overlay-gradient":""},"tablet":{"background-color":"","background-image":"","background-repeat":"repeat","background-position":"center center","background-size":"auto","background-attachment":"scroll","background-type":"","background-media":"","overlay-type":"","overlay-color":"","overlay-opacity":"","overlay-gradient":""},"mobile":{"background-color":"","background-image":"","background-repeat":"repeat","background-position":"center center","background-size":"auto","background-attachment":"scroll","background-type":"","background-media":"","overlay-type":"","overlay-color":"","overlay-opacity":"","overlay-gradient":""}},"ast-content-background-meta":{"desktop":{"background-color":"var(--ast-global-color-5)","background-image":"","background-repeat":"repeat","background-position":"center center","background-size":"auto","background-attachment":"scroll","background-type":"","background-media":"","overlay-type":"","overlay-color":"","overlay-opacity":"","overlay-gradient":""},"tablet":{"background-color":"var(--ast-global-color-5)","background-image":"","background-repeat":"repeat","background-position":"center center","background-size":"auto","background-attachment":"scroll","background-type":"","background-media":"","overlay-type":"","overlay-color":"","overlay-opacity":"","overlay-gradient":""},"mobile":{"background-color":"var(--ast-global-color-5)","background-image":"","background-repeat":"repeat","background-position":"center center","background-size":"auto","background-attachment":"scroll","background-type":"","background-media":"","overlay-type":"","overlay-color":"","overlay-opacity":"","overlay-gradient":""}},"footnotes":""},"class_list":["post-4223","page","type-page","status-publish","hentry"],"_links":{"self":[{"href":"https:\/\/maikrahv.ee\/en\/wp-json\/wp\/v2\/pages\/4223","targetHints":{"allow":["GET"]}}],"collection":[{"href":"https:\/\/maikrahv.ee\/en\/wp-json\/wp\/v2\/pages"}],"about":[{"href":"https:\/\/maikrahv.ee\/en\/wp-json\/wp\/v2\/types\/page"}],"author":[{"embeddable":true,"href":"https:\/\/maikrahv.ee\/en\/wp-json\/wp\/v2\/users\/2"}],"replies":[{"embeddable":true,"href":"https:\/\/maikrahv.ee\/en\/wp-json\/wp\/v2\/comments?post=4223"}],"version-history":[{"count":86,"href":"https:\/\/maikrahv.ee\/en\/wp-json\/wp\/v2\/pages\/4223\/revisions"}],"predecessor-version":[{"id":6721,"href":"https:\/\/maikrahv.ee\/en\/wp-json\/wp\/v2\/pages\/4223\/revisions\/6721"}],"wp:attachment":[{"href":"https:\/\/maikrahv.ee\/en\/wp-json\/wp\/v2\/media?parent=4223"}],"curies":[{"name":"wp","href":"https:\/\/api.w.org\/{rel}","templated":true}]}}